{"id":17689,"date":"2026-03-11T23:43:32","date_gmt":"2026-03-11T22:43:32","guid":{"rendered":"https:\/\/parapharmacieenligne.ma\/?post_type=product&#038;p=17689"},"modified":"2026-03-30T20:59:03","modified_gmt":"2026-03-30T18:59:03","slug":"ducray-keracnyl-gel-moussant-200-ml","status":"publish","type":"product","link":"https:\/\/parapharmacieenligne.ma\/en\/product\/ducray-keracnyl-gel-moussant-200-ml\/","title":{"rendered":"DUCRAY KERACNYL GEL MOUSSANT 200 ML"},"content":{"rendered":"<p>\u2022 Le gel moussant KERACNYL est un nettoyant visage &amp; corps quotidien adapt\u00e9 pour l\u2019hygi\u00e8ne des peaux grasses et\/ou \u00e0 tendance acn\u00e9ique des adolescents comme des adultes<br \/>\n\u2022 Peut-\u00eatre utilis\u00e9 chez les pr\u00e9-adolescents \u00e0 partir de 9 ans<br \/>\n\u2022 D\u00e8s 7 jours, il contribue \u00e0 diminuer les imperfections*<br \/>\n\u2022 Formul\u00e9 sans savon, il nettoie et purifie en douceur le visage et le corps<br \/>\n\u2022 Test\u00e9 en association avec les traitements topiques et oraux<br \/>\n\u2022 Tr\u00e8s bonne tol\u00e9rance cutan\u00e9e<\/p>\n<p>Conseils d&rsquo;utilisation:<\/p>\n<p>\u2022 Appliquer matin et soir sur peau humidifi\u00e9e<br \/>\n\u2022 Faire mousser<br \/>\n\u2022 Rincer abondamment<br \/>\n\u2022 Peut-\u00eatre utilis\u00e9 chez les pr\u00e9-adolescents \u00e0 partir de 9 ans<\/p>","protected":false},"excerpt":{"rendered":"<p>\u2022 Le gel moussant KERACNYL est un nettoyant visage &amp; corps quotidien adapt\u00e9 pour l\u2019hygi\u00e8ne des peaux grasses et\/ou \u00e0 tendance acn\u00e9ique&hellip;<\/p>","protected":false},"featured_media":17688,"comment_status":"open","ping_status":"closed","template":"","meta":[],"product_cat":[206,83],"product_tag":[],"yith_product_brand":[164],"class_list":{"0":"post-17689","1":"product","2":"type-product","3":"status-publish","4":"has-post-thumbnail","6":"product_cat-acne","7":"product_cat-soins-visage","8":"yith_product_brand-ducray","10":"first","11":"instock","12":"sale","13":"shipping-taxable","14":"purchasable","15":"product-type-simple"},"_links":{"self":[{"href":"https:\/\/parapharmacieenligne.ma\/en\/wp-json\/wp\/v2\/product\/17689","targetHints":{"allow":["GET"]}}],"collection":[{"href":"https:\/\/parapharmacieenligne.ma\/en\/wp-json\/wp\/v2\/product"}],"about":[{"href":"https:\/\/parapharmacieenligne.ma\/en\/wp-json\/wp\/v2\/types\/product"}],"replies":[{"embeddable":true,"href":"https:\/\/parapharmacieenligne.ma\/en\/wp-json\/wp\/v2\/comments?post=17689"}],"version-history":[{"count":1,"href":"https:\/\/parapharmacieenligne.ma\/en\/wp-json\/wp\/v2\/product\/17689\/revisions"}],"predecessor-version":[{"id":17690,"href":"https:\/\/parapharmacieenligne.ma\/en\/wp-json\/wp\/v2\/product\/17689\/revisions\/17690"}],"wp:featuredmedia":[{"embeddable":true,"href":"https:\/\/parapharmacieenligne.ma\/en\/wp-json\/wp\/v2\/media\/17688"}],"wp:attachment":[{"href":"https:\/\/parapharmacieenligne.ma\/en\/wp-json\/wp\/v2\/media?parent=17689"}],"wp:term":[{"taxonomy":"product_cat","embeddable":true,"href":"https:\/\/parapharmacieenligne.ma\/en\/wp-json\/wp\/v2\/product_cat?post=17689"},{"taxonomy":"product_tag","embeddable":true,"href":"https:\/\/parapharmacieenligne.ma\/en\/wp-json\/wp\/v2\/product_tag?post=17689"},{"taxonomy":"yith_product_brand","embeddable":true,"href":"https:\/\/parapharmacieenligne.ma\/en\/wp-json\/wp\/v2\/yith_product_brand?post=17689"}],"curies":[{"name":"wp","href":"https:\/\/api.w.org\/{rel}","templated":true}]}}