{"id":17710,"date":"2026-03-12T16:42:16","date_gmt":"2026-03-12T15:42:16","guid":{"rendered":"https:\/\/parapharmacieenligne.ma\/?post_type=product&#038;p=17710"},"modified":"2026-03-12T16:42:26","modified_gmt":"2026-03-12T15:42:26","slug":"ducray-sensinol-shampooing-traitant-demangeaisons-200-ml","status":"publish","type":"product","link":"https:\/\/parapharmacieenligne.ma\/en\/product\/ducray-sensinol-shampooing-traitant-demangeaisons-200-ml\/","title":{"rendered":"DUCRAY SENSINOL SHAMPOOING TRAITANT DEMANGEAISONS 200 ML"},"content":{"rendered":"<p>Parce que les d\u00e9mangeaisons r\u00e9p\u00e9t\u00e9es peuvent se transformer en v\u00e9ritable cycle infernal, Sensinol agit efficacement pour interrompre ce cercle vicieux. Sa formulation douce, sans alcool ni parfum, convient parfaitement \u00e0 tous \u2014 m\u00eame aux cuirs chevelus fragiles, aux femmes enceintes ou allaitantes, aux jeunes enfants (\u00e0 partir de 6 ans) et aux personnes sous traitement anticanc\u00e9reux.<\/p>\n<p>Le shampooing agit comme un v\u00e9ritable bouclier : il apaise, prot\u00e8ge et respecte l\u2019\u00e9quilibre naturel du cuir chevelu. Pratique, il convient \u00e0 tous les types de cheveux, m\u00eame les plus d\u00e9licats. Son pouvoir apaisant est soutenu par des \u00e9tudes dermatologiques et des tests consommateurs montrant une r\u00e9duction significative des d\u00e9mangeaisons d\u00e8s la premi\u00e8re utilisation. En r\u00e9sum\u00e9 : un moment de soulagement, d\u00e8s le rin\u00e7age, et un cuir chevelu apais\u00e9 jour apr\u00e8s jour.<\/p>\n<p>Conseils d\u2019utilisation<br \/>\nApplication : Sur cheveux humides, appliquer une quantit\u00e9 g\u00e9n\u00e9reuse de shampooing Sensinol sur le cuir chevelu.<\/p>\n<p>Masser : Masser d\u00e9licatement pendant une minute pour faire p\u00e9n\u00e9trer l\u2019actif apaisant.<\/p>\n<p>Temps de pause : Laisser agir 2 \u00e0 3 minutes pour maximiser l\u2019effet.<\/p>\n<p>Rin\u00e7age : Rincer abondamment \u00e0 l\u2019eau ti\u00e8de jusqu\u2019\u00e0 \u00e9limination compl\u00e8te du produit.<\/p>\n<p>Fr\u00e9quence : R\u00e9p\u00e9ter l\u2019op\u00e9ration aussi souvent que n\u00e9cessaire ou au moins 3 fois par semaine selon l\u2019intensit\u00e9 des d\u00e9mangeaisons.<\/p>\n<p>Pr\u00e9cautions : En cas de contact avec les yeux, rincer imm\u00e9diatement. Utiliser d\u00e8s l\u2019\u00e2ge de 6 ans, et sans restriction chez les femmes enceintes, allaitantes ou populations fragiles.<\/p>\n<p>Composition<br \/>\nVoici la composition INCI officielle :<br \/>\nWATER (AQUA), SODIUM LAURETH SULFATE, ZINC COCETH SULFATE, CETEARETH-60 MYRISTYL GLYCOL, LAURETH-9, COCO-GLUCOSIDE, 1,2-HEXANEDIOL, CAPRYLYL GLYCOL, CITRIC ACID, DISODIUM EDTA, HYDROXYPROPYL GUAR HYDROXYPROPYLTRIMONIUM CHLORIDE, SODIUM CHLORIDE, SODIUM HYDROXIDE, POLIDOCANOL<\/p>","protected":false},"excerpt":{"rendered":"<p>Parce que les d\u00e9mangeaisons r\u00e9p\u00e9t\u00e9es peuvent se transformer en v\u00e9ritable cycle infernal, Sensinol agit efficacement pour interrompre ce cercle vicieux. Sa formulation&hellip;<\/p>","protected":false},"featured_media":17709,"comment_status":"open","ping_status":"closed","template":"","meta":[],"product_cat":[84],"product_tag":[],"yith_product_brand":[164],"class_list":{"0":"post-17710","1":"product","2":"type-product","3":"status-publish","4":"has-post-thumbnail","6":"product_cat-soins-cheveux","7":"yith_product_brand-ducray","9":"first","10":"instock","11":"sale","12":"shipping-taxable","13":"purchasable","14":"product-type-simple"},"_links":{"self":[{"href":"https:\/\/parapharmacieenligne.ma\/en\/wp-json\/wp\/v2\/product\/17710","targetHints":{"allow":["GET"]}}],"collection":[{"href":"https:\/\/parapharmacieenligne.ma\/en\/wp-json\/wp\/v2\/product"}],"about":[{"href":"https:\/\/parapharmacieenligne.ma\/en\/wp-json\/wp\/v2\/types\/product"}],"replies":[{"embeddable":true,"href":"https:\/\/parapharmacieenligne.ma\/en\/wp-json\/wp\/v2\/comments?post=17710"}],"version-history":[{"count":1,"href":"https:\/\/parapharmacieenligne.ma\/en\/wp-json\/wp\/v2\/product\/17710\/revisions"}],"predecessor-version":[{"id":17711,"href":"https:\/\/parapharmacieenligne.ma\/en\/wp-json\/wp\/v2\/product\/17710\/revisions\/17711"}],"wp:featuredmedia":[{"embeddable":true,"href":"https:\/\/parapharmacieenligne.ma\/en\/wp-json\/wp\/v2\/media\/17709"}],"wp:attachment":[{"href":"https:\/\/parapharmacieenligne.ma\/en\/wp-json\/wp\/v2\/media?parent=17710"}],"wp:term":[{"taxonomy":"product_cat","embeddable":true,"href":"https:\/\/parapharmacieenligne.ma\/en\/wp-json\/wp\/v2\/product_cat?post=17710"},{"taxonomy":"product_tag","embeddable":true,"href":"https:\/\/parapharmacieenligne.ma\/en\/wp-json\/wp\/v2\/product_tag?post=17710"},{"taxonomy":"yith_product_brand","embeddable":true,"href":"https:\/\/parapharmacieenligne.ma\/en\/wp-json\/wp\/v2\/yith_product_brand?post=17710"}],"curies":[{"name":"wp","href":"https:\/\/api.w.org\/{rel}","templated":true}]}}