{"id":17713,"date":"2026-03-12T16:42:34","date_gmt":"2026-03-12T15:42:34","guid":{"rendered":"https:\/\/parapharmacieenligne.ma\/?post_type=product&#038;p=17713"},"modified":"2026-03-12T16:42:45","modified_gmt":"2026-03-12T15:42:45","slug":"ducray-sensinol-sos-spray-pics-de-demangeaisons-30-ml","status":"publish","type":"product","link":"https:\/\/parapharmacieenligne.ma\/en\/product\/ducray-sensinol-sos-spray-pics-de-demangeaisons-30-ml\/","title":{"rendered":"DUCRAY SENSINOL SOS SPRAY PICS DE DEMANGEAISONS 30 ML"},"content":{"rendered":"<p>Sa formule minimaliste, compos\u00e9e de seulement 8 ingr\u00e9dients, mise sur l\u2019efficacit\u00e9 et la tol\u00e9rance. Elle est sans alcool, sans parfum, ce qui limite les risques d\u2019irritation ou de r\u00e9action ind\u00e9sirable. L\u2019association exclusive de N\u00e9flier du Japon (Eriobotrya Japonica), qui inhibe la neuro-inflammation, avec du Polidocanol anti-prurigineux, permet d\u2019apaiser l\u2019envie de gratter en profondeur. Le format spray sans rin\u00e7age est un vrai plus : vous pouvez l\u2019appliquer \u00e0 tout moment, m\u00eame \u00e0 l\u2019ext\u00e9rieur, sans devoir rincer.<\/p>\n<p>L\u00e9g\u00e8re, elle ne graisse pas le cuir chevelu ni les cheveux, et ne pique pas les yeux, ce qui garantit une excellente tol\u00e9rance. Elle est utilisable par un large public : femmes enceintes, jeunes mamans, seniors, adolescents, ou encore personnes en post-traitement anti-canc\u00e9reux, pour qui le cuir chevelu est souvent fragilis\u00e9.<\/p>\n<p>Ce soin cible les cuirs chevelus sensibles, fragiles ou sujets aux d\u00e9mangeaisons, qu\u2019ils soient normaux ou alt\u00e9r\u00e9s par des agressions : stress, pollution, variation de temp\u00e9rature, colorations, traitements capillaires inadapt\u00e9s, s\u00e9cheresse, chute, traction\u2026 Il vise \u00e0 apporter apaisement, diminution des irritations et soulagement, durablement.<\/p>\n<p>Test\u00e9 sous contr\u00f4le dermatologique, ce spray permet de calmer 100 % des pics de d\u00e9mangeaisons d\u00e8s application\u00b9, avec une efficacit\u00e9 durable pouvant se maintenir jusqu\u2019\u00e0 un mois. Il laisse le cuir chevelu hydrat\u00e9, sans effet gras, pour 100 % des utilisateurs \u00e9valu\u00e9s\u00b2.<\/p>\n<p>\u00b9 Auto\u00e9valuation par 35 patients.<br \/>\n\u00b2 Questionnaire aupr\u00e8s de 35 patients apr\u00e8s 21 jours d\u2019utilisation.<\/p>\n<p>Fabriqu\u00e9 en France, il s\u2019int\u00e8gre parfaitement dans une routine capillaire douce et s\u00e9curis\u00e9e, surtout pour les peaux sensibles.<\/p>\n<p>Conseils d\u2019utilisation<br \/>\nAgitez l\u00e9g\u00e8rement l\u2019emballage avant usage.<\/p>\n<p>Pulv\u00e9risez le spray directement sur le cuir chevelu sec ou l\u00e9g\u00e8rement humide, en insistant sur les zones qui d\u00e9mangent (environ 15 pulv\u00e9risations r\u00e9parties).<\/p>\n<p>Massez doucement le cuir chevelu du bout des doigts pour bien r\u00e9partir le produit.<\/p>\n<p>Ne rincez pas \u2014 c\u2019est une solution \u00ab leave-on \u00bb, sans rin\u00e7age. <\/p>\n<p>Utilisez autant de fois que n\u00e9cessaire, id\u00e9alement une fois par jour pendant 7 jours pour une \u00ab mini-cure \u00bb, de pr\u00e9f\u00e9rence le soir. En cas de contact avec les yeux, rincez imm\u00e9diatement \u00e0 l\u2019eau claire.<\/p>\n<p>En cas d\u2019irritation persistante ou si vous avez des doutes (notamment en cas de pathologie cutan\u00e9e associ\u00e9e), consultez un professionnel de sant\u00e9.<\/p>\n<p>Composition<br \/>\nWater (Aqua), Pentylene Glycol, Polyglyceryl-4 Caprate, Laureth-9, Citric Acid, Eriobotrya Japonica Leaf Extract, Sodium Benzoate, Sodium Phytate<\/p>","protected":false},"excerpt":{"rendered":"<p>Sa formule minimaliste, compos\u00e9e de seulement 8 ingr\u00e9dients, mise sur l\u2019efficacit\u00e9 et la tol\u00e9rance. Elle est sans alcool, sans parfum, ce qui&hellip;<\/p>","protected":false},"featured_media":17712,"comment_status":"open","ping_status":"closed","template":"","meta":[],"product_cat":[84],"product_tag":[],"yith_product_brand":[164],"class_list":{"0":"post-17713","1":"product","2":"type-product","3":"status-publish","4":"has-post-thumbnail","6":"product_cat-soins-cheveux","7":"yith_product_brand-ducray","9":"first","10":"instock","11":"sale","12":"shipping-taxable","13":"purchasable","14":"product-type-simple"},"_links":{"self":[{"href":"https:\/\/parapharmacieenligne.ma\/en\/wp-json\/wp\/v2\/product\/17713","targetHints":{"allow":["GET"]}}],"collection":[{"href":"https:\/\/parapharmacieenligne.ma\/en\/wp-json\/wp\/v2\/product"}],"about":[{"href":"https:\/\/parapharmacieenligne.ma\/en\/wp-json\/wp\/v2\/types\/product"}],"replies":[{"embeddable":true,"href":"https:\/\/parapharmacieenligne.ma\/en\/wp-json\/wp\/v2\/comments?post=17713"}],"version-history":[{"count":1,"href":"https:\/\/parapharmacieenligne.ma\/en\/wp-json\/wp\/v2\/product\/17713\/revisions"}],"predecessor-version":[{"id":17714,"href":"https:\/\/parapharmacieenligne.ma\/en\/wp-json\/wp\/v2\/product\/17713\/revisions\/17714"}],"wp:featuredmedia":[{"embeddable":true,"href":"https:\/\/parapharmacieenligne.ma\/en\/wp-json\/wp\/v2\/media\/17712"}],"wp:attachment":[{"href":"https:\/\/parapharmacieenligne.ma\/en\/wp-json\/wp\/v2\/media?parent=17713"}],"wp:term":[{"taxonomy":"product_cat","embeddable":true,"href":"https:\/\/parapharmacieenligne.ma\/en\/wp-json\/wp\/v2\/product_cat?post=17713"},{"taxonomy":"product_tag","embeddable":true,"href":"https:\/\/parapharmacieenligne.ma\/en\/wp-json\/wp\/v2\/product_tag?post=17713"},{"taxonomy":"yith_product_brand","embeddable":true,"href":"https:\/\/parapharmacieenligne.ma\/en\/wp-json\/wp\/v2\/yith_product_brand?post=17713"}],"curies":[{"name":"wp","href":"https:\/\/api.w.org\/{rel}","templated":true}]}}