{"id":17737,"date":"2026-03-12T16:54:27","date_gmt":"2026-03-12T15:54:27","guid":{"rendered":"https:\/\/parapharmacieenligne.ma\/?post_type=product&#038;p=17737"},"modified":"2026-03-12T16:54:34","modified_gmt":"2026-03-12T15:54:34","slug":"ducray-sensinol-physio-protective-serum-30-ml","status":"publish","type":"product","link":"https:\/\/parapharmacieenligne.ma\/en\/product\/ducray-sensinol-physio-protective-serum-30-ml\/","title":{"rendered":"DUCRAY SENSINOL PHYSIO PROTECTIVE SERUM 30 ML"},"content":{"rendered":"<p>Le s\u00e9rum apaisant physio-protecteur SENSINOL est un soin apaisant qui soulage instantan\u00e9ment et durablement les d\u00e9mangeaisons intenses des cuirs chevelus tr\u00e8s sensibles \u2022 Une solution sans rin\u00e7age qui ne graisse pas les cheveux et respecte la coloration<\/p>\n<p>Conseils d&rsquo;utilisation :<\/p>\n<p>\u2022 Appliquer sur le cuir chevelu<br \/>\n\u2022 Spray sans rin\u00e7age<\/p>","protected":false},"excerpt":{"rendered":"<p>Le s\u00e9rum apaisant physio-protecteur SENSINOL est un soin apaisant qui soulage instantan\u00e9ment et durablement les d\u00e9mangeaisons intenses des cuirs chevelus tr\u00e8s sensibles&hellip;<\/p>","protected":false},"featured_media":17736,"comment_status":"open","ping_status":"closed","template":"","meta":[],"product_cat":[84],"product_tag":[],"yith_product_brand":[164],"class_list":{"0":"post-17737","1":"product","2":"type-product","3":"status-publish","4":"has-post-thumbnail","6":"product_cat-soins-cheveux","7":"yith_product_brand-ducray","9":"first","10":"instock","11":"sale","12":"shipping-taxable","13":"purchasable","14":"product-type-simple"},"_links":{"self":[{"href":"https:\/\/parapharmacieenligne.ma\/en\/wp-json\/wp\/v2\/product\/17737","targetHints":{"allow":["GET"]}}],"collection":[{"href":"https:\/\/parapharmacieenligne.ma\/en\/wp-json\/wp\/v2\/product"}],"about":[{"href":"https:\/\/parapharmacieenligne.ma\/en\/wp-json\/wp\/v2\/types\/product"}],"replies":[{"embeddable":true,"href":"https:\/\/parapharmacieenligne.ma\/en\/wp-json\/wp\/v2\/comments?post=17737"}],"version-history":[{"count":1,"href":"https:\/\/parapharmacieenligne.ma\/en\/wp-json\/wp\/v2\/product\/17737\/revisions"}],"predecessor-version":[{"id":17738,"href":"https:\/\/parapharmacieenligne.ma\/en\/wp-json\/wp\/v2\/product\/17737\/revisions\/17738"}],"wp:featuredmedia":[{"embeddable":true,"href":"https:\/\/parapharmacieenligne.ma\/en\/wp-json\/wp\/v2\/media\/17736"}],"wp:attachment":[{"href":"https:\/\/parapharmacieenligne.ma\/en\/wp-json\/wp\/v2\/media?parent=17737"}],"wp:term":[{"taxonomy":"product_cat","embeddable":true,"href":"https:\/\/parapharmacieenligne.ma\/en\/wp-json\/wp\/v2\/product_cat?post=17737"},{"taxonomy":"product_tag","embeddable":true,"href":"https:\/\/parapharmacieenligne.ma\/en\/wp-json\/wp\/v2\/product_tag?post=17737"},{"taxonomy":"yith_product_brand","embeddable":true,"href":"https:\/\/parapharmacieenligne.ma\/en\/wp-json\/wp\/v2\/yith_product_brand?post=17737"}],"curies":[{"name":"wp","href":"https:\/\/api.w.org\/{rel}","templated":true}]}}