{"id":17740,"date":"2026-03-12T16:54:41","date_gmt":"2026-03-12T15:54:41","guid":{"rendered":"https:\/\/parapharmacieenligne.ma\/?post_type=product&#038;p=17740"},"modified":"2026-03-12T16:54:46","modified_gmt":"2026-03-12T15:54:46","slug":"ducray-sensinol-shampoing-traitant-physioprotecteur-200-ml","status":"publish","type":"product","link":"https:\/\/parapharmacieenligne.ma\/en\/product\/ducray-sensinol-shampoing-traitant-physioprotecteur-200-ml\/","title":{"rendered":"DUCRAY SENSINOL SHAMPOING TRAITANT PHYSIOPROTECTEUR 200 ML"},"content":{"rendered":"<p>Le shampooing physioprotecteur SENSINOL est un shampooing traitant anti-d\u00e9mangeaisons \u00e0 destination des cuirs chevelus sensibles \u2022 Sa formule enrichie en POLIDOCANOL permet de calmer les sensations de d\u00e9mangeaisons et apaise le cuir chevelu d\u00e8s la premi\u00e8re application \u2022 Un shampooing doux, sans alcool ni parfum pour une tr\u00e8s haute tol\u00e9rance<\/p>\n<p>Conseils d&rsquo;utilisation :<\/p>\n<p>Appliquer sur cheveux humides, masser d\u00e9licatement et rincer<br \/>\nRenouveler l&rsquo;application et laisser agir 2 \u00e0 3 minutes. Rincer.<br \/>\nA utiliser aussi souvent que n\u00e9cessaire (au moins 3 fois par semaine)<\/p>","protected":false},"excerpt":{"rendered":"<p>Le shampooing physioprotecteur SENSINOL est un shampooing traitant anti-d\u00e9mangeaisons \u00e0 destination des cuirs chevelus sensibles \u2022 Sa formule enrichie en POLIDOCANOL permet&hellip;<\/p>","protected":false},"featured_media":17739,"comment_status":"open","ping_status":"closed","template":"","meta":[],"product_cat":[84],"product_tag":[],"yith_product_brand":[164],"class_list":{"0":"post-17740","1":"product","2":"type-product","3":"status-publish","4":"has-post-thumbnail","6":"product_cat-soins-cheveux","7":"yith_product_brand-ducray","9":"first","10":"instock","11":"sale","12":"shipping-taxable","13":"purchasable","14":"product-type-simple"},"_links":{"self":[{"href":"https:\/\/parapharmacieenligne.ma\/en\/wp-json\/wp\/v2\/product\/17740","targetHints":{"allow":["GET"]}}],"collection":[{"href":"https:\/\/parapharmacieenligne.ma\/en\/wp-json\/wp\/v2\/product"}],"about":[{"href":"https:\/\/parapharmacieenligne.ma\/en\/wp-json\/wp\/v2\/types\/product"}],"replies":[{"embeddable":true,"href":"https:\/\/parapharmacieenligne.ma\/en\/wp-json\/wp\/v2\/comments?post=17740"}],"version-history":[{"count":1,"href":"https:\/\/parapharmacieenligne.ma\/en\/wp-json\/wp\/v2\/product\/17740\/revisions"}],"predecessor-version":[{"id":17741,"href":"https:\/\/parapharmacieenligne.ma\/en\/wp-json\/wp\/v2\/product\/17740\/revisions\/17741"}],"wp:featuredmedia":[{"embeddable":true,"href":"https:\/\/parapharmacieenligne.ma\/en\/wp-json\/wp\/v2\/media\/17739"}],"wp:attachment":[{"href":"https:\/\/parapharmacieenligne.ma\/en\/wp-json\/wp\/v2\/media?parent=17740"}],"wp:term":[{"taxonomy":"product_cat","embeddable":true,"href":"https:\/\/parapharmacieenligne.ma\/en\/wp-json\/wp\/v2\/product_cat?post=17740"},{"taxonomy":"product_tag","embeddable":true,"href":"https:\/\/parapharmacieenligne.ma\/en\/wp-json\/wp\/v2\/product_tag?post=17740"},{"taxonomy":"yith_product_brand","embeddable":true,"href":"https:\/\/parapharmacieenligne.ma\/en\/wp-json\/wp\/v2\/yith_product_brand?post=17740"}],"curies":[{"name":"wp","href":"https:\/\/api.w.org\/{rel}","templated":true}]}}