{"id":17746,"date":"2026-03-12T16:55:14","date_gmt":"2026-03-12T15:55:14","guid":{"rendered":"https:\/\/parapharmacieenligne.ma\/?post_type=product&#038;p=17746"},"modified":"2026-03-31T23:24:28","modified_gmt":"2026-03-31T21:24:28","slug":"ducray-keracnyl-control-creme-30-ml","status":"publish","type":"product","link":"https:\/\/parapharmacieenligne.ma\/en\/product\/ducray-keracnyl-control-creme-30-ml\/","title":{"rendered":"DUCRAY KERACNYL CONTROL CREME 30 ML"},"content":{"rendered":"<p>Keracnyl CONTROL favorise la disparition des points noirs et des boutons :<\/p>\n<p>L\u2019innovation Myrtacine brevet\u00e9e* : cible la bact\u00e9rie responsable des boutons en limitant son organisation en biofilm.<br \/>\nLes hydroxy-acides d\u00e9sincrustent les pores en douceur.<br \/>\nL\u2019association brevet\u00e9e* salicylate de zinc\/extrait de sabal serrulata r\u00e9duit l\u2019exc\u00e8s de s\u00e9bum.<br \/>\nConseils d\u2019Utilisation :<\/p>\n<p>Appliquer 1 \u00e0 2 fois par jour sur peau nettoy\u00e9e et s\u00e8che. Id\u00e9al comme base de maquillage<\/p>","protected":false},"excerpt":{"rendered":"<p>Keracnyl CONTROL favorise la disparition des points noirs et des boutons : L\u2019innovation Myrtacine brevet\u00e9e* : cible la bact\u00e9rie responsable des boutons&hellip;<\/p>","protected":false},"featured_media":17745,"comment_status":"open","ping_status":"closed","template":"","meta":[],"product_cat":[206,83],"product_tag":[],"yith_product_brand":[164],"class_list":{"0":"post-17746","1":"product","2":"type-product","3":"status-publish","4":"has-post-thumbnail","6":"product_cat-acne","7":"product_cat-soins-visage","8":"yith_product_brand-ducray","10":"first","11":"instock","12":"sale","13":"shipping-taxable","14":"purchasable","15":"product-type-simple"},"_links":{"self":[{"href":"https:\/\/parapharmacieenligne.ma\/en\/wp-json\/wp\/v2\/product\/17746","targetHints":{"allow":["GET"]}}],"collection":[{"href":"https:\/\/parapharmacieenligne.ma\/en\/wp-json\/wp\/v2\/product"}],"about":[{"href":"https:\/\/parapharmacieenligne.ma\/en\/wp-json\/wp\/v2\/types\/product"}],"replies":[{"embeddable":true,"href":"https:\/\/parapharmacieenligne.ma\/en\/wp-json\/wp\/v2\/comments?post=17746"}],"version-history":[{"count":1,"href":"https:\/\/parapharmacieenligne.ma\/en\/wp-json\/wp\/v2\/product\/17746\/revisions"}],"predecessor-version":[{"id":17747,"href":"https:\/\/parapharmacieenligne.ma\/en\/wp-json\/wp\/v2\/product\/17746\/revisions\/17747"}],"wp:featuredmedia":[{"embeddable":true,"href":"https:\/\/parapharmacieenligne.ma\/en\/wp-json\/wp\/v2\/media\/17745"}],"wp:attachment":[{"href":"https:\/\/parapharmacieenligne.ma\/en\/wp-json\/wp\/v2\/media?parent=17746"}],"wp:term":[{"taxonomy":"product_cat","embeddable":true,"href":"https:\/\/parapharmacieenligne.ma\/en\/wp-json\/wp\/v2\/product_cat?post=17746"},{"taxonomy":"product_tag","embeddable":true,"href":"https:\/\/parapharmacieenligne.ma\/en\/wp-json\/wp\/v2\/product_tag?post=17746"},{"taxonomy":"yith_product_brand","embeddable":true,"href":"https:\/\/parapharmacieenligne.ma\/en\/wp-json\/wp\/v2\/yith_product_brand?post=17746"}],"curies":[{"name":"wp","href":"https:\/\/api.w.org\/{rel}","templated":true}]}}