{"id":17752,"date":"2026-03-12T16:55:52","date_gmt":"2026-03-12T15:55:52","guid":{"rendered":"https:\/\/parapharmacieenligne.ma\/?post_type=product&#038;p=17752"},"modified":"2026-03-12T16:56:05","modified_gmt":"2026-03-12T15:56:05","slug":"ducray-melascreen-photo-vieillissement-serum-global-30-ml","status":"publish","type":"product","link":"https:\/\/parapharmacieenligne.ma\/en\/product\/ducray-melascreen-photo-vieillissement-serum-global-30-ml\/","title":{"rendered":"DUCRAY MELASCREEN PHOTO VIEILLISSEMENT SERUM GLOBAL 30 ML"},"content":{"rendered":"<p>MELASCREEN PHOTO-VIEILLISSEMENT S\u00e9rum global lutte contre les signes du vieillissement cutan\u00e9 li\u00e9s au soleil, qu&rsquo;il s&rsquo;agisse de taches brunes, de rides ou de perte de fermet\u00e9 \u2022 Sa formule innovante aux actifs scientifiquement reconnus corrige les taches, lisse les rides et redensifie la peau<\/p>\n<p>Conseils d&rsquo;utilisation:<\/p>\n<p>Appliquer matin et\/ou soir sur le visage et le d\u00e9collet\u00e9<\/p>","protected":false},"excerpt":{"rendered":"<p>MELASCREEN PHOTO-VIEILLISSEMENT S\u00e9rum global lutte contre les signes du vieillissement cutan\u00e9 li\u00e9s au soleil, qu&rsquo;il s&rsquo;agisse de taches brunes, de rides ou&hellip;<\/p>","protected":false},"featured_media":17751,"comment_status":"open","ping_status":"closed","template":"","meta":[],"product_cat":[83],"product_tag":[],"yith_product_brand":[164],"class_list":{"0":"post-17752","1":"product","2":"type-product","3":"status-publish","4":"has-post-thumbnail","6":"product_cat-soins-visage","7":"yith_product_brand-ducray","9":"first","10":"instock","11":"sale","12":"shipping-taxable","13":"purchasable","14":"product-type-simple"},"_links":{"self":[{"href":"https:\/\/parapharmacieenligne.ma\/en\/wp-json\/wp\/v2\/product\/17752","targetHints":{"allow":["GET"]}}],"collection":[{"href":"https:\/\/parapharmacieenligne.ma\/en\/wp-json\/wp\/v2\/product"}],"about":[{"href":"https:\/\/parapharmacieenligne.ma\/en\/wp-json\/wp\/v2\/types\/product"}],"replies":[{"embeddable":true,"href":"https:\/\/parapharmacieenligne.ma\/en\/wp-json\/wp\/v2\/comments?post=17752"}],"version-history":[{"count":1,"href":"https:\/\/parapharmacieenligne.ma\/en\/wp-json\/wp\/v2\/product\/17752\/revisions"}],"predecessor-version":[{"id":17753,"href":"https:\/\/parapharmacieenligne.ma\/en\/wp-json\/wp\/v2\/product\/17752\/revisions\/17753"}],"wp:featuredmedia":[{"embeddable":true,"href":"https:\/\/parapharmacieenligne.ma\/en\/wp-json\/wp\/v2\/media\/17751"}],"wp:attachment":[{"href":"https:\/\/parapharmacieenligne.ma\/en\/wp-json\/wp\/v2\/media?parent=17752"}],"wp:term":[{"taxonomy":"product_cat","embeddable":true,"href":"https:\/\/parapharmacieenligne.ma\/en\/wp-json\/wp\/v2\/product_cat?post=17752"},{"taxonomy":"product_tag","embeddable":true,"href":"https:\/\/parapharmacieenligne.ma\/en\/wp-json\/wp\/v2\/product_tag?post=17752"},{"taxonomy":"yith_product_brand","embeddable":true,"href":"https:\/\/parapharmacieenligne.ma\/en\/wp-json\/wp\/v2\/yith_product_brand?post=17752"}],"curies":[{"name":"wp","href":"https:\/\/api.w.org\/{rel}","templated":true}]}}