{"id":17770,"date":"2026-03-12T17:06:19","date_gmt":"2026-03-12T16:06:19","guid":{"rendered":"https:\/\/parapharmacieenligne.ma\/?post_type=product&#038;p=17770"},"modified":"2026-03-12T17:06:26","modified_gmt":"2026-03-12T16:06:26","slug":"klorane-shampooing-extra-doux-a-lavoine-400-ml","status":"publish","type":"product","link":"https:\/\/parapharmacieenligne.ma\/en\/product\/klorane-shampooing-extra-doux-a-lavoine-400-ml\/","title":{"rendered":"KLORANE SHAMPOOING EXTRA-DOUX A L&rsquo;AVOINE 400 ML"},"content":{"rendered":"<p>Formul\u00e9 pour prendre soin des cheveux de toute la famille m\u00eame ceux des plus petits, le Shampoing au lait d&rsquo;Avoine de Klorane nettoie en douceur tous les types de cheveux. Haute tol\u00e9rance, sa formule biod\u00e9gradable* test\u00e9e sous contr\u00f4le dermatologique et p\u00e9diatrique respecte l&rsquo;\u00e9quilibre des cuirs chevelus d\u00e9licats. En offrant aux cheveux un v\u00e9ritable bain de douceur, ce Shampoing doux facilite le d\u00e9m\u00ealage gr\u00e2ce aux propri\u00e9t\u00e9s adoucissantes et protectrices du lait d&rsquo;Avoine, issu de culture BIO<\/p>\n<p>Les bienfaits:<\/p>\n<p>Nettoyant : sa base lavante extra-douce, biod\u00e9gradable, nettoie sans agresser les cuirs chevelus et cheveux de toute la famille.- Haute tol\u00e9rance : ce Shampoing haute tol\u00e9rance a \u00e9t\u00e9 test\u00e9 sous contr\u00f4le dermatologique et p\u00e9diatrique, et convient parfaitement aux enfants d\u00e8s l&rsquo;\u00e2ge de 3 ans. &#8211; Adoucissant : enrichie en lait d&rsquo;Avoine adoucissant, sa formule d&rsquo;une douceur incomparable prot\u00e8ge, apporte souplesse et facilite le d\u00e9m\u00ealage<\/p>\n<p>Conseils d&rsquo;utilisation:<\/p>\n<p>Appliquer sur les cheveux et le cuir chevelu humides.<\/p>","protected":false},"excerpt":{"rendered":"<p>Formul\u00e9 pour prendre soin des cheveux de toute la famille m\u00eame ceux des plus petits, le Shampoing au lait d&rsquo;Avoine de Klorane&hellip;<\/p>","protected":false},"featured_media":17769,"comment_status":"open","ping_status":"closed","template":"","meta":[],"product_cat":[84],"product_tag":[],"yith_product_brand":[123],"class_list":{"0":"post-17770","1":"product","2":"type-product","3":"status-publish","4":"has-post-thumbnail","6":"product_cat-soins-cheveux","7":"yith_product_brand-klorane","9":"first","10":"instock","11":"sale","12":"shipping-taxable","13":"purchasable","14":"product-type-simple"},"_links":{"self":[{"href":"https:\/\/parapharmacieenligne.ma\/en\/wp-json\/wp\/v2\/product\/17770","targetHints":{"allow":["GET"]}}],"collection":[{"href":"https:\/\/parapharmacieenligne.ma\/en\/wp-json\/wp\/v2\/product"}],"about":[{"href":"https:\/\/parapharmacieenligne.ma\/en\/wp-json\/wp\/v2\/types\/product"}],"replies":[{"embeddable":true,"href":"https:\/\/parapharmacieenligne.ma\/en\/wp-json\/wp\/v2\/comments?post=17770"}],"version-history":[{"count":1,"href":"https:\/\/parapharmacieenligne.ma\/en\/wp-json\/wp\/v2\/product\/17770\/revisions"}],"predecessor-version":[{"id":17771,"href":"https:\/\/parapharmacieenligne.ma\/en\/wp-json\/wp\/v2\/product\/17770\/revisions\/17771"}],"wp:featuredmedia":[{"embeddable":true,"href":"https:\/\/parapharmacieenligne.ma\/en\/wp-json\/wp\/v2\/media\/17769"}],"wp:attachment":[{"href":"https:\/\/parapharmacieenligne.ma\/en\/wp-json\/wp\/v2\/media?parent=17770"}],"wp:term":[{"taxonomy":"product_cat","embeddable":true,"href":"https:\/\/parapharmacieenligne.ma\/en\/wp-json\/wp\/v2\/product_cat?post=17770"},{"taxonomy":"product_tag","embeddable":true,"href":"https:\/\/parapharmacieenligne.ma\/en\/wp-json\/wp\/v2\/product_tag?post=17770"},{"taxonomy":"yith_product_brand","embeddable":true,"href":"https:\/\/parapharmacieenligne.ma\/en\/wp-json\/wp\/v2\/yith_product_brand?post=17770"}],"curies":[{"name":"wp","href":"https:\/\/api.w.org\/{rel}","templated":true}]}}