{"id":17794,"date":"2026-03-12T17:11:08","date_gmt":"2026-03-12T16:11:08","guid":{"rendered":"https:\/\/parapharmacieenligne.ma\/?post_type=product&#038;p=17794"},"modified":"2026-03-12T17:11:16","modified_gmt":"2026-03-12T16:11:16","slug":"klorane-shampoing-au-cupuacu-bio-400ml","status":"publish","type":"product","link":"https:\/\/parapharmacieenligne.ma\/en\/product\/klorane-shampoing-au-cupuacu-bio-400ml\/","title":{"rendered":"KLORANE SHAMPOING AU CUPUACU BIO 400ml"},"content":{"rendered":"<p>Le Shampoing r\u00e9paration de Klorane nettoie, nourrit et r\u00e9pare les cheveux tr\u00e8s secs, ab\u00eem\u00e9s. Il est id\u00e9al pour les cheveux ondul\u00e9s, boucl\u00e9s ou fris\u00e9s. Enrichie en Cupua\u00e7u BIO, sa formule \u00e0 83 % d&rsquo;ingr\u00e9dients d&rsquo;origine naturelle d\u00e9barrasse des impuret\u00e9s, nourrit et r\u00e9pare la fibre capillaire endommag\u00e9e. Sa texture dense au parfum rassurant p\u00e9n\u00e8tre et se rince rapidement, sans alourdir. Avec ce shampoing aux ingr\u00e9dients d&rsquo;origine naturelle et \u00e9co-con\u00e7u, Klorane veille \u00e0 pr\u00e9server l&rsquo;environnement tout en prenant soin de vos cheveux<\/p>\n<p>Conseils d&rsquo;utilisation:<\/p>\n<p>Appliquer sur les cheveux et le cuir chevelu humides.<\/p>","protected":false},"excerpt":{"rendered":"<p>Le Shampoing r\u00e9paration de Klorane nettoie, nourrit et r\u00e9pare les cheveux tr\u00e8s secs, ab\u00eem\u00e9s. Il est id\u00e9al pour les cheveux ondul\u00e9s, boucl\u00e9s&hellip;<\/p>","protected":false},"featured_media":17793,"comment_status":"open","ping_status":"closed","template":"","meta":[],"product_cat":[84],"product_tag":[],"yith_product_brand":[123],"class_list":{"0":"post-17794","1":"product","2":"type-product","3":"status-publish","4":"has-post-thumbnail","6":"product_cat-soins-cheveux","7":"yith_product_brand-klorane","9":"first","10":"instock","11":"sale","12":"shipping-taxable","13":"purchasable","14":"product-type-simple"},"_links":{"self":[{"href":"https:\/\/parapharmacieenligne.ma\/en\/wp-json\/wp\/v2\/product\/17794","targetHints":{"allow":["GET"]}}],"collection":[{"href":"https:\/\/parapharmacieenligne.ma\/en\/wp-json\/wp\/v2\/product"}],"about":[{"href":"https:\/\/parapharmacieenligne.ma\/en\/wp-json\/wp\/v2\/types\/product"}],"replies":[{"embeddable":true,"href":"https:\/\/parapharmacieenligne.ma\/en\/wp-json\/wp\/v2\/comments?post=17794"}],"version-history":[{"count":1,"href":"https:\/\/parapharmacieenligne.ma\/en\/wp-json\/wp\/v2\/product\/17794\/revisions"}],"predecessor-version":[{"id":17795,"href":"https:\/\/parapharmacieenligne.ma\/en\/wp-json\/wp\/v2\/product\/17794\/revisions\/17795"}],"wp:featuredmedia":[{"embeddable":true,"href":"https:\/\/parapharmacieenligne.ma\/en\/wp-json\/wp\/v2\/media\/17793"}],"wp:attachment":[{"href":"https:\/\/parapharmacieenligne.ma\/en\/wp-json\/wp\/v2\/media?parent=17794"}],"wp:term":[{"taxonomy":"product_cat","embeddable":true,"href":"https:\/\/parapharmacieenligne.ma\/en\/wp-json\/wp\/v2\/product_cat?post=17794"},{"taxonomy":"product_tag","embeddable":true,"href":"https:\/\/parapharmacieenligne.ma\/en\/wp-json\/wp\/v2\/product_tag?post=17794"},{"taxonomy":"yith_product_brand","embeddable":true,"href":"https:\/\/parapharmacieenligne.ma\/en\/wp-json\/wp\/v2\/yith_product_brand?post=17794"}],"curies":[{"name":"wp","href":"https:\/\/api.w.org\/{rel}","templated":true}]}}