{"id":17797,"date":"2026-03-12T17:11:24","date_gmt":"2026-03-12T16:11:24","guid":{"rendered":"https:\/\/parapharmacieenligne.ma\/?post_type=product&#038;p=17797"},"modified":"2026-03-12T17:11:30","modified_gmt":"2026-03-12T16:11:30","slug":"klorane-shampooing-a-la-camomille-reflets-blonds-400-ml","status":"publish","type":"product","link":"https:\/\/parapharmacieenligne.ma\/en\/product\/klorane-shampooing-a-la-camomille-reflets-blonds-400-ml\/","title":{"rendered":"KLORANE SHAMPOOING A LA CAMOMILLE REFLETS BLONDS 400 ML"},"content":{"rendered":"<p>Klorane a formul\u00e9 ce Shampoing \u00e9claircissant** \u00e0 la Camomille pour laver en douceur les cheveux blonds \u00e0 ch\u00e2tains naturels, m\u00e9ch\u00e9s, color\u00e9s ou d\u00e9color\u00e9s et les illuminer de reflets ensoleill\u00e9s. Biod\u00e9gradable* et tr\u00e8s doux, il convient \u00e0 toute la famille, d\u00e8s 3 ans. L&rsquo;extr\u00eame douceur de sa formule nettoie et d\u00e9m\u00eale les cheveux en les respectant. La Camomille est traditionnellement utilis\u00e9e pour \u00e9clairer d\u00e9licatement toutes les nuances de blonds. Le shampoing pare la chevelure de jolis reflets blonds, dor\u00e9s ou miel. Il laisse les cheveux doux, soyeux, l\u00e9gers et \u00e9clatants de lumi\u00e8re.<\/p>\n<p>Les bienfaits:<\/p>\n<p>Lave : nettoie et d\u00e9m\u00eale en douceur les cheveux de toute la famille, m\u00eame les plus d\u00e9licats.<\/p>\n<p> Illumine : les chevelures blondes se gorge naturellement de lumi\u00e8re et se parent de reflets ensoleill\u00e9s.<\/p>\n<p>Adoucit : les cheveux sont soyeux, d\u00e9m\u00eal\u00e9s et profitent d&rsquo;une extr\u00eame douceur, id\u00e9al pour les cheveux blonds qui ont tendance \u00e0 s&#8217;emm\u00ealer facilement et \u00e0 manquer de volume<\/p>\n<p>Conseils d&rsquo;utilisation:<\/p>\n<p>Appliquer sur les cheveux et le cuir chevelu humides.<\/p>","protected":false},"excerpt":{"rendered":"<p>Klorane a formul\u00e9 ce Shampoing \u00e9claircissant** \u00e0 la Camomille pour laver en douceur les cheveux blonds \u00e0 ch\u00e2tains naturels, m\u00e9ch\u00e9s, color\u00e9s ou&hellip;<\/p>","protected":false},"featured_media":17796,"comment_status":"open","ping_status":"closed","template":"","meta":[],"product_cat":[84],"product_tag":[],"yith_product_brand":[123],"class_list":{"0":"post-17797","1":"product","2":"type-product","3":"status-publish","4":"has-post-thumbnail","6":"product_cat-soins-cheveux","7":"yith_product_brand-klorane","9":"first","10":"instock","11":"sale","12":"shipping-taxable","13":"purchasable","14":"product-type-simple"},"_links":{"self":[{"href":"https:\/\/parapharmacieenligne.ma\/en\/wp-json\/wp\/v2\/product\/17797","targetHints":{"allow":["GET"]}}],"collection":[{"href":"https:\/\/parapharmacieenligne.ma\/en\/wp-json\/wp\/v2\/product"}],"about":[{"href":"https:\/\/parapharmacieenligne.ma\/en\/wp-json\/wp\/v2\/types\/product"}],"replies":[{"embeddable":true,"href":"https:\/\/parapharmacieenligne.ma\/en\/wp-json\/wp\/v2\/comments?post=17797"}],"version-history":[{"count":1,"href":"https:\/\/parapharmacieenligne.ma\/en\/wp-json\/wp\/v2\/product\/17797\/revisions"}],"predecessor-version":[{"id":17798,"href":"https:\/\/parapharmacieenligne.ma\/en\/wp-json\/wp\/v2\/product\/17797\/revisions\/17798"}],"wp:featuredmedia":[{"embeddable":true,"href":"https:\/\/parapharmacieenligne.ma\/en\/wp-json\/wp\/v2\/media\/17796"}],"wp:attachment":[{"href":"https:\/\/parapharmacieenligne.ma\/en\/wp-json\/wp\/v2\/media?parent=17797"}],"wp:term":[{"taxonomy":"product_cat","embeddable":true,"href":"https:\/\/parapharmacieenligne.ma\/en\/wp-json\/wp\/v2\/product_cat?post=17797"},{"taxonomy":"product_tag","embeddable":true,"href":"https:\/\/parapharmacieenligne.ma\/en\/wp-json\/wp\/v2\/product_tag?post=17797"},{"taxonomy":"yith_product_brand","embeddable":true,"href":"https:\/\/parapharmacieenligne.ma\/en\/wp-json\/wp\/v2\/yith_product_brand?post=17797"}],"curies":[{"name":"wp","href":"https:\/\/api.w.org\/{rel}","templated":true}]}}