{"id":17806,"date":"2026-03-12T17:12:08","date_gmt":"2026-03-12T16:12:08","guid":{"rendered":"https:\/\/parapharmacieenligne.ma\/?post_type=product&#038;p=17806"},"modified":"2026-03-12T17:12:18","modified_gmt":"2026-03-12T16:12:18","slug":"klorane-baume-apres-shampoing-a-la-mangue-200-ml","status":"publish","type":"product","link":"https:\/\/parapharmacieenligne.ma\/en\/product\/klorane-baume-apres-shampoing-a-la-mangue-200-ml\/","title":{"rendered":"KLORANE BAUME APRES-SHAMPOING A LA MANGUE 200 ML"},"content":{"rendered":"<p>Avec ce Baume apr\u00e8s-shampoing d\u00e9m\u00ealant au beurre de Mangue, Klorane offre un soin nourrissant aux cheveux secs gourmands de beaut\u00e9. Sans alourdir la chevelure, le Baume nourrit et d\u00e9m\u00eale efficacement tout en renfor\u00e7ant les longueurs sensibilis\u00e9es. Sa formule nutritive soyeuse au beurre de Mangue nourrit le cheveu et le prot\u00e8ge du dess\u00e8chement. Utilis\u00e9 en compl\u00e9ment du Shampoing au beurre de Mangue, ce soin fondant permet aux cheveux secs et ab\u00eem\u00e9s de retrouver souplesse, douceur et brillance. Parfaitement nourrie et d\u00e9licatement parfum\u00e9e, la chevelure est facile \u00e0 d\u00e9m\u00ealer.<\/p>\n<p>Les bienfaits :<\/p>\n<p>D\u00e9m\u00ealant : la chevelure ainsi nourrie, elle se d\u00e9m\u00eale facilement et tout en douceur, pour pr\u00e9server longueurs et pointes lors du passage du peigne.<\/p>\n<p>Nourrissant : son actif de beurre de Mangue riche en acide gras r\u00e9hydrate et nourrit la fibre capillaire pour prot\u00e9ger les longueurs ab\u00eem\u00e9es, sans alourdir la chevelure.<\/p>\n<p>Embellissant : la beaut\u00e9 des cheveux se r\u00e9v\u00e8le, ils sont \u00e0 nouveau brillants et doux gr\u00e2ce \u00e0 ce soin gourmand.<\/p>\n<p>Conseils d\u2019utilisation<\/p>\n<p>1 . Appliquer apr\u00e8s le shampoing sur les longueurs et pointes rinc\u00e9es et essor\u00e9es.<\/p>\n<p>2 . Laisser agir 2 \u00e0 3 minutes.<\/p>\n<p>3 . Rincer les cheveux.<\/p>","protected":false},"excerpt":{"rendered":"<p>Avec ce Baume apr\u00e8s-shampoing d\u00e9m\u00ealant au beurre de Mangue, Klorane offre un soin nourrissant aux cheveux secs gourmands de beaut\u00e9. Sans alourdir&hellip;<\/p>","protected":false},"featured_media":17805,"comment_status":"open","ping_status":"closed","template":"","meta":[],"product_cat":[84],"product_tag":[],"yith_product_brand":[123],"class_list":{"0":"post-17806","1":"product","2":"type-product","3":"status-publish","4":"has-post-thumbnail","6":"product_cat-soins-cheveux","7":"yith_product_brand-klorane","9":"first","10":"instock","11":"sale","12":"shipping-taxable","13":"purchasable","14":"product-type-simple"},"_links":{"self":[{"href":"https:\/\/parapharmacieenligne.ma\/en\/wp-json\/wp\/v2\/product\/17806","targetHints":{"allow":["GET"]}}],"collection":[{"href":"https:\/\/parapharmacieenligne.ma\/en\/wp-json\/wp\/v2\/product"}],"about":[{"href":"https:\/\/parapharmacieenligne.ma\/en\/wp-json\/wp\/v2\/types\/product"}],"replies":[{"embeddable":true,"href":"https:\/\/parapharmacieenligne.ma\/en\/wp-json\/wp\/v2\/comments?post=17806"}],"version-history":[{"count":1,"href":"https:\/\/parapharmacieenligne.ma\/en\/wp-json\/wp\/v2\/product\/17806\/revisions"}],"predecessor-version":[{"id":17807,"href":"https:\/\/parapharmacieenligne.ma\/en\/wp-json\/wp\/v2\/product\/17806\/revisions\/17807"}],"wp:featuredmedia":[{"embeddable":true,"href":"https:\/\/parapharmacieenligne.ma\/en\/wp-json\/wp\/v2\/media\/17805"}],"wp:attachment":[{"href":"https:\/\/parapharmacieenligne.ma\/en\/wp-json\/wp\/v2\/media?parent=17806"}],"wp:term":[{"taxonomy":"product_cat","embeddable":true,"href":"https:\/\/parapharmacieenligne.ma\/en\/wp-json\/wp\/v2\/product_cat?post=17806"},{"taxonomy":"product_tag","embeddable":true,"href":"https:\/\/parapharmacieenligne.ma\/en\/wp-json\/wp\/v2\/product_tag?post=17806"},{"taxonomy":"yith_product_brand","embeddable":true,"href":"https:\/\/parapharmacieenligne.ma\/en\/wp-json\/wp\/v2\/yith_product_brand?post=17806"}],"curies":[{"name":"wp","href":"https:\/\/api.w.org\/{rel}","templated":true}]}}