{"id":17815,"date":"2026-03-12T17:14:07","date_gmt":"2026-03-12T16:14:07","guid":{"rendered":"https:\/\/parapharmacieenligne.ma\/?post_type=product&#038;p=17815"},"modified":"2026-03-12T17:14:13","modified_gmt":"2026-03-12T16:14:13","slug":"klorane-quinine-baume-apres-shampooing-anti-chute-200-ml","status":"publish","type":"product","link":"https:\/\/parapharmacieenligne.ma\/en\/product\/klorane-quinine-baume-apres-shampooing-anti-chute-200-ml\/","title":{"rendered":"KLORANE QUININE BAUME APRES SHAMPOOING ANTI CHUTE 200 ML"},"content":{"rendered":"<p>Id\u00e9al pour les cheveux sujets \u00e0 la chute, ce baume peut s\u2019utiliser seul ou en compl\u00e9ment d\u2019un traitement anti-chute. Gr\u00e2ce \u00e0 sa texture onctueuse, il permet un d\u00e9m\u00ealage facile, tout en stimulant le cuir chevelu pour favoriser des cheveux plus vigoureux et plus r\u00e9sistants.<\/p>\n<p>Apr\u00e8s application, les cheveux retrouvent force, vitalit\u00e9 et \u00e9clat, tout en restant l\u00e9gers et faciles \u00e0 coiffer.<\/p>\n<p> Bienfaits du Baume Klorane \u00e0 la Quinine<br \/>\nD\u00e9m\u00eale instantan\u00e9ment : agent coiffant pour faciliter le brossage et r\u00e9duire la casse<\/p>\n<p>\u00c9nergise : stimule et revitalise les cheveux fatigu\u00e9s pour retrouver vigueur et brillance<\/p>\n<p>Renforce : fortifie la structure et la fibre capillaire pour des cheveux plus r\u00e9sistants<\/p>\n<p>Id\u00e9al en compl\u00e9ment : am\u00e9liore l\u2019efficacit\u00e9 des traitements anti-chute<\/p>\n<p> Conseils d\u2019utilisation<br \/>\nApr\u00e8s le shampoing, appliquer le baume sur le cuir chevelu et les longueurs<\/p>\n<p>Laisser poser 2 \u00e0 3 minutes<\/p>\n<p>Rincer abondamment<\/p>\n<p>Peut \u00eatre utilis\u00e9 seul ou en compl\u00e9ment d\u2019un traitement anti-chute pour des r\u00e9sultats optimaux<\/p>\n<p> Caract\u00e9ristiques cl\u00e9s<br \/>\nType : Baume apr\u00e8s-shampoing fortifiant anti-chute<\/p>\n<p>Gamme : Klorane Quinine<\/p>\n<p>Format : 200 ml<\/p>\n<p>Cheveux cibl\u00e9s : Fatigu\u00e9s, fragilis\u00e9s, sujets \u00e0 la chute<\/p>\n<p>Ingr\u00e9dients cl\u00e9s : Quinine aux propri\u00e9t\u00e9s fortifiantes et stimulantes<\/p>\n<p>B\u00e9n\u00e9fices : D\u00e9m\u00eale, fortifie, revitalise, am\u00e9liore r\u00e9sistance et brillance<\/p>\n<p>Utilisation : Apr\u00e8s-shampoing ou en compl\u00e9ment d\u2019un traitement anti-chute<\/p>","protected":false},"excerpt":{"rendered":"<p>Id\u00e9al pour les cheveux sujets \u00e0 la chute, ce baume peut s\u2019utiliser seul ou en compl\u00e9ment d\u2019un traitement anti-chute. Gr\u00e2ce \u00e0 sa&hellip;<\/p>","protected":false},"featured_media":17814,"comment_status":"open","ping_status":"closed","template":"","meta":[],"product_cat":[84],"product_tag":[],"yith_product_brand":[123],"class_list":{"0":"post-17815","1":"product","2":"type-product","3":"status-publish","4":"has-post-thumbnail","6":"product_cat-soins-cheveux","7":"yith_product_brand-klorane","9":"first","10":"instock","11":"sale","12":"shipping-taxable","13":"purchasable","14":"product-type-simple"},"_links":{"self":[{"href":"https:\/\/parapharmacieenligne.ma\/en\/wp-json\/wp\/v2\/product\/17815","targetHints":{"allow":["GET"]}}],"collection":[{"href":"https:\/\/parapharmacieenligne.ma\/en\/wp-json\/wp\/v2\/product"}],"about":[{"href":"https:\/\/parapharmacieenligne.ma\/en\/wp-json\/wp\/v2\/types\/product"}],"replies":[{"embeddable":true,"href":"https:\/\/parapharmacieenligne.ma\/en\/wp-json\/wp\/v2\/comments?post=17815"}],"version-history":[{"count":1,"href":"https:\/\/parapharmacieenligne.ma\/en\/wp-json\/wp\/v2\/product\/17815\/revisions"}],"predecessor-version":[{"id":17816,"href":"https:\/\/parapharmacieenligne.ma\/en\/wp-json\/wp\/v2\/product\/17815\/revisions\/17816"}],"wp:featuredmedia":[{"embeddable":true,"href":"https:\/\/parapharmacieenligne.ma\/en\/wp-json\/wp\/v2\/media\/17814"}],"wp:attachment":[{"href":"https:\/\/parapharmacieenligne.ma\/en\/wp-json\/wp\/v2\/media?parent=17815"}],"wp:term":[{"taxonomy":"product_cat","embeddable":true,"href":"https:\/\/parapharmacieenligne.ma\/en\/wp-json\/wp\/v2\/product_cat?post=17815"},{"taxonomy":"product_tag","embeddable":true,"href":"https:\/\/parapharmacieenligne.ma\/en\/wp-json\/wp\/v2\/product_tag?post=17815"},{"taxonomy":"yith_product_brand","embeddable":true,"href":"https:\/\/parapharmacieenligne.ma\/en\/wp-json\/wp\/v2\/yith_product_brand?post=17815"}],"curies":[{"name":"wp","href":"https:\/\/api.w.org\/{rel}","templated":true}]}}