{"id":17818,"date":"2026-03-12T17:14:21","date_gmt":"2026-03-12T16:14:21","guid":{"rendered":"https:\/\/parapharmacieenligne.ma\/?post_type=product&#038;p=17818"},"modified":"2026-03-12T17:14:30","modified_gmt":"2026-03-12T16:14:30","slug":"klorane-shampoing-a-la-quinine-edelwiss-bio-400-ml","status":"publish","type":"product","link":"https:\/\/parapharmacieenligne.ma\/en\/product\/klorane-shampoing-a-la-quinine-edelwiss-bio-400-ml\/","title":{"rendered":"KLORANE SHAMPOING A LA QUININE EDELWISS BIO 400 ML"},"content":{"rendered":"<p>Utilis\u00e9 seul ou en compl\u00e9ment d&rsquo;un traitement antichute, ce Shampoing fortifiant offre un v\u00e9ritable bain de vitalit\u00e9 aux chevelures en manque de tonus. Faciles \u00e0 d\u00e9m\u00ealer, les cheveux retrouvent force et vigueur gr\u00e2ce \u00e0 la formule enrichie en Quinine, Edelweiss BIO et Vitamines B. En tonifiant le cuir chevelu lors de l&rsquo;application, il aide \u00e0 stimuler la croissance des cheveux.<\/p>\n<p>Les bienfaits<br \/>\nNettoie : sa base lavante sans tensio-actifs sulfat\u00e9s et biod\u00e9gradable va nettoyer en douceur et activer le cuir chevelu.<\/p>\n<p>Fortifie : sous l&rsquo;effet du massage, l&rsquo;extrait de Quinquina associ\u00e9 \u00e0 un complexe de Vitamines B et \u00e0 l&rsquo;extrait d&rsquo;Edelweiss BIO apporte force et r\u00e9sistance aux cheveux fatigu\u00e9s.<\/p>\n<p>Conseils d&rsquo;utilisation:<br \/>\n1 . APPLIQUER : Appliquer sur les cheveux et le cuir chevelu humides.<\/p>\n<p>2 . MOUSSER : Faire mousser le shampoing et masser d\u00e9licatement.<\/p>\n<p>3 . RINCER : Rincer les cheveux et le cuir chevelu.<\/p>","protected":false},"excerpt":{"rendered":"<p>Utilis\u00e9 seul ou en compl\u00e9ment d&rsquo;un traitement antichute, ce Shampoing fortifiant offre un v\u00e9ritable bain de vitalit\u00e9 aux chevelures en manque de&hellip;<\/p>","protected":false},"featured_media":17817,"comment_status":"open","ping_status":"closed","template":"","meta":[],"product_cat":[84],"product_tag":[],"yith_product_brand":[123],"class_list":{"0":"post-17818","1":"product","2":"type-product","3":"status-publish","4":"has-post-thumbnail","6":"product_cat-soins-cheveux","7":"yith_product_brand-klorane","9":"first","10":"instock","11":"sale","12":"shipping-taxable","13":"purchasable","14":"product-type-simple"},"_links":{"self":[{"href":"https:\/\/parapharmacieenligne.ma\/en\/wp-json\/wp\/v2\/product\/17818","targetHints":{"allow":["GET"]}}],"collection":[{"href":"https:\/\/parapharmacieenligne.ma\/en\/wp-json\/wp\/v2\/product"}],"about":[{"href":"https:\/\/parapharmacieenligne.ma\/en\/wp-json\/wp\/v2\/types\/product"}],"replies":[{"embeddable":true,"href":"https:\/\/parapharmacieenligne.ma\/en\/wp-json\/wp\/v2\/comments?post=17818"}],"version-history":[{"count":1,"href":"https:\/\/parapharmacieenligne.ma\/en\/wp-json\/wp\/v2\/product\/17818\/revisions"}],"predecessor-version":[{"id":17819,"href":"https:\/\/parapharmacieenligne.ma\/en\/wp-json\/wp\/v2\/product\/17818\/revisions\/17819"}],"wp:featuredmedia":[{"embeddable":true,"href":"https:\/\/parapharmacieenligne.ma\/en\/wp-json\/wp\/v2\/media\/17817"}],"wp:attachment":[{"href":"https:\/\/parapharmacieenligne.ma\/en\/wp-json\/wp\/v2\/media?parent=17818"}],"wp:term":[{"taxonomy":"product_cat","embeddable":true,"href":"https:\/\/parapharmacieenligne.ma\/en\/wp-json\/wp\/v2\/product_cat?post=17818"},{"taxonomy":"product_tag","embeddable":true,"href":"https:\/\/parapharmacieenligne.ma\/en\/wp-json\/wp\/v2\/product_tag?post=17818"},{"taxonomy":"yith_product_brand","embeddable":true,"href":"https:\/\/parapharmacieenligne.ma\/en\/wp-json\/wp\/v2\/yith_product_brand?post=17818"}],"curies":[{"name":"wp","href":"https:\/\/api.w.org\/{rel}","templated":true}]}}