{"id":17833,"date":"2026-03-12T17:15:35","date_gmt":"2026-03-12T16:15:35","guid":{"rendered":"https:\/\/parapharmacieenligne.ma\/?post_type=product&#038;p=17833"},"modified":"2026-03-12T17:15:41","modified_gmt":"2026-03-12T16:15:41","slug":"klorane-reparation-cica-serum-regenerant-au-cupuacu-bio-100-ml","status":"publish","type":"product","link":"https:\/\/parapharmacieenligne.ma\/en\/product\/klorane-reparation-cica-serum-regenerant-au-cupuacu-bio-100-ml\/","title":{"rendered":"KLORANE REPARATION CICA SERUM REGENERANT AU CUPUACU BIO 100 ML"},"content":{"rendered":"<p>Transformez vos cheveux secs et ab\u00eem\u00e9s avec notre cica-s\u00e9rum r\u00e9parateur enrichi en plantes. Ce s\u00e9rum unique est sp\u00e9cialement formul\u00e9 pour offrir une r\u00e9paration intensive aux cheveux tr\u00e8s secs, ab\u00eem\u00e9s et trait\u00e9s. Sa formule naturelle est une v\u00e9ritable cure de jouvence pour vos longueurs et pointes, redonnant vie \u00e0 vos cheveux en profondeur.<\/p>\n<p>Enrichi en acide hyaluronique nourrissant et en beurre de cupua\u00e7u biologique, ce s\u00e9rum offre une hydratation exceptionnelle. Le beurre de cupua\u00e7u, connu pour ses propri\u00e9t\u00e9s hydratantes puissantes, fournit jusqu&rsquo;\u00e0 1,5 fois plus d&rsquo;hydratation que le beurre de karit\u00e9, vous assurant des cheveux profond\u00e9ment nourris et revitalis\u00e9s.<\/p>\n<p>Les avantages du cica-s\u00e9rum :<\/p>\n<p>R\u00e9paration Intense : R\u00e9pare les cheveux tr\u00e8s secs et ab\u00eem\u00e9s d\u00e8s la premi\u00e8re application.<br \/>\nHydratation Sup\u00e9rieure : Gr\u00e2ce \u00e0 l&rsquo;acide hyaluronique et au beurre de cupua\u00e7u, vos cheveux re\u00e7oivent une hydratation intense.<br \/>\nProtection : Prot\u00e8ge contre les dommages caus\u00e9s par la chaleur et r\u00e9duit la casse des cheveux.<br \/>\nContr\u00f4le des Frisottis : Adieu les frisottis pour des cheveux lisses et disciplin\u00e9s.<br \/>\nBrillance et Douceur : Vos cheveux deviennent plus brillants et plus doux en seulement 21 jours.<br \/>\nCe cica-s\u00e9rum p\u00e9n\u00e8tre profond\u00e9ment dans la fibre capillaire pour une r\u00e9paration durable, tout en laissant vos cheveux prot\u00e9g\u00e9s et revitalis\u00e9s. Son application r\u00e9guli\u00e8re permet de retrouver des cheveux en pleine sant\u00e9, r\u00e9sistants aux agressions quotidiennes et aux traitements thermiques.<\/p>\n<p>Conseils d&rsquo;utilisation :<\/p>\n<p> Appliquez le s\u00e9rum sur cheveux propres et l\u00e9g\u00e8rement humides, en concentrant sur les longueurs et les pointes.<\/p>\n<p>R\u00e9partissez uniform\u00e9ment \u00e0 l\u2019aide d\u2019un peigne ou des doigts pour assurer une absorption compl\u00e8te.<\/p>","protected":false},"excerpt":{"rendered":"<p>Transformez vos cheveux secs et ab\u00eem\u00e9s avec notre cica-s\u00e9rum r\u00e9parateur enrichi en plantes. Ce s\u00e9rum unique est sp\u00e9cialement formul\u00e9 pour offrir une&hellip;<\/p>","protected":false},"featured_media":17832,"comment_status":"open","ping_status":"closed","template":"","meta":[],"product_cat":[84],"product_tag":[],"yith_product_brand":[123],"class_list":{"0":"post-17833","1":"product","2":"type-product","3":"status-publish","4":"has-post-thumbnail","6":"product_cat-soins-cheveux","7":"yith_product_brand-klorane","9":"first","10":"instock","11":"sale","12":"shipping-taxable","13":"purchasable","14":"product-type-simple"},"_links":{"self":[{"href":"https:\/\/parapharmacieenligne.ma\/en\/wp-json\/wp\/v2\/product\/17833","targetHints":{"allow":["GET"]}}],"collection":[{"href":"https:\/\/parapharmacieenligne.ma\/en\/wp-json\/wp\/v2\/product"}],"about":[{"href":"https:\/\/parapharmacieenligne.ma\/en\/wp-json\/wp\/v2\/types\/product"}],"replies":[{"embeddable":true,"href":"https:\/\/parapharmacieenligne.ma\/en\/wp-json\/wp\/v2\/comments?post=17833"}],"version-history":[{"count":1,"href":"https:\/\/parapharmacieenligne.ma\/en\/wp-json\/wp\/v2\/product\/17833\/revisions"}],"predecessor-version":[{"id":17834,"href":"https:\/\/parapharmacieenligne.ma\/en\/wp-json\/wp\/v2\/product\/17833\/revisions\/17834"}],"wp:featuredmedia":[{"embeddable":true,"href":"https:\/\/parapharmacieenligne.ma\/en\/wp-json\/wp\/v2\/media\/17832"}],"wp:attachment":[{"href":"https:\/\/parapharmacieenligne.ma\/en\/wp-json\/wp\/v2\/media?parent=17833"}],"wp:term":[{"taxonomy":"product_cat","embeddable":true,"href":"https:\/\/parapharmacieenligne.ma\/en\/wp-json\/wp\/v2\/product_cat?post=17833"},{"taxonomy":"product_tag","embeddable":true,"href":"https:\/\/parapharmacieenligne.ma\/en\/wp-json\/wp\/v2\/product_tag?post=17833"},{"taxonomy":"yith_product_brand","embeddable":true,"href":"https:\/\/parapharmacieenligne.ma\/en\/wp-json\/wp\/v2\/yith_product_brand?post=17833"}],"curies":[{"name":"wp","href":"https:\/\/api.w.org\/{rel}","templated":true}]}}