{"id":17836,"date":"2026-03-12T17:15:49","date_gmt":"2026-03-12T16:15:49","guid":{"rendered":"https:\/\/parapharmacieenligne.ma\/?post_type=product&#038;p=17836"},"modified":"2026-03-12T17:15:58","modified_gmt":"2026-03-12T16:15:58","slug":"klorane-shampoing-apaisant-a-la-pivoine-cuir-chevelu-sensible-200-ml","status":"publish","type":"product","link":"https:\/\/parapharmacieenligne.ma\/en\/product\/klorane-shampoing-apaisant-a-la-pivoine-cuir-chevelu-sensible-200-ml\/","title":{"rendered":"KLORANE SHAMPOING APAISANT A LA PIVOINE CUIR CHEVELU SENSIBLE 200 ML"},"content":{"rendered":"<p>Au c\u0153ur de ce shampoing se trouve la pivoine bio, un ingr\u00e9dient traditionnellement utilis\u00e9 en m\u00e9decine chinoise pour ses vertus apaisantes. L&rsquo;esp\u00e8ce Paeonia lactiflora Pall, soigneusement s\u00e9lectionn\u00e9e pour sa richesse en Paeoniflorine, agit efficacement pour calmer les irritations et r\u00e9duire les sensations de d\u00e9mangeaisons. C&rsquo;est un v\u00e9ritable moment de bien-\u00eatre pour votre cuir chevelu \u00e0 chaque lavage.<\/p>\n<p>Ce shampoing est formul\u00e9 sans silicone, sans huile min\u00e9rale, et sans tensioactifs sulfat\u00e9s, garantissant une puret\u00e9 et une douceur maximales.<\/p>\n<p>Composition:<\/p>\n<p>Eau (Aqua)*, Disodium Laureth Sulfosuccinate, Decyl Glucoside*, Ceteareth-60 Myristyl Glycol, Lauryl Betaine, Laureth-3, Propyl\u00e8ne Glycol*, Extrait de racine de Paeonia Lactiflora*, Caprylyl Glycol, Acide citrique*, Parfum (Parfum), Acide mal\u00e9ique, Polyquaternium-22, Rouge 33 (CI 17200), Benzoate de sodium, Chlorure de sodium, Disuccinate d&rsquo;\u00e9thyl\u00e8nediamine trisodique.<\/p>\n<p>Conseils d&rsquo;utilisation : <\/p>\n<p>Appliquez une petite quantit\u00e9 de shampoing sur les cheveux mouill\u00e9s. Massez d\u00e9licatement pour faire mousser, en prenant soin de bien r\u00e9partir le produit sur l&rsquo;ensemble du cuir chevelu. Rincez abondamment \u00e0 l&rsquo;eau ti\u00e8de. Pour un r\u00e9sultat optimal, utilisez ce shampoing en compl\u00e9ment d&rsquo;autres soins Klorane adapt\u00e9s \u00e0 votre type de cheveux. En cas de contact avec les yeux, rincez imm\u00e9diatement.<\/p>\n<p>Sensation imm\u00e9diate d&rsquo;apaisement pour le cuir chevelu sensible<\/p>\n<p>Protection durable du cuir chevelu avec un pH physiologique<\/p>\n<p>Cheveux doux, l\u00e9gers et brillants<\/p>\n<p>Respect de l&rsquo;environnement avec une formule biod\u00e9gradable et un flacon recyclable<\/p>","protected":false},"excerpt":{"rendered":"<p>Au c\u0153ur de ce shampoing se trouve la pivoine bio, un ingr\u00e9dient traditionnellement utilis\u00e9 en m\u00e9decine chinoise pour ses vertus apaisantes. L&rsquo;esp\u00e8ce&hellip;<\/p>","protected":false},"featured_media":17835,"comment_status":"open","ping_status":"closed","template":"","meta":[],"product_cat":[84],"product_tag":[],"yith_product_brand":[123],"class_list":{"0":"post-17836","1":"product","2":"type-product","3":"status-publish","4":"has-post-thumbnail","6":"product_cat-soins-cheveux","7":"yith_product_brand-klorane","9":"first","10":"instock","11":"sale","12":"shipping-taxable","13":"purchasable","14":"product-type-simple"},"_links":{"self":[{"href":"https:\/\/parapharmacieenligne.ma\/en\/wp-json\/wp\/v2\/product\/17836","targetHints":{"allow":["GET"]}}],"collection":[{"href":"https:\/\/parapharmacieenligne.ma\/en\/wp-json\/wp\/v2\/product"}],"about":[{"href":"https:\/\/parapharmacieenligne.ma\/en\/wp-json\/wp\/v2\/types\/product"}],"replies":[{"embeddable":true,"href":"https:\/\/parapharmacieenligne.ma\/en\/wp-json\/wp\/v2\/comments?post=17836"}],"version-history":[{"count":1,"href":"https:\/\/parapharmacieenligne.ma\/en\/wp-json\/wp\/v2\/product\/17836\/revisions"}],"predecessor-version":[{"id":17837,"href":"https:\/\/parapharmacieenligne.ma\/en\/wp-json\/wp\/v2\/product\/17836\/revisions\/17837"}],"wp:featuredmedia":[{"embeddable":true,"href":"https:\/\/parapharmacieenligne.ma\/en\/wp-json\/wp\/v2\/media\/17835"}],"wp:attachment":[{"href":"https:\/\/parapharmacieenligne.ma\/en\/wp-json\/wp\/v2\/media?parent=17836"}],"wp:term":[{"taxonomy":"product_cat","embeddable":true,"href":"https:\/\/parapharmacieenligne.ma\/en\/wp-json\/wp\/v2\/product_cat?post=17836"},{"taxonomy":"product_tag","embeddable":true,"href":"https:\/\/parapharmacieenligne.ma\/en\/wp-json\/wp\/v2\/product_tag?post=17836"},{"taxonomy":"yith_product_brand","embeddable":true,"href":"https:\/\/parapharmacieenligne.ma\/en\/wp-json\/wp\/v2\/yith_product_brand?post=17836"}],"curies":[{"name":"wp","href":"https:\/\/api.w.org\/{rel}","templated":true}]}}