{"id":17839,"date":"2026-03-12T17:16:08","date_gmt":"2026-03-12T16:16:08","guid":{"rendered":"https:\/\/parapharmacieenligne.ma\/?post_type=product&#038;p=17839"},"modified":"2026-03-12T17:16:15","modified_gmt":"2026-03-12T16:16:15","slug":"klorane-shampoing-apaisant-a-la-pivoine-cuir-chevelu-sensible-400-ml","status":"publish","type":"product","link":"https:\/\/parapharmacieenligne.ma\/en\/product\/klorane-shampoing-apaisant-a-la-pivoine-cuir-chevelu-sensible-400-ml\/","title":{"rendered":"KLORANE SHAMPOING APAISANT A LA PIVOINE CUIR CHEVELU SENSIBLE 400 ML"},"content":{"rendered":"<p>Sa formule haute tol\u00e9rance, au pH physiologique, garantit une protection durable du cuir chevelu tout en procurant une sensation de soulagement d\u00e8s la premi\u00e8re application, avec des effets qui perdurent pendant 24 heures. Les irritations sont apais\u00e9es, les d\u00e9mangeaisons att\u00e9nu\u00e9es, et vos cheveux retrouvent douceur et vitalit\u00e9.<\/p>\n<p>Respectueux de l&rsquo;environnement, ce shampoing est formul\u00e9 sans silicone, sans huile min\u00e9rale, et sans tensioactifs sulfat\u00e9s. Il est \u00e9galement sans ingr\u00e9dients d&rsquo;origine animale, faisant de lui un choix \u00e9thique et durable. Le flacon est 100% recycl\u00e9 et recyclable, s&rsquo;inscrivant dans une d\u00e9marche \u00e9cologique.<\/p>\n<p>Le Shampoing Apaisant \u00e0 la Pivoine est un v\u00e9ritable alli\u00e9 pour les cuirs chevelus sensibles, apportant une sensation de confort et de fra\u00eecheur au quotidien. Que vous soyez sujet aux d\u00e9mangeaisons ou que vous recherchiez un soin doux pour apaiser votre cuir chevelu, ce shampoing est id\u00e9al pour vous.<\/p>\n<p>Composition :<\/p>\n<p>Eau (Aqua)*, Disodium Laureth Sulfosuccinate, Decyl Glucoside*, Ceteareth-60 Myristyl Glycol, Lauryl Betaine, Laureth-3, Propyl\u00e8ne Glycol*, Extrait de racine de Paeonia Lactiflora*, Caprylyl Glycol, Acide citrique*, Parfum (Parfum), Acide mal\u00e9ique, Polyquaternium-22, Rouge 33 (CI 17200), Benzoate de sodium, Chlorure de sodium, Disuccinate d&rsquo;\u00e9thyl\u00e8nediamine trisodique.<\/p>\n<p>Conseils d&rsquo;utilisation :<\/p>\n<p>Mouillez vos cheveux et appliquez une petite quantit\u00e9 de shampoing sur le cuir chevelu. Faites mousser en massant d\u00e9licatement du bout des doigts. Rincez abondamment \u00e0 l&rsquo;eau claire. En cas de contact avec les yeux, rincez imm\u00e9diatement.<\/p>\n<p>Pour un r\u00e9sultat optimal, utilisez ce shampoing r\u00e9guli\u00e8rement, et compl\u00e9tez avec d&rsquo;autres produits de la gamme KLORANE pour un rituel de soin apaisant.<\/p>","protected":false},"excerpt":{"rendered":"<p>Sa formule haute tol\u00e9rance, au pH physiologique, garantit une protection durable du cuir chevelu tout en procurant une sensation de soulagement d\u00e8s&hellip;<\/p>","protected":false},"featured_media":17838,"comment_status":"open","ping_status":"closed","template":"","meta":[],"product_cat":[84],"product_tag":[],"yith_product_brand":[123],"class_list":{"0":"post-17839","1":"product","2":"type-product","3":"status-publish","4":"has-post-thumbnail","6":"product_cat-soins-cheveux","7":"yith_product_brand-klorane","9":"first","10":"instock","11":"sale","12":"shipping-taxable","13":"purchasable","14":"product-type-simple"},"_links":{"self":[{"href":"https:\/\/parapharmacieenligne.ma\/en\/wp-json\/wp\/v2\/product\/17839","targetHints":{"allow":["GET"]}}],"collection":[{"href":"https:\/\/parapharmacieenligne.ma\/en\/wp-json\/wp\/v2\/product"}],"about":[{"href":"https:\/\/parapharmacieenligne.ma\/en\/wp-json\/wp\/v2\/types\/product"}],"replies":[{"embeddable":true,"href":"https:\/\/parapharmacieenligne.ma\/en\/wp-json\/wp\/v2\/comments?post=17839"}],"version-history":[{"count":1,"href":"https:\/\/parapharmacieenligne.ma\/en\/wp-json\/wp\/v2\/product\/17839\/revisions"}],"predecessor-version":[{"id":17840,"href":"https:\/\/parapharmacieenligne.ma\/en\/wp-json\/wp\/v2\/product\/17839\/revisions\/17840"}],"wp:featuredmedia":[{"embeddable":true,"href":"https:\/\/parapharmacieenligne.ma\/en\/wp-json\/wp\/v2\/media\/17838"}],"wp:attachment":[{"href":"https:\/\/parapharmacieenligne.ma\/en\/wp-json\/wp\/v2\/media?parent=17839"}],"wp:term":[{"taxonomy":"product_cat","embeddable":true,"href":"https:\/\/parapharmacieenligne.ma\/en\/wp-json\/wp\/v2\/product_cat?post=17839"},{"taxonomy":"product_tag","embeddable":true,"href":"https:\/\/parapharmacieenligne.ma\/en\/wp-json\/wp\/v2\/product_tag?post=17839"},{"taxonomy":"yith_product_brand","embeddable":true,"href":"https:\/\/parapharmacieenligne.ma\/en\/wp-json\/wp\/v2\/yith_product_brand?post=17839"}],"curies":[{"name":"wp","href":"https:\/\/api.w.org\/{rel}","templated":true}]}}