{"id":17845,"date":"2026-03-12T17:39:44","date_gmt":"2026-03-12T16:39:44","guid":{"rendered":"https:\/\/parapharmacieenligne.ma\/?post_type=product&#038;p=17845"},"modified":"2026-03-12T17:39:51","modified_gmt":"2026-03-12T16:39:51","slug":"klorane-bebe-eau-nettoyante-sans-rincage-500-ml","status":"publish","type":"product","link":"https:\/\/parapharmacieenligne.ma\/en\/product\/klorane-bebe-eau-nettoyante-sans-rincage-500-ml\/","title":{"rendered":"KLORANE BEBE EAU NETTOYANTE SANS RIN\u00c7AGE 500 ML"},"content":{"rendered":"<p>Alternative pratique au bain, l&rsquo;Eau nettoyante Klorane B\u00e9b\u00e9 au Calendula hydrate et \u00e9limine les impuret\u00e9s sans agresser. Con\u00e7ue pour le nettoyage quotidien des peaux sensibles des tout-petits, elle apaise les sensations d&rsquo;irritation tout en \u00e9vitant le dess\u00e8chement. Sa formule ultral\u00e9g\u00e8re rafraichit et d\u00e9gage un parfum relaxant pour un vrai moment de douceur partag\u00e9. Coup de c\u0153ur des mamans, sa pompe \u00ab 1 seule main \u00bb garantit une utilisation plus simple et plus s\u00fbre. En un seul geste, la peau de b\u00e9b\u00e9 est propre, souple et prot\u00e9g\u00e9e.<\/p>\n<p>Les bienfaits :<\/p>\n<p>Naturellement douce : infus\u00e9e de Calendula apaisant obtenu \u00e0 partir de fleurs issues de culture BIO, sa formule \u00e0 98 % d&rsquo;ingr\u00e9dients d&rsquo;origine naturelle ne contient pas d&rsquo;alcool et a \u00e9t\u00e9 test\u00e9e sous contr\u00f4le p\u00e9diatrique.<\/p>\n<p>Nettoyante : cette eau sans rin\u00e7age nettoie efficacement en respectant la peau gr\u00e2ce \u00e0 ses agents lavants doux.<\/p>\n<p>Protectrice : enrichie en actifs hydratants naturels, l&rsquo;Eau nettoyante apaise et prot\u00e8ge la peau des sensations de s\u00e9cheresse<\/p>\n<p>Conseils d&rsquo;utilisation:<\/p>\n<p>Appliquer sur un coton jusqu&rsquo;\u00e0 ce que la peau soit propre<\/p>","protected":false},"excerpt":{"rendered":"<p>Alternative pratique au bain, l&rsquo;Eau nettoyante Klorane B\u00e9b\u00e9 au Calendula hydrate et \u00e9limine les impuret\u00e9s sans agresser. Con\u00e7ue pour le nettoyage quotidien&hellip;<\/p>","protected":false},"featured_media":17844,"comment_status":"open","ping_status":"closed","template":"","meta":[],"product_cat":[87],"product_tag":[],"yith_product_brand":[123],"class_list":{"0":"post-17845","1":"product","2":"type-product","3":"status-publish","4":"has-post-thumbnail","6":"product_cat-bebe-et-maman","7":"yith_product_brand-klorane","9":"first","10":"instock","11":"sale","12":"shipping-taxable","13":"purchasable","14":"product-type-simple"},"_links":{"self":[{"href":"https:\/\/parapharmacieenligne.ma\/en\/wp-json\/wp\/v2\/product\/17845","targetHints":{"allow":["GET"]}}],"collection":[{"href":"https:\/\/parapharmacieenligne.ma\/en\/wp-json\/wp\/v2\/product"}],"about":[{"href":"https:\/\/parapharmacieenligne.ma\/en\/wp-json\/wp\/v2\/types\/product"}],"replies":[{"embeddable":true,"href":"https:\/\/parapharmacieenligne.ma\/en\/wp-json\/wp\/v2\/comments?post=17845"}],"version-history":[{"count":1,"href":"https:\/\/parapharmacieenligne.ma\/en\/wp-json\/wp\/v2\/product\/17845\/revisions"}],"predecessor-version":[{"id":17846,"href":"https:\/\/parapharmacieenligne.ma\/en\/wp-json\/wp\/v2\/product\/17845\/revisions\/17846"}],"wp:featuredmedia":[{"embeddable":true,"href":"https:\/\/parapharmacieenligne.ma\/en\/wp-json\/wp\/v2\/media\/17844"}],"wp:attachment":[{"href":"https:\/\/parapharmacieenligne.ma\/en\/wp-json\/wp\/v2\/media?parent=17845"}],"wp:term":[{"taxonomy":"product_cat","embeddable":true,"href":"https:\/\/parapharmacieenligne.ma\/en\/wp-json\/wp\/v2\/product_cat?post=17845"},{"taxonomy":"product_tag","embeddable":true,"href":"https:\/\/parapharmacieenligne.ma\/en\/wp-json\/wp\/v2\/product_tag?post=17845"},{"taxonomy":"yith_product_brand","embeddable":true,"href":"https:\/\/parapharmacieenligne.ma\/en\/wp-json\/wp\/v2\/yith_product_brand?post=17845"}],"curies":[{"name":"wp","href":"https:\/\/api.w.org\/{rel}","templated":true}]}}