{"id":17854,"date":"2026-03-12T17:40:37","date_gmt":"2026-03-12T16:40:37","guid":{"rendered":"https:\/\/parapharmacieenligne.ma\/?post_type=product&#038;p=17854"},"modified":"2026-03-12T17:40:43","modified_gmt":"2026-03-12T16:40:43","slug":"klorane-bebe-lingettes-nettoyantes-douces-25","status":"publish","type":"product","link":"https:\/\/parapharmacieenligne.ma\/en\/product\/klorane-bebe-lingettes-nettoyantes-douces-25\/","title":{"rendered":"KLORANE BEBE LINGETTES NETTOYANTES DOUCES 25"},"content":{"rendered":"<p>Les Lingettes nettoyantes Klorane B\u00e9b\u00e9 au Calendula sont enrichies en actifs doux d&rsquo;origine v\u00e9g\u00e9tale, pour purifier, hydrater et prot\u00e9ger la peau. \u00c9labor\u00e9es avec des fibres naturelles 100 % biod\u00e9gradables et contenues dans un \u00e9tui refermable, elles sont sans rin\u00e7age pour faciliter la toilette en dehors de la maison. Inoffensives pour b\u00e9b\u00e9, leur formule \u00e0 98 % d&rsquo;ingr\u00e9dients d&rsquo;origine naturelle apaise les rougeurs et lutte contre le dess\u00e8chement. La peau est douce, hydrat\u00e9e et prot\u00e9g\u00e9e, pour un moment de soin entour\u00e9 d&rsquo;un parfum de tendresse.<\/p>\n<p>Les bienfaits:<\/p>\n<p>Nettoyantes : en un seul geste, elles nettoient en douceur les petites salissures du quotidien et assainissent la peau.<\/p>\n<p>Hydratantes : les agents hydratants associ\u00e9s au Calendula hydratent et prot\u00e8gent l&rsquo;\u00e9piderme du dess\u00e8chement.<\/p>\n<p>Adoucissantes : pass\u00e9es sur le corps, les lingettes nettoyantes apaisent les irritations lors du change ou de la toilette et adoucissent la peau, sans coller.<\/p>\n<p>Conseils d&rsquo;utilisation:<\/p>\n<p>Nettoyez avec une ou plusieurs lingettes jusqu&rsquo;\u00e0 obtention d&rsquo;une peau propre. Sans rin\u00e7age<\/p>","protected":false},"excerpt":{"rendered":"<p>Les Lingettes nettoyantes Klorane B\u00e9b\u00e9 au Calendula sont enrichies en actifs doux d&rsquo;origine v\u00e9g\u00e9tale, pour purifier, hydrater et prot\u00e9ger la peau. \u00c9labor\u00e9es&hellip;<\/p>","protected":false},"featured_media":17853,"comment_status":"open","ping_status":"closed","template":"","meta":[],"product_cat":[87],"product_tag":[],"yith_product_brand":[123],"class_list":{"0":"post-17854","1":"product","2":"type-product","3":"status-publish","4":"has-post-thumbnail","6":"product_cat-bebe-et-maman","7":"yith_product_brand-klorane","9":"first","10":"instock","11":"sale","12":"shipping-taxable","13":"purchasable","14":"product-type-simple"},"_links":{"self":[{"href":"https:\/\/parapharmacieenligne.ma\/en\/wp-json\/wp\/v2\/product\/17854","targetHints":{"allow":["GET"]}}],"collection":[{"href":"https:\/\/parapharmacieenligne.ma\/en\/wp-json\/wp\/v2\/product"}],"about":[{"href":"https:\/\/parapharmacieenligne.ma\/en\/wp-json\/wp\/v2\/types\/product"}],"replies":[{"embeddable":true,"href":"https:\/\/parapharmacieenligne.ma\/en\/wp-json\/wp\/v2\/comments?post=17854"}],"version-history":[{"count":1,"href":"https:\/\/parapharmacieenligne.ma\/en\/wp-json\/wp\/v2\/product\/17854\/revisions"}],"predecessor-version":[{"id":17855,"href":"https:\/\/parapharmacieenligne.ma\/en\/wp-json\/wp\/v2\/product\/17854\/revisions\/17855"}],"wp:featuredmedia":[{"embeddable":true,"href":"https:\/\/parapharmacieenligne.ma\/en\/wp-json\/wp\/v2\/media\/17853"}],"wp:attachment":[{"href":"https:\/\/parapharmacieenligne.ma\/en\/wp-json\/wp\/v2\/media?parent=17854"}],"wp:term":[{"taxonomy":"product_cat","embeddable":true,"href":"https:\/\/parapharmacieenligne.ma\/en\/wp-json\/wp\/v2\/product_cat?post=17854"},{"taxonomy":"product_tag","embeddable":true,"href":"https:\/\/parapharmacieenligne.ma\/en\/wp-json\/wp\/v2\/product_tag?post=17854"},{"taxonomy":"yith_product_brand","embeddable":true,"href":"https:\/\/parapharmacieenligne.ma\/en\/wp-json\/wp\/v2\/yith_product_brand?post=17854"}],"curies":[{"name":"wp","href":"https:\/\/api.w.org\/{rel}","templated":true}]}}