{"id":17863,"date":"2026-03-12T17:41:18","date_gmt":"2026-03-12T16:41:18","guid":{"rendered":"https:\/\/parapharmacieenligne.ma\/?post_type=product&#038;p=17863"},"modified":"2026-03-12T17:41:24","modified_gmt":"2026-03-12T16:41:24","slug":"klorane-spray-a-la-camomille-illumine-cheveux-blonds-100-ml","status":"publish","type":"product","link":"https:\/\/parapharmacieenligne.ma\/en\/product\/klorane-spray-a-la-camomille-illumine-cheveux-blonds-100-ml\/","title":{"rendered":"KLORANE SPRAY A LA CAMOMILLE ILLUMINE CHEVEUX BLONDS 100 ML"},"content":{"rendered":"<p>Compos\u00e9 \u00e0 97% d\u2019ingr\u00e9dients d\u2019origine naturelle, le Spray \u00e0 la Camomille offre une triple action : il \u00e9claircit en douceur et de fa\u00e7on naturelle, fait briller et facilite le d\u00e9m\u00ealage des cheveux blonds naturels, color\u00e9s ou m\u00e9ch\u00e9s. Sa formule minimaliste, haute tol\u00e9rance, utilisable d\u00e8s 3 ans, est enrichie en Camomille et vinaigre. Le vinaigre lisse les \u00e9cailles des cheveux et renforce leur brillance, tandis que la Camomille les \u00e9claircit en douceur tout en les prot\u00e9geant du dess\u00e8chement. Vaporis\u00e9 sur cheveux secs ou mouill\u00e9s, le Spray offre une r\u00e9elle sensation de douceur aux cheveux, les plongeant dans un bain de lumi\u00e8re qui r\u00e9v\u00e8le toute leur beaut\u00e9. Selon le mode d\u2019application, il permet 3 effets \u00e9claircissants : un total look blond, un effet m\u00e8che \u00e0 m\u00e8che ou un effet \u00ab\u00a0tie and dye\u00a0\u00bb sur les longueurs.<\/p>\n<p>Les bienfaits :<\/p>\n<p>Compos\u00e9 \u00e0 97% d\u2019ingr\u00e9dients d\u2019origine naturelle, le Spray \u00e0 la Camomille offre une triple action : il \u00e9claircit en douceur et de fa\u00e7on naturelle, fait briller et facilite le d\u00e9m\u00ealage des cheveux blonds naturels, color\u00e9s ou m\u00e9ch\u00e9s. Sa formule minimaliste, haute tol\u00e9rance, utilisable d\u00e8s 3 ans, est enrichie en Camomille et vinaigre. Le vinaigre lisse les \u00e9cailles des cheveux et renforce leur brillance, tandis que la Camomille les \u00e9claircit en douceur tout en les prot\u00e9geant du dess\u00e8chement. Vaporis\u00e9 sur cheveux secs ou mouill\u00e9s, le Spray offre une r\u00e9elle sensation de douceur aux cheveux, les plongeant dans un bain de lumi\u00e8re qui r\u00e9v\u00e8le toute leur beaut\u00e9. Selon le mode d\u2019application, il permet 3 effets \u00e9claircissants : un total look blond, un effet m\u00e8che \u00e0 m\u00e8che ou un effet \u00ab\u00a0tie and dye\u00a0\u00bb sur les longueurs.<\/p>\n<p>Conseils d&rsquo;utilisation<\/p>\n<p>1 . APPLIQUER<br \/>\nAppliquer sur cheveux secs ou humides.<\/p>\n<p>2 . DEMELER<br \/>\nFacile \u00e0 d\u00e9m\u00ealer et adoucit instantan\u00e9ment. Ne pas rincer.<\/p>","protected":false},"excerpt":{"rendered":"<p>Compos\u00e9 \u00e0 97% d\u2019ingr\u00e9dients d\u2019origine naturelle, le Spray \u00e0 la Camomille offre une triple action : il \u00e9claircit en douceur et de&hellip;<\/p>","protected":false},"featured_media":17862,"comment_status":"open","ping_status":"closed","template":"","meta":[],"product_cat":[84],"product_tag":[],"yith_product_brand":[123],"class_list":{"0":"post-17863","1":"product","2":"type-product","3":"status-publish","4":"has-post-thumbnail","6":"product_cat-soins-cheveux","7":"yith_product_brand-klorane","9":"first","10":"instock","11":"sale","12":"shipping-taxable","13":"purchasable","14":"product-type-simple"},"_links":{"self":[{"href":"https:\/\/parapharmacieenligne.ma\/en\/wp-json\/wp\/v2\/product\/17863","targetHints":{"allow":["GET"]}}],"collection":[{"href":"https:\/\/parapharmacieenligne.ma\/en\/wp-json\/wp\/v2\/product"}],"about":[{"href":"https:\/\/parapharmacieenligne.ma\/en\/wp-json\/wp\/v2\/types\/product"}],"replies":[{"embeddable":true,"href":"https:\/\/parapharmacieenligne.ma\/en\/wp-json\/wp\/v2\/comments?post=17863"}],"version-history":[{"count":1,"href":"https:\/\/parapharmacieenligne.ma\/en\/wp-json\/wp\/v2\/product\/17863\/revisions"}],"predecessor-version":[{"id":17864,"href":"https:\/\/parapharmacieenligne.ma\/en\/wp-json\/wp\/v2\/product\/17863\/revisions\/17864"}],"wp:featuredmedia":[{"embeddable":true,"href":"https:\/\/parapharmacieenligne.ma\/en\/wp-json\/wp\/v2\/media\/17862"}],"wp:attachment":[{"href":"https:\/\/parapharmacieenligne.ma\/en\/wp-json\/wp\/v2\/media?parent=17863"}],"wp:term":[{"taxonomy":"product_cat","embeddable":true,"href":"https:\/\/parapharmacieenligne.ma\/en\/wp-json\/wp\/v2\/product_cat?post=17863"},{"taxonomy":"product_tag","embeddable":true,"href":"https:\/\/parapharmacieenligne.ma\/en\/wp-json\/wp\/v2\/product_tag?post=17863"},{"taxonomy":"yith_product_brand","embeddable":true,"href":"https:\/\/parapharmacieenligne.ma\/en\/wp-json\/wp\/v2\/yith_product_brand?post=17863"}],"curies":[{"name":"wp","href":"https:\/\/api.w.org\/{rel}","templated":true}]}}