{"id":18013,"date":"2026-03-16T14:03:41","date_gmt":"2026-03-16T13:03:41","guid":{"rendered":"https:\/\/parapharmacieenligne.ma\/?post_type=product&#038;p=18013"},"modified":"2026-03-16T14:03:49","modified_gmt":"2026-03-16T13:03:49","slug":"bioderma-hydrabio-lotion-tonique-250-ml","status":"publish","type":"product","link":"https:\/\/parapharmacieenligne.ma\/en\/product\/bioderma-hydrabio-lotion-tonique-250-ml\/","title":{"rendered":"BIODERMA HYDRABIO LOTION TONIQUE 250 ML"},"content":{"rendered":"<p>Tous les jours pollution, stress, froid perturbent l&rsquo;activit\u00e9 cellulaire de la peau. Elle se d\u00e9shydrate, tiraille, devient inconfortable, perd de son \u00e9clat.<br \/>\nHydrabio Lotion Tonique est la premi\u00e8re lotion tonique hydratante \u00e0 l&rsquo;Aquag\u00e9nium. Innovation Bioderma ce complexe biologique brevet\u00e9 r\u00e9apprend \u00e0 la peau \u00e0 g\u00e9n\u00e9rer, en profondeur, et \u00e0 retenir, en surface, l&rsquo;eau indispensable \u00e0 son \u00e9quilibre naturel. R\u00e9\u00e9quilibr\u00e9e, hydrat\u00e9e durablement, la peau retrouve confort, souplesse et \u00e9clat.La texture l\u00e9g\u00e8re d&rsquo;Hydrabio Lotion Tonique apporte une agr\u00e9able sensation de fra\u00eecheur. La peau retrouve tonus et \u00e9clat. Hydrabio Lotion Tonique garantit une excellente tol\u00e9rance cutan\u00e9e et oculaire. Hydrabio Lotion Tonique est non com\u00e9dog\u00e8ne et hypoallerg\u00e9nique. Hydrabio Lotion tonique pour peaux d\u00e9shydrat\u00e9es et sensibles.<\/p>\n<p>Conseils d&rsquo;utilisation:<\/p>\n<p>Imbibez un coton avec Hydrabio Lotion Tonique et appliquez par tamponnements d\u00e9licats sur le visage, les yeux et le cou, pr\u00e9alablement nettoy\u00e9s avec Hydrabio Eau Lact\u00e9e. Hydrabio Lotion Tonique peut ne pas se rincer.Il est id\u00e9al avant l&rsquo;application du soin r\u00e9hydratant profond g\u00e9n\u00e9rateur d&rsquo;hydratation Hydrabio Cr\u00e8me Riche ou Hydrabio Cr\u00e8me L\u00e9g\u00e8re.<\/p>","protected":false},"excerpt":{"rendered":"<p>Tous les jours pollution, stress, froid perturbent l&rsquo;activit\u00e9 cellulaire de la peau. Elle se d\u00e9shydrate, tiraille, devient inconfortable, perd de son \u00e9clat.&hellip;<\/p>","protected":false},"featured_media":18012,"comment_status":"open","ping_status":"closed","template":"","meta":[],"product_cat":[83],"product_tag":[],"yith_product_brand":[105],"class_list":{"0":"post-18013","1":"product","2":"type-product","3":"status-publish","4":"has-post-thumbnail","6":"product_cat-soins-visage","7":"yith_product_brand-bioderma","9":"first","10":"instock","11":"sale","12":"shipping-taxable","13":"purchasable","14":"product-type-simple"},"_links":{"self":[{"href":"https:\/\/parapharmacieenligne.ma\/en\/wp-json\/wp\/v2\/product\/18013","targetHints":{"allow":["GET"]}}],"collection":[{"href":"https:\/\/parapharmacieenligne.ma\/en\/wp-json\/wp\/v2\/product"}],"about":[{"href":"https:\/\/parapharmacieenligne.ma\/en\/wp-json\/wp\/v2\/types\/product"}],"replies":[{"embeddable":true,"href":"https:\/\/parapharmacieenligne.ma\/en\/wp-json\/wp\/v2\/comments?post=18013"}],"version-history":[{"count":1,"href":"https:\/\/parapharmacieenligne.ma\/en\/wp-json\/wp\/v2\/product\/18013\/revisions"}],"predecessor-version":[{"id":18014,"href":"https:\/\/parapharmacieenligne.ma\/en\/wp-json\/wp\/v2\/product\/18013\/revisions\/18014"}],"wp:featuredmedia":[{"embeddable":true,"href":"https:\/\/parapharmacieenligne.ma\/en\/wp-json\/wp\/v2\/media\/18012"}],"wp:attachment":[{"href":"https:\/\/parapharmacieenligne.ma\/en\/wp-json\/wp\/v2\/media?parent=18013"}],"wp:term":[{"taxonomy":"product_cat","embeddable":true,"href":"https:\/\/parapharmacieenligne.ma\/en\/wp-json\/wp\/v2\/product_cat?post=18013"},{"taxonomy":"product_tag","embeddable":true,"href":"https:\/\/parapharmacieenligne.ma\/en\/wp-json\/wp\/v2\/product_tag?post=18013"},{"taxonomy":"yith_product_brand","embeddable":true,"href":"https:\/\/parapharmacieenligne.ma\/en\/wp-json\/wp\/v2\/yith_product_brand?post=18013"}],"curies":[{"name":"wp","href":"https:\/\/api.w.org\/{rel}","templated":true}]}}