{"id":18019,"date":"2026-03-16T14:04:13","date_gmt":"2026-03-16T13:04:13","guid":{"rendered":"https:\/\/parapharmacieenligne.ma\/?post_type=product&#038;p=18019"},"modified":"2026-03-30T21:22:57","modified_gmt":"2026-03-30T19:22:57","slug":"bioderma-sebium-gel-moussant-actif-200-ml","status":"publish","type":"product","link":"https:\/\/parapharmacieenligne.ma\/en\/product\/bioderma-sebium-gel-moussant-actif-200-ml\/","title":{"rendered":"BIODERMA SEBIUM GEL MOUSSANT ACTIF 200 ML"},"content":{"rendered":"<p>Peaux mixtes ou grasses Nettoyant quotidien purifiant. Assainit l&rsquo;\u00e9piderme et normalise l&rsquo;exc\u00e8s de s\u00e9bum. Le gel purifiant qui nettoie en douceur et pr\u00e9vient l&rsquo;apparition des imperfections d\u00e8s l&rsquo;hygi\u00e8ne &#8211; Nettoie et purifie en douceur<br \/>\n&#8211; Limite la s\u00e9cr\u00e9tion du s\u00e9bum &#8211; Evite l&rsquo;obstruction des pores &#8211; Garantit une bonne tol\u00e9rance cutan\u00e9e et oculaire &#8211; Base lavante sans savon<\/p>\n<p>Conseils d&rsquo;utilisation:<\/p>\n<p>Matin et\/ou soir \u2013 7 jours\/7 Appliquez S\u00e9bium Gel moussant sur peau mouill\u00e9e.<br \/>\nFaites mousser puis rincez abondamment. S\u00e9chez d\u00e9licatement.<\/p>","protected":false},"excerpt":{"rendered":"<p>Peaux mixtes ou grasses Nettoyant quotidien purifiant. Assainit l&rsquo;\u00e9piderme et normalise l&rsquo;exc\u00e8s de s\u00e9bum. Le gel purifiant qui nettoie en douceur et&hellip;<\/p>","protected":false},"featured_media":18018,"comment_status":"open","ping_status":"closed","template":"","meta":[],"product_cat":[206,83],"product_tag":[],"yith_product_brand":[105],"class_list":{"0":"post-18019","1":"product","2":"type-product","3":"status-publish","4":"has-post-thumbnail","6":"product_cat-acne","7":"product_cat-soins-visage","8":"yith_product_brand-bioderma","10":"first","11":"instock","12":"sale","13":"shipping-taxable","14":"purchasable","15":"product-type-simple"},"_links":{"self":[{"href":"https:\/\/parapharmacieenligne.ma\/en\/wp-json\/wp\/v2\/product\/18019","targetHints":{"allow":["GET"]}}],"collection":[{"href":"https:\/\/parapharmacieenligne.ma\/en\/wp-json\/wp\/v2\/product"}],"about":[{"href":"https:\/\/parapharmacieenligne.ma\/en\/wp-json\/wp\/v2\/types\/product"}],"replies":[{"embeddable":true,"href":"https:\/\/parapharmacieenligne.ma\/en\/wp-json\/wp\/v2\/comments?post=18019"}],"version-history":[{"count":1,"href":"https:\/\/parapharmacieenligne.ma\/en\/wp-json\/wp\/v2\/product\/18019\/revisions"}],"predecessor-version":[{"id":18020,"href":"https:\/\/parapharmacieenligne.ma\/en\/wp-json\/wp\/v2\/product\/18019\/revisions\/18020"}],"wp:featuredmedia":[{"embeddable":true,"href":"https:\/\/parapharmacieenligne.ma\/en\/wp-json\/wp\/v2\/media\/18018"}],"wp:attachment":[{"href":"https:\/\/parapharmacieenligne.ma\/en\/wp-json\/wp\/v2\/media?parent=18019"}],"wp:term":[{"taxonomy":"product_cat","embeddable":true,"href":"https:\/\/parapharmacieenligne.ma\/en\/wp-json\/wp\/v2\/product_cat?post=18019"},{"taxonomy":"product_tag","embeddable":true,"href":"https:\/\/parapharmacieenligne.ma\/en\/wp-json\/wp\/v2\/product_tag?post=18019"},{"taxonomy":"yith_product_brand","embeddable":true,"href":"https:\/\/parapharmacieenligne.ma\/en\/wp-json\/wp\/v2\/yith_product_brand?post=18019"}],"curies":[{"name":"wp","href":"https:\/\/api.w.org\/{rel}","templated":true}]}}