{"id":18035,"date":"2026-03-16T14:06:33","date_gmt":"2026-03-16T13:06:33","guid":{"rendered":"https:\/\/parapharmacieenligne.ma\/?post_type=product&#038;p=18035"},"modified":"2026-03-31T11:14:11","modified_gmt":"2026-03-31T09:14:11","slug":"bioderma-sebium-h2o-solution-micellaire-250-ml","status":"publish","type":"product","link":"https:\/\/parapharmacieenligne.ma\/en\/product\/bioderma-sebium-h2o-solution-micellaire-250-ml\/","title":{"rendered":"BIODERMA SEBIUM H2O SOLUTION MICELLAIRE 250 ML"},"content":{"rendered":"<p>\u2022 Innovation BIODERMA, S\u00e9bium H2O nettoie la peau en douceur sans dess\u00e9cher par un processus de micro-\u00e9mulsion des impuret\u00e9s et de l\u2019exc\u00e8s de s\u00e9bum.\u2022 Enrichi en actifs purifiants, S\u00e9bium H2O assainit l\u2019\u00e9piderme et limite la s\u00e9cr\u00e9tion s\u00e9bac\u00e9e. Le complexe s\u00e9bo-correcteur brevet\u00e9 Fluidactiv normalise la qualit\u00e9 du s\u00e9bum.\u2022 S\u00e9bium H2O garantit une excellente tol\u00e9rance cutan\u00e9e et oculaire.\u2022 Non com\u00e9dog\u00e8ne.<\/p>\n<p>Conseils d&rsquo;utilisation<\/p>\n<p>\u2022 S\u00e9bium H2O est une formule nettoyante ultra-douce, utilisez-la avec infiniment de douceur. Imbibez un coton de S\u00e9bium H2O et nettoyez votre visage. Renouvelez l\u2019application jusqu\u2019\u00e0 ce que le coton soit propre.<\/p>\n<p>\u2022 S\u00e9bium H2O peut s\u2019utiliser sans rin\u00e7age. Il est toutefois imp\u00e9ratif de s\u00e9cher votre peau. Le s\u00e9chage doit rester d\u00e9licat. Tamponnez votre visage avec une serviette en coton propre.<\/p>\n<p>\u2022 S\u00e9bium H2O s\u2019utilise matin et soir.<\/p>","protected":false},"excerpt":{"rendered":"<p>\u2022 Innovation BIODERMA, S\u00e9bium H2O nettoie la peau en douceur sans dess\u00e9cher par un processus de micro-\u00e9mulsion des impuret\u00e9s et de l\u2019exc\u00e8s&hellip;<\/p>","protected":false},"featured_media":18034,"comment_status":"open","ping_status":"closed","template":"","meta":[],"product_cat":[206,83],"product_tag":[],"yith_product_brand":[105],"class_list":{"0":"post-18035","1":"product","2":"type-product","3":"status-publish","4":"has-post-thumbnail","6":"product_cat-acne","7":"product_cat-soins-visage","8":"yith_product_brand-bioderma","10":"first","11":"instock","12":"sale","13":"shipping-taxable","14":"purchasable","15":"product-type-simple"},"_links":{"self":[{"href":"https:\/\/parapharmacieenligne.ma\/en\/wp-json\/wp\/v2\/product\/18035","targetHints":{"allow":["GET"]}}],"collection":[{"href":"https:\/\/parapharmacieenligne.ma\/en\/wp-json\/wp\/v2\/product"}],"about":[{"href":"https:\/\/parapharmacieenligne.ma\/en\/wp-json\/wp\/v2\/types\/product"}],"replies":[{"embeddable":true,"href":"https:\/\/parapharmacieenligne.ma\/en\/wp-json\/wp\/v2\/comments?post=18035"}],"version-history":[{"count":1,"href":"https:\/\/parapharmacieenligne.ma\/en\/wp-json\/wp\/v2\/product\/18035\/revisions"}],"predecessor-version":[{"id":18036,"href":"https:\/\/parapharmacieenligne.ma\/en\/wp-json\/wp\/v2\/product\/18035\/revisions\/18036"}],"wp:featuredmedia":[{"embeddable":true,"href":"https:\/\/parapharmacieenligne.ma\/en\/wp-json\/wp\/v2\/media\/18034"}],"wp:attachment":[{"href":"https:\/\/parapharmacieenligne.ma\/en\/wp-json\/wp\/v2\/media?parent=18035"}],"wp:term":[{"taxonomy":"product_cat","embeddable":true,"href":"https:\/\/parapharmacieenligne.ma\/en\/wp-json\/wp\/v2\/product_cat?post=18035"},{"taxonomy":"product_tag","embeddable":true,"href":"https:\/\/parapharmacieenligne.ma\/en\/wp-json\/wp\/v2\/product_tag?post=18035"},{"taxonomy":"yith_product_brand","embeddable":true,"href":"https:\/\/parapharmacieenligne.ma\/en\/wp-json\/wp\/v2\/yith_product_brand?post=18035"}],"curies":[{"name":"wp","href":"https:\/\/api.w.org\/{rel}","templated":true}]}}