{"id":18044,"date":"2026-03-16T14:09:27","date_gmt":"2026-03-16T13:09:27","guid":{"rendered":"https:\/\/parapharmacieenligne.ma\/?post_type=product&#038;p=18044"},"modified":"2026-03-16T14:09:45","modified_gmt":"2026-03-16T13:09:45","slug":"bioderma-sensibio-ar-creme-40ml-anti-rougeurs","status":"publish","type":"product","link":"https:\/\/parapharmacieenligne.ma\/en\/product\/bioderma-sensibio-ar-creme-40ml-anti-rougeurs\/","title":{"rendered":"BIODERMA SENSIBIO AR+ CREME 40ML ANTI ROUGEURS"},"content":{"rendered":"<p>Le soin quotidien ultra-confort qui garantit aux peaux sensibles fines et r\u00e9actives pr\u00e9sentant des rougeurs passag\u00e8res intenses (agressions climatiques, \u00e9motions, alimentation, chauffage, \u2026) ou permanentes (petits vaisseaux apparents) une protection active Anti-Rougeur.\u2022 Sensibio AR garantit un r\u00e9sultat imm\u00e9diat et prolong\u00e9 :- L\u2019association d\u2019actifs apaisants intenses de Sensibio AR diminue instantan\u00e9ment les rougeurs et les sensations de chaleur.- Gr\u00e2ce \u00e0 l\u2019ef\ufb01cacit\u00e9 des actifs anti-rougeurs s\u00e9lectionn\u00e9s, son brevet exclusif et novateur Rosactiv (Brevet BIODERMA) agit directement sur le facteur responsable de la dilatation et de la fragilisation des capillaires cutan\u00e9s (sources de rougeurs permanentes). Utilis\u00e9 quotidiennement, Sensibio AR diminue ainsi durablement l\u2019intensit\u00e9 des rougeurs et r\u00e9duit leur fr\u00e9quence d\u2019apparition.\u2022 Les nacres iris\u00e9es vertes de Sensibio AR neutralisent et att\u00e9nuent les rougeurs diffuses.\u2022 Les actifs hydratants et restructurants de Sensibio AR apportent un r\u00e9el confort cutan\u00e9. Sensibio AR permet de retrouver un teint lumineux.\u2022 Tr\u00e8s agr\u00e9able, la texture \u201ccr\u00e8me\u201d, l\u00e9g\u00e8re et non grasse, de Sensibio AR optimise le bien-\u00eatre de la peau.\u2022 Sensibio AR offre une excellente tol\u00e9rance, m\u00eame aux peaux les plus sensibles.<\/p>\n<p>Conseils d&rsquo;utilisation<\/p>\n<p>\u2022 Appliquez Sensibio AR 1 \u00e0 2 fois par jour sur une peau nettoy\u00e9e.\u2022 Sensibio AR constitue une tr\u00e8s bonne base de maquillage.<\/p>","protected":false},"excerpt":{"rendered":"<p>Le soin quotidien ultra-confort qui garantit aux peaux sensibles fines et r\u00e9actives pr\u00e9sentant des rougeurs passag\u00e8res intenses (agressions climatiques, \u00e9motions, alimentation, chauffage,&hellip;<\/p>","protected":false},"featured_media":18043,"comment_status":"open","ping_status":"closed","template":"","meta":[],"product_cat":[83],"product_tag":[],"yith_product_brand":[105],"class_list":{"0":"post-18044","1":"product","2":"type-product","3":"status-publish","4":"has-post-thumbnail","6":"product_cat-soins-visage","7":"yith_product_brand-bioderma","9":"first","10":"instock","11":"sale","12":"shipping-taxable","13":"purchasable","14":"product-type-simple"},"_links":{"self":[{"href":"https:\/\/parapharmacieenligne.ma\/en\/wp-json\/wp\/v2\/product\/18044","targetHints":{"allow":["GET"]}}],"collection":[{"href":"https:\/\/parapharmacieenligne.ma\/en\/wp-json\/wp\/v2\/product"}],"about":[{"href":"https:\/\/parapharmacieenligne.ma\/en\/wp-json\/wp\/v2\/types\/product"}],"replies":[{"embeddable":true,"href":"https:\/\/parapharmacieenligne.ma\/en\/wp-json\/wp\/v2\/comments?post=18044"}],"version-history":[{"count":1,"href":"https:\/\/parapharmacieenligne.ma\/en\/wp-json\/wp\/v2\/product\/18044\/revisions"}],"predecessor-version":[{"id":18045,"href":"https:\/\/parapharmacieenligne.ma\/en\/wp-json\/wp\/v2\/product\/18044\/revisions\/18045"}],"wp:featuredmedia":[{"embeddable":true,"href":"https:\/\/parapharmacieenligne.ma\/en\/wp-json\/wp\/v2\/media\/18043"}],"wp:attachment":[{"href":"https:\/\/parapharmacieenligne.ma\/en\/wp-json\/wp\/v2\/media?parent=18044"}],"wp:term":[{"taxonomy":"product_cat","embeddable":true,"href":"https:\/\/parapharmacieenligne.ma\/en\/wp-json\/wp\/v2\/product_cat?post=18044"},{"taxonomy":"product_tag","embeddable":true,"href":"https:\/\/parapharmacieenligne.ma\/en\/wp-json\/wp\/v2\/product_tag?post=18044"},{"taxonomy":"yith_product_brand","embeddable":true,"href":"https:\/\/parapharmacieenligne.ma\/en\/wp-json\/wp\/v2\/yith_product_brand?post=18044"}],"curies":[{"name":"wp","href":"https:\/\/api.w.org\/{rel}","templated":true}]}}