{"id":18062,"date":"2026-03-16T14:11:09","date_gmt":"2026-03-16T13:11:09","guid":{"rendered":"https:\/\/parapharmacieenligne.ma\/?post_type=product&#038;p=18062"},"modified":"2026-03-16T14:11:16","modified_gmt":"2026-03-16T13:11:16","slug":"bioderma-hydrabio-serum-concentre-hydratant-40-ml","status":"publish","type":"product","link":"https:\/\/parapharmacieenligne.ma\/en\/product\/bioderma-hydrabio-serum-concentre-hydratant-40-ml\/","title":{"rendered":"BIODERMA HYDRABIO SERUM CONCENTRE HYDRATANT 40 ML"},"content":{"rendered":"<p>Con\u00e7u pour les peaux sensibles d\u00e9shydrat\u00e9es, Hydrabio S\u00e9rum est adapt\u00e9 \u00e0 tous les types de peau, seul ou accompagn\u00e9 d&rsquo;un soin. Ce s\u00e9rum hydrate intens\u00e9ment et durablement. Le grain de peau est plus lisse, le teint unifi\u00e9, lumineux et \u00e9clatant<\/p>\n<p>Conseils d&rsquo;utilisation:<\/p>\n<p>\u00c0 utiliser seul ou avant une cr\u00e8me de la gamme Hydrabio, ce s\u00e9rum hypoallerg\u00e9nique constitue une bonne base de maquillage. Appliquez Hydrabio S\u00e9rum matin ou soir sur votre visage et votre cou, pr\u00e9alablement nettoy\u00e9s avec Hydrabio Lait ou Hydrabio H2O et tonifi\u00e9s avec Hydrabio Tonique.<\/p>","protected":false},"excerpt":{"rendered":"<p>Con\u00e7u pour les peaux sensibles d\u00e9shydrat\u00e9es, Hydrabio S\u00e9rum est adapt\u00e9 \u00e0 tous les types de peau, seul ou accompagn\u00e9 d&rsquo;un soin. Ce&hellip;<\/p>","protected":false},"featured_media":18061,"comment_status":"open","ping_status":"closed","template":"","meta":[],"product_cat":[83],"product_tag":[],"yith_product_brand":[105],"class_list":{"0":"post-18062","1":"product","2":"type-product","3":"status-publish","4":"has-post-thumbnail","6":"product_cat-soins-visage","7":"yith_product_brand-bioderma","9":"first","10":"instock","11":"sale","12":"shipping-taxable","13":"purchasable","14":"product-type-simple"},"_links":{"self":[{"href":"https:\/\/parapharmacieenligne.ma\/en\/wp-json\/wp\/v2\/product\/18062","targetHints":{"allow":["GET"]}}],"collection":[{"href":"https:\/\/parapharmacieenligne.ma\/en\/wp-json\/wp\/v2\/product"}],"about":[{"href":"https:\/\/parapharmacieenligne.ma\/en\/wp-json\/wp\/v2\/types\/product"}],"replies":[{"embeddable":true,"href":"https:\/\/parapharmacieenligne.ma\/en\/wp-json\/wp\/v2\/comments?post=18062"}],"version-history":[{"count":1,"href":"https:\/\/parapharmacieenligne.ma\/en\/wp-json\/wp\/v2\/product\/18062\/revisions"}],"predecessor-version":[{"id":18063,"href":"https:\/\/parapharmacieenligne.ma\/en\/wp-json\/wp\/v2\/product\/18062\/revisions\/18063"}],"wp:featuredmedia":[{"embeddable":true,"href":"https:\/\/parapharmacieenligne.ma\/en\/wp-json\/wp\/v2\/media\/18061"}],"wp:attachment":[{"href":"https:\/\/parapharmacieenligne.ma\/en\/wp-json\/wp\/v2\/media?parent=18062"}],"wp:term":[{"taxonomy":"product_cat","embeddable":true,"href":"https:\/\/parapharmacieenligne.ma\/en\/wp-json\/wp\/v2\/product_cat?post=18062"},{"taxonomy":"product_tag","embeddable":true,"href":"https:\/\/parapharmacieenligne.ma\/en\/wp-json\/wp\/v2\/product_tag?post=18062"},{"taxonomy":"yith_product_brand","embeddable":true,"href":"https:\/\/parapharmacieenligne.ma\/en\/wp-json\/wp\/v2\/yith_product_brand?post=18062"}],"curies":[{"name":"wp","href":"https:\/\/api.w.org\/{rel}","templated":true}]}}