{"id":18080,"date":"2026-03-16T15:51:16","date_gmt":"2026-03-16T14:51:16","guid":{"rendered":"https:\/\/parapharmacieenligne.ma\/?post_type=product&#038;p=18080"},"modified":"2026-03-16T15:51:22","modified_gmt":"2026-03-16T14:51:22","slug":"bioderma-sensibio-gel-moussant-nettoyant-douceur-peaux-sensibles-200-ml-2","status":"publish","type":"product","link":"https:\/\/parapharmacieenligne.ma\/en\/product\/bioderma-sensibio-gel-moussant-nettoyant-douceur-peaux-sensibles-200-ml-2\/","title":{"rendered":"BIODERMA SENSIBIO GEL MOUSSANT NETTOYANT DOUCEUR PEAUX SENSIBLES 200 ML"},"content":{"rendered":"<p>Le complexe exclusif DAF est une association d&rsquo;actifs qui permet de renforcer le seuil de tol\u00e9rance de toutes les peaux sensibles.Enrichi en Coco Glucoside\/Glyc\u00e9ryl Ol\u00e9ate: principe actif biomim\u00e9tique, Sensibio Gel Moussant a des propri\u00e9t\u00e9s relipidantes et hydratantes. <\/p>\n<p>CONSEILS D&rsquo;UTILISATION :<\/p>\n<p>Appliquer sur peau mouill\u00e9e.Faire mousser puis rincer abondamment. S\u00e9cher d\u00e9licatement.S\u2019utilise matin et\/ou soir.<\/p>","protected":false},"excerpt":{"rendered":"<p>Le complexe exclusif DAF est une association d&rsquo;actifs qui permet de renforcer le seuil de tol\u00e9rance de toutes les peaux sensibles.Enrichi en&hellip;<\/p>","protected":false},"featured_media":18079,"comment_status":"open","ping_status":"closed","template":"","meta":[],"product_cat":[83],"product_tag":[],"yith_product_brand":[105],"class_list":{"0":"post-18080","1":"product","2":"type-product","3":"status-publish","4":"has-post-thumbnail","6":"product_cat-soins-visage","7":"yith_product_brand-bioderma","9":"first","10":"instock","11":"sale","12":"shipping-taxable","13":"purchasable","14":"product-type-simple"},"_links":{"self":[{"href":"https:\/\/parapharmacieenligne.ma\/en\/wp-json\/wp\/v2\/product\/18080","targetHints":{"allow":["GET"]}}],"collection":[{"href":"https:\/\/parapharmacieenligne.ma\/en\/wp-json\/wp\/v2\/product"}],"about":[{"href":"https:\/\/parapharmacieenligne.ma\/en\/wp-json\/wp\/v2\/types\/product"}],"replies":[{"embeddable":true,"href":"https:\/\/parapharmacieenligne.ma\/en\/wp-json\/wp\/v2\/comments?post=18080"}],"version-history":[{"count":1,"href":"https:\/\/parapharmacieenligne.ma\/en\/wp-json\/wp\/v2\/product\/18080\/revisions"}],"predecessor-version":[{"id":18081,"href":"https:\/\/parapharmacieenligne.ma\/en\/wp-json\/wp\/v2\/product\/18080\/revisions\/18081"}],"wp:featuredmedia":[{"embeddable":true,"href":"https:\/\/parapharmacieenligne.ma\/en\/wp-json\/wp\/v2\/media\/18079"}],"wp:attachment":[{"href":"https:\/\/parapharmacieenligne.ma\/en\/wp-json\/wp\/v2\/media?parent=18080"}],"wp:term":[{"taxonomy":"product_cat","embeddable":true,"href":"https:\/\/parapharmacieenligne.ma\/en\/wp-json\/wp\/v2\/product_cat?post=18080"},{"taxonomy":"product_tag","embeddable":true,"href":"https:\/\/parapharmacieenligne.ma\/en\/wp-json\/wp\/v2\/product_tag?post=18080"},{"taxonomy":"yith_product_brand","embeddable":true,"href":"https:\/\/parapharmacieenligne.ma\/en\/wp-json\/wp\/v2\/yith_product_brand?post=18080"}],"curies":[{"name":"wp","href":"https:\/\/api.w.org\/{rel}","templated":true}]}}