{"id":18083,"date":"2026-03-16T15:51:31","date_gmt":"2026-03-16T14:51:31","guid":{"rendered":"https:\/\/parapharmacieenligne.ma\/?post_type=product&#038;p=18083"},"modified":"2026-03-16T15:51:38","modified_gmt":"2026-03-16T14:51:38","slug":"bioderma-sensibio-h2o-ar-anti-rougeurs-250-ml-2","status":"publish","type":"product","link":"https:\/\/parapharmacieenligne.ma\/en\/product\/bioderma-sensibio-h2o-ar-anti-rougeurs-250-ml-2\/","title":{"rendered":"BIODERMA SENSIBIO H2O AR ANTI ROUGEURS 250 ML"},"content":{"rendered":"<p>Bioderma Sensibio H2O AR favorise la diminution des rougeurs d\u00e8s l&rsquo;hygi\u00e8ne. \u2022Diminue et pr\u00e9vient biologiquement les rougeurs. \u2022Nettoie et d\u00e9maquille parfaitement le visage et les yeux. \u2022Apaise et d\u00e9congestionne. \u2022 Sans rin\u00e7age. \u2022Sans parfum, sans alcool, sans parab\u00e8ne. \u2022Hypoallerg\u00e9nique. La peau est nettoy\u00e9e en douceur.<\/p>\n<p>Conseils d&rsquo;utilisation: <\/p>\n<p>\u2022Appliquer \u00e0 l&rsquo;aide d&rsquo;un coton pour nettoyez et\/ou d\u00e9maquillez votre visage et vos yeux, ne pas rincer. \u2022Renouvelez l&rsquo;application jusqu&rsquo;\u00e0 ce que le coton soit propre. \u2022Apr\u00e8s la toilette, utiliser une cr\u00e8me de la gamme Sensibio adapt\u00e9 \u00e0 votre peau pour un r\u00e9sultat optimal.<\/p>","protected":false},"excerpt":{"rendered":"<p>Bioderma Sensibio H2O AR favorise la diminution des rougeurs d\u00e8s l&rsquo;hygi\u00e8ne. \u2022Diminue et pr\u00e9vient biologiquement les rougeurs. \u2022Nettoie et d\u00e9maquille parfaitement le&hellip;<\/p>","protected":false},"featured_media":18082,"comment_status":"open","ping_status":"closed","template":"","meta":[],"product_cat":[83],"product_tag":[],"yith_product_brand":[105],"class_list":{"0":"post-18083","1":"product","2":"type-product","3":"status-publish","4":"has-post-thumbnail","6":"product_cat-soins-visage","7":"yith_product_brand-bioderma","9":"first","10":"instock","11":"sale","12":"shipping-taxable","13":"purchasable","14":"product-type-simple"},"_links":{"self":[{"href":"https:\/\/parapharmacieenligne.ma\/en\/wp-json\/wp\/v2\/product\/18083","targetHints":{"allow":["GET"]}}],"collection":[{"href":"https:\/\/parapharmacieenligne.ma\/en\/wp-json\/wp\/v2\/product"}],"about":[{"href":"https:\/\/parapharmacieenligne.ma\/en\/wp-json\/wp\/v2\/types\/product"}],"replies":[{"embeddable":true,"href":"https:\/\/parapharmacieenligne.ma\/en\/wp-json\/wp\/v2\/comments?post=18083"}],"version-history":[{"count":1,"href":"https:\/\/parapharmacieenligne.ma\/en\/wp-json\/wp\/v2\/product\/18083\/revisions"}],"predecessor-version":[{"id":18084,"href":"https:\/\/parapharmacieenligne.ma\/en\/wp-json\/wp\/v2\/product\/18083\/revisions\/18084"}],"wp:featuredmedia":[{"embeddable":true,"href":"https:\/\/parapharmacieenligne.ma\/en\/wp-json\/wp\/v2\/media\/18082"}],"wp:attachment":[{"href":"https:\/\/parapharmacieenligne.ma\/en\/wp-json\/wp\/v2\/media?parent=18083"}],"wp:term":[{"taxonomy":"product_cat","embeddable":true,"href":"https:\/\/parapharmacieenligne.ma\/en\/wp-json\/wp\/v2\/product_cat?post=18083"},{"taxonomy":"product_tag","embeddable":true,"href":"https:\/\/parapharmacieenligne.ma\/en\/wp-json\/wp\/v2\/product_tag?post=18083"},{"taxonomy":"yith_product_brand","embeddable":true,"href":"https:\/\/parapharmacieenligne.ma\/en\/wp-json\/wp\/v2\/yith_product_brand?post=18083"}],"curies":[{"name":"wp","href":"https:\/\/api.w.org\/{rel}","templated":true}]}}