{"id":18131,"date":"2026-03-16T16:03:25","date_gmt":"2026-03-16T15:03:25","guid":{"rendered":"https:\/\/parapharmacieenligne.ma\/?post_type=product&#038;p=18131"},"modified":"2026-03-31T22:40:22","modified_gmt":"2026-03-31T20:40:22","slug":"bioderma-sebium-gel-gommant-exfoliant-purifiant-100ml","status":"publish","type":"product","link":"https:\/\/parapharmacieenligne.ma\/en\/product\/bioderma-sebium-gel-gommant-exfoliant-purifiant-100ml\/","title":{"rendered":"BIODERMA SEBIUM GEL GOMMANT EXFOLIANT PURIFIANT 100ML"},"content":{"rendered":"<p>Le Gel gommant de BIODERMA, nettoie et d\u00e9sincruste la peau en douceur. A l&rsquo;aide des actifs k\u00e9ratolytiques, les micros billes activent l&rsquo;\u00e9limination des impuret\u00e9s et favorisent le renouvellement cellulaire.Sa formule haute tol\u00e9rance respecte l&rsquo;\u00e9quilibre biologique cutan\u00e9 gr\u00e2ce aux agents nettoyants pr\u00e9sent dans ce Gel. Apr\u00e8s application, la peau est exfoli\u00e9e, et elle est pr\u00e9par\u00e9e \u00e0 l&rsquo;application d&rsquo;un cr\u00e8me de soin.<\/p>\n<p>Conseils d&rsquo;utilisation<\/p>\n<p>En alternant avec me Gel moussant, 1 \u00e0 2 fois par semaine: Appliquez le Gel gommant sur le visage humidifi\u00e9. Massez par mouvements circulaires 1 \u00e0 2 minutes.Rincez et s\u00e8chez d\u00e9licatement.<\/p>","protected":false},"excerpt":{"rendered":"<p>Le Gel gommant de BIODERMA, nettoie et d\u00e9sincruste la peau en douceur. A l&rsquo;aide des actifs k\u00e9ratolytiques, les micros billes activent l&rsquo;\u00e9limination&hellip;<\/p>","protected":false},"featured_media":18130,"comment_status":"open","ping_status":"closed","template":"","meta":[],"product_cat":[206,83],"product_tag":[],"yith_product_brand":[105],"class_list":{"0":"post-18131","1":"product","2":"type-product","3":"status-publish","4":"has-post-thumbnail","6":"product_cat-acne","7":"product_cat-soins-visage","8":"yith_product_brand-bioderma","10":"first","11":"instock","12":"sale","13":"shipping-taxable","14":"purchasable","15":"product-type-simple"},"_links":{"self":[{"href":"https:\/\/parapharmacieenligne.ma\/en\/wp-json\/wp\/v2\/product\/18131","targetHints":{"allow":["GET"]}}],"collection":[{"href":"https:\/\/parapharmacieenligne.ma\/en\/wp-json\/wp\/v2\/product"}],"about":[{"href":"https:\/\/parapharmacieenligne.ma\/en\/wp-json\/wp\/v2\/types\/product"}],"replies":[{"embeddable":true,"href":"https:\/\/parapharmacieenligne.ma\/en\/wp-json\/wp\/v2\/comments?post=18131"}],"version-history":[{"count":1,"href":"https:\/\/parapharmacieenligne.ma\/en\/wp-json\/wp\/v2\/product\/18131\/revisions"}],"predecessor-version":[{"id":18132,"href":"https:\/\/parapharmacieenligne.ma\/en\/wp-json\/wp\/v2\/product\/18131\/revisions\/18132"}],"wp:featuredmedia":[{"embeddable":true,"href":"https:\/\/parapharmacieenligne.ma\/en\/wp-json\/wp\/v2\/media\/18130"}],"wp:attachment":[{"href":"https:\/\/parapharmacieenligne.ma\/en\/wp-json\/wp\/v2\/media?parent=18131"}],"wp:term":[{"taxonomy":"product_cat","embeddable":true,"href":"https:\/\/parapharmacieenligne.ma\/en\/wp-json\/wp\/v2\/product_cat?post=18131"},{"taxonomy":"product_tag","embeddable":true,"href":"https:\/\/parapharmacieenligne.ma\/en\/wp-json\/wp\/v2\/product_tag?post=18131"},{"taxonomy":"yith_product_brand","embeddable":true,"href":"https:\/\/parapharmacieenligne.ma\/en\/wp-json\/wp\/v2\/yith_product_brand?post=18131"}],"curies":[{"name":"wp","href":"https:\/\/api.w.org\/{rel}","templated":true}]}}