{"id":18142,"date":"2026-03-16T16:13:45","date_gmt":"2026-03-16T15:13:45","guid":{"rendered":"https:\/\/parapharmacieenligne.ma\/?post_type=product&#038;p=18142"},"modified":"2026-03-31T22:48:54","modified_gmt":"2026-03-31T20:48:54","slug":"bioderma-sebium-global-cover-soin-intense-purifiant-teinte-universelle-30-ml","status":"publish","type":"product","link":"https:\/\/parapharmacieenligne.ma\/en\/product\/bioderma-sebium-global-cover-soin-intense-purifiant-teinte-universelle-30-ml\/","title":{"rendered":"BIODERMA SEBIUM GLOBAL COVER SOIN INTENSE PURIFIANT TEINTE UNIVERSELLE 30 ML"},"content":{"rendered":"<p>Le Soin teint\u00e9 Global Cover de BIODERMA, masque, \u00e9limine les boutons et emp\u00eache la formation de nouvelles imperfections. Son complexe d&rsquo;actifs agit sur les imperfections (boutons, points noirs, marques): &#8211; L&rsquo;acide salicyique: Lisse le grain de peau en d\u00e9sobstruant les pores.- L&rsquo;\u00e9noxolone: R\u00e9duit les rougeurs et les marques. &#8211; Le gluconate de zinc: R\u00e9gule les brillances. &#8211; La glyc\u00e9rine: Hydrate en profondeur.Apr\u00e8s application, les boutons sont masqu\u00e9s et la peau est unifi\u00e9e gr\u00e2ce \u00e0 la teinte du soin.<\/p>\n<p>Conseils d&rsquo;utilisation<\/p>\n<p>Sur une peau propre et saine, Appliquez le matin, le correcteur vert situ\u00e9 dans le bouchon sur les boutons. Puis appliquez le Soin teint\u00e9 sur l&rsquo;ensemble du visage. Refermez le capot apr\u00e8s chaque utilisation.<\/p>","protected":false},"excerpt":{"rendered":"<p>Le Soin teint\u00e9 Global Cover de BIODERMA, masque, \u00e9limine les boutons et emp\u00eache la formation de nouvelles imperfections. Son complexe d&rsquo;actifs agit&hellip;<\/p>","protected":false},"featured_media":18141,"comment_status":"open","ping_status":"closed","template":"","meta":[],"product_cat":[206,83],"product_tag":[],"yith_product_brand":[105],"class_list":{"0":"post-18142","1":"product","2":"type-product","3":"status-publish","4":"has-post-thumbnail","6":"product_cat-acne","7":"product_cat-soins-visage","8":"yith_product_brand-bioderma","10":"first","11":"instock","12":"sale","13":"shipping-taxable","14":"purchasable","15":"product-type-simple"},"_links":{"self":[{"href":"https:\/\/parapharmacieenligne.ma\/en\/wp-json\/wp\/v2\/product\/18142","targetHints":{"allow":["GET"]}}],"collection":[{"href":"https:\/\/parapharmacieenligne.ma\/en\/wp-json\/wp\/v2\/product"}],"about":[{"href":"https:\/\/parapharmacieenligne.ma\/en\/wp-json\/wp\/v2\/types\/product"}],"replies":[{"embeddable":true,"href":"https:\/\/parapharmacieenligne.ma\/en\/wp-json\/wp\/v2\/comments?post=18142"}],"version-history":[{"count":1,"href":"https:\/\/parapharmacieenligne.ma\/en\/wp-json\/wp\/v2\/product\/18142\/revisions"}],"predecessor-version":[{"id":18143,"href":"https:\/\/parapharmacieenligne.ma\/en\/wp-json\/wp\/v2\/product\/18142\/revisions\/18143"}],"wp:featuredmedia":[{"embeddable":true,"href":"https:\/\/parapharmacieenligne.ma\/en\/wp-json\/wp\/v2\/media\/18141"}],"wp:attachment":[{"href":"https:\/\/parapharmacieenligne.ma\/en\/wp-json\/wp\/v2\/media?parent=18142"}],"wp:term":[{"taxonomy":"product_cat","embeddable":true,"href":"https:\/\/parapharmacieenligne.ma\/en\/wp-json\/wp\/v2\/product_cat?post=18142"},{"taxonomy":"product_tag","embeddable":true,"href":"https:\/\/parapharmacieenligne.ma\/en\/wp-json\/wp\/v2\/product_tag?post=18142"},{"taxonomy":"yith_product_brand","embeddable":true,"href":"https:\/\/parapharmacieenligne.ma\/en\/wp-json\/wp\/v2\/yith_product_brand?post=18142"}],"curies":[{"name":"wp","href":"https:\/\/api.w.org\/{rel}","templated":true}]}}