{"id":18163,"date":"2026-03-16T16:26:51","date_gmt":"2026-03-16T15:26:51","guid":{"rendered":"https:\/\/parapharmacieenligne.ma\/?post_type=product&#038;p=18163"},"modified":"2026-03-16T16:26:59","modified_gmt":"2026-03-16T15:26:59","slug":"bioderma-cicabio-creme-soin-ultra-reparateur-apaisant-spf50-40-ml","status":"publish","type":"product","link":"https:\/\/parapharmacieenligne.ma\/en\/product\/bioderma-cicabio-creme-soin-ultra-reparateur-apaisant-spf50-40-ml\/","title":{"rendered":"BIODERMA CICABIO CREME + SOIN ULTRA REPARATEUR APAISANT SPF50+ 40 ML"},"content":{"rendered":"<p>Bioderma | Bioderma Cicabio SPF50+ 30 ml  est une tr\u00e8s haute protection solaire qui limite le risque d\u2019hyperpigmentation post-cicatricielles (taches brunes).Prot\u00e8ge des rayons UVA et UVB (SPF50). Restaure l&rsquo;\u00e9piderme. Limite le risque de marques cicatricielles. R\u00e9duit l\u2019incitation au grattage Assainit l\u2019\u00e9piderme Hydrate intens\u00e9ment.<\/p>\n<p>Conseils d&rsquo;utilisation:<\/p>\n<p>Appliquer localement sur la zone agress\u00e9e. Utiliser jusqu\u2019\u00e0 compl\u00e8te r\u00e9paration. Permet le maquillage.En cas d\u2019exposition, renouveler fr\u00e9quemment l\u2019application.<\/p>","protected":false},"excerpt":{"rendered":"<p>Bioderma | Bioderma Cicabio SPF50+ 30 ml est une tr\u00e8s haute protection solaire qui limite le risque d\u2019hyperpigmentation post-cicatricielles (taches brunes).Prot\u00e8ge des&hellip;<\/p>","protected":false},"featured_media":18162,"comment_status":"open","ping_status":"closed","template":"","meta":[],"product_cat":[85,83],"product_tag":[],"yith_product_brand":[105],"class_list":{"0":"post-18163","1":"product","2":"type-product","3":"status-publish","4":"has-post-thumbnail","6":"product_cat-soins-corps","7":"product_cat-soins-visage","8":"yith_product_brand-bioderma","10":"first","11":"instock","12":"sale","13":"shipping-taxable","14":"purchasable","15":"product-type-simple"},"_links":{"self":[{"href":"https:\/\/parapharmacieenligne.ma\/en\/wp-json\/wp\/v2\/product\/18163","targetHints":{"allow":["GET"]}}],"collection":[{"href":"https:\/\/parapharmacieenligne.ma\/en\/wp-json\/wp\/v2\/product"}],"about":[{"href":"https:\/\/parapharmacieenligne.ma\/en\/wp-json\/wp\/v2\/types\/product"}],"replies":[{"embeddable":true,"href":"https:\/\/parapharmacieenligne.ma\/en\/wp-json\/wp\/v2\/comments?post=18163"}],"version-history":[{"count":1,"href":"https:\/\/parapharmacieenligne.ma\/en\/wp-json\/wp\/v2\/product\/18163\/revisions"}],"predecessor-version":[{"id":18164,"href":"https:\/\/parapharmacieenligne.ma\/en\/wp-json\/wp\/v2\/product\/18163\/revisions\/18164"}],"wp:featuredmedia":[{"embeddable":true,"href":"https:\/\/parapharmacieenligne.ma\/en\/wp-json\/wp\/v2\/media\/18162"}],"wp:attachment":[{"href":"https:\/\/parapharmacieenligne.ma\/en\/wp-json\/wp\/v2\/media?parent=18163"}],"wp:term":[{"taxonomy":"product_cat","embeddable":true,"href":"https:\/\/parapharmacieenligne.ma\/en\/wp-json\/wp\/v2\/product_cat?post=18163"},{"taxonomy":"product_tag","embeddable":true,"href":"https:\/\/parapharmacieenligne.ma\/en\/wp-json\/wp\/v2\/product_tag?post=18163"},{"taxonomy":"yith_product_brand","embeddable":true,"href":"https:\/\/parapharmacieenligne.ma\/en\/wp-json\/wp\/v2\/yith_product_brand?post=18163"}],"curies":[{"name":"wp","href":"https:\/\/api.w.org\/{rel}","templated":true}]}}