{"id":18190,"date":"2026-03-16T16:31:05","date_gmt":"2026-03-16T15:31:05","guid":{"rendered":"https:\/\/parapharmacieenligne.ma\/?post_type=product&#038;p=18190"},"modified":"2026-03-30T20:57:01","modified_gmt":"2026-03-30T18:57:01","slug":"bioderma-sebium-hydra-40-ml","status":"publish","type":"product","link":"https:\/\/parapharmacieenligne.ma\/en\/product\/bioderma-sebium-hydra-40-ml\/","title":{"rendered":"BIODERMA SEBIUM HYDRA 40 ML"},"content":{"rendered":"<p>S\u00e9bium Hydra est sp\u00e9cialement formul\u00e9 pour compenser les effets ind\u00e9sirables temporaires des traitements dermatologiques :<\/p>\n<p>&#8211; les agents hydratants (glyc\u00e9rine) et restructurants biomim\u00e9tiques (c\u00e9ramides) combattent la desquamation (peau qui p\u00e8le) et les tiraillements ;<\/p>\n<p>&#8211; les propri\u00e9t\u00e9s anti-irritation de l\u2019\u00e9noxolone et de l\u2019allanto\u00efne apaisent et r\u00e9duisent les rougeurs ;<\/p>\n<p>&#8211; le complexe exclusif brevet\u00e9 Fluidactiv\u2122 r\u00e9gule biologiquement la qualit\u00e9 de s\u00e9bum, pr\u00e9venant l\u2019obstruction des pores et limitant l\u2019apparition d\u2019imperfections.<\/p>\n<p>Conseils d&rsquo;utilisation:<\/p>\n<p>Appliquer une \u00e0 deux fois par jour sur une peau nettoy\u00e9e avec S\u00e9bium Gel moussant ou S\u00e9bium H2O.<\/p>","protected":false},"excerpt":{"rendered":"<p>S\u00e9bium Hydra est sp\u00e9cialement formul\u00e9 pour compenser les effets ind\u00e9sirables temporaires des traitements dermatologiques : &#8211; les agents hydratants (glyc\u00e9rine) et restructurants&hellip;<\/p>","protected":false},"featured_media":18189,"comment_status":"open","ping_status":"closed","template":"","meta":[],"product_cat":[206,83],"product_tag":[],"yith_product_brand":[105],"class_list":{"0":"post-18190","1":"product","2":"type-product","3":"status-publish","4":"has-post-thumbnail","6":"product_cat-acne","7":"product_cat-soins-visage","8":"yith_product_brand-bioderma","10":"first","11":"instock","12":"sale","13":"shipping-taxable","14":"purchasable","15":"product-type-simple"},"_links":{"self":[{"href":"https:\/\/parapharmacieenligne.ma\/en\/wp-json\/wp\/v2\/product\/18190","targetHints":{"allow":["GET"]}}],"collection":[{"href":"https:\/\/parapharmacieenligne.ma\/en\/wp-json\/wp\/v2\/product"}],"about":[{"href":"https:\/\/parapharmacieenligne.ma\/en\/wp-json\/wp\/v2\/types\/product"}],"replies":[{"embeddable":true,"href":"https:\/\/parapharmacieenligne.ma\/en\/wp-json\/wp\/v2\/comments?post=18190"}],"version-history":[{"count":1,"href":"https:\/\/parapharmacieenligne.ma\/en\/wp-json\/wp\/v2\/product\/18190\/revisions"}],"predecessor-version":[{"id":18191,"href":"https:\/\/parapharmacieenligne.ma\/en\/wp-json\/wp\/v2\/product\/18190\/revisions\/18191"}],"wp:featuredmedia":[{"embeddable":true,"href":"https:\/\/parapharmacieenligne.ma\/en\/wp-json\/wp\/v2\/media\/18189"}],"wp:attachment":[{"href":"https:\/\/parapharmacieenligne.ma\/en\/wp-json\/wp\/v2\/media?parent=18190"}],"wp:term":[{"taxonomy":"product_cat","embeddable":true,"href":"https:\/\/parapharmacieenligne.ma\/en\/wp-json\/wp\/v2\/product_cat?post=18190"},{"taxonomy":"product_tag","embeddable":true,"href":"https:\/\/parapharmacieenligne.ma\/en\/wp-json\/wp\/v2\/product_tag?post=18190"},{"taxonomy":"yith_product_brand","embeddable":true,"href":"https:\/\/parapharmacieenligne.ma\/en\/wp-json\/wp\/v2\/yith_product_brand?post=18190"}],"curies":[{"name":"wp","href":"https:\/\/api.w.org\/{rel}","templated":true}]}}