{"id":18193,"date":"2026-03-16T16:37:51","date_gmt":"2026-03-16T15:37:51","guid":{"rendered":"https:\/\/parapharmacieenligne.ma\/?post_type=product&#038;p=18193"},"modified":"2026-03-16T16:37:58","modified_gmt":"2026-03-16T15:37:58","slug":"bioderma-sensibio-masque-apaisant-75-ml","status":"publish","type":"product","link":"https:\/\/parapharmacieenligne.ma\/en\/product\/bioderma-sensibio-masque-apaisant-75-ml\/","title":{"rendered":"BIODERMA SENSIBIO MASQUE APAISANT 75 ML"},"content":{"rendered":"<p>Sensibio Masque apaise instantan\u00e9ment les sensations d\u2019\u00e9chauffements, les rougeurs, les tiraillements et redonne un teint \u00e9clatant \u00e0 la peau.<\/p>\n<p>Conseils d&rsquo;utilisation :<\/p>\n<p>Appliquez en couche \u00e9paisse 1 \u00e0 2 fois par semaine Sensibio Masque<\/p>","protected":false},"excerpt":{"rendered":"<p>Sensibio Masque apaise instantan\u00e9ment les sensations d\u2019\u00e9chauffements, les rougeurs, les tiraillements et redonne un teint \u00e9clatant \u00e0 la peau. Conseils d&rsquo;utilisation :&hellip;<\/p>","protected":false},"featured_media":18192,"comment_status":"open","ping_status":"closed","template":"","meta":[],"product_cat":[83],"product_tag":[],"yith_product_brand":[105],"class_list":{"0":"post-18193","1":"product","2":"type-product","3":"status-publish","4":"has-post-thumbnail","6":"product_cat-soins-visage","7":"yith_product_brand-bioderma","9":"first","10":"instock","11":"sale","12":"shipping-taxable","13":"purchasable","14":"product-type-simple"},"_links":{"self":[{"href":"https:\/\/parapharmacieenligne.ma\/en\/wp-json\/wp\/v2\/product\/18193","targetHints":{"allow":["GET"]}}],"collection":[{"href":"https:\/\/parapharmacieenligne.ma\/en\/wp-json\/wp\/v2\/product"}],"about":[{"href":"https:\/\/parapharmacieenligne.ma\/en\/wp-json\/wp\/v2\/types\/product"}],"replies":[{"embeddable":true,"href":"https:\/\/parapharmacieenligne.ma\/en\/wp-json\/wp\/v2\/comments?post=18193"}],"version-history":[{"count":1,"href":"https:\/\/parapharmacieenligne.ma\/en\/wp-json\/wp\/v2\/product\/18193\/revisions"}],"predecessor-version":[{"id":18194,"href":"https:\/\/parapharmacieenligne.ma\/en\/wp-json\/wp\/v2\/product\/18193\/revisions\/18194"}],"wp:featuredmedia":[{"embeddable":true,"href":"https:\/\/parapharmacieenligne.ma\/en\/wp-json\/wp\/v2\/media\/18192"}],"wp:attachment":[{"href":"https:\/\/parapharmacieenligne.ma\/en\/wp-json\/wp\/v2\/media?parent=18193"}],"wp:term":[{"taxonomy":"product_cat","embeddable":true,"href":"https:\/\/parapharmacieenligne.ma\/en\/wp-json\/wp\/v2\/product_cat?post=18193"},{"taxonomy":"product_tag","embeddable":true,"href":"https:\/\/parapharmacieenligne.ma\/en\/wp-json\/wp\/v2\/product_tag?post=18193"},{"taxonomy":"yith_product_brand","embeddable":true,"href":"https:\/\/parapharmacieenligne.ma\/en\/wp-json\/wp\/v2\/yith_product_brand?post=18193"}],"curies":[{"name":"wp","href":"https:\/\/api.w.org\/{rel}","templated":true}]}}