{"id":18208,"date":"2026-03-16T16:39:11","date_gmt":"2026-03-16T15:39:11","guid":{"rendered":"https:\/\/parapharmacieenligne.ma\/?post_type=product&#038;p=18208"},"modified":"2026-03-31T18:34:47","modified_gmt":"2026-03-31T16:34:47","slug":"bioderma-sebium-kerato-gel-creme-30-ml","status":"publish","type":"product","link":"https:\/\/parapharmacieenligne.ma\/en\/product\/bioderma-sebium-kerato-gel-creme-30-ml\/","title":{"rendered":"BIODERMA SEBIUM KERATO GEL CREME 30 ML"},"content":{"rendered":"<p>Gr\u00e2ce \u00e0 une formule innovante alliant acide salicylique, ester d\u2019acide malique et la technologie brevet\u00e9e Fluidactiv\u2122, ce soin cible les causes r\u00e9elles des imperfections : exc\u00e8s de s\u00e9bum \u00e9paissi, pores obstru\u00e9s et oxydation. R\u00e9sultat : une peau plus nette, homog\u00e8ne et liss\u00e9e jour apr\u00e8s jour.<\/p>\n<p>Les \u00e9tudes cliniques men\u00e9es sur ce soin confirment son efficacit\u00e9 visible d\u00e8s 2 jours seulement avec une r\u00e9duction de -19% de boutons et -20% de marques. Apr\u00e8s 28 jours, les r\u00e9sultats sont encore plus probants : -41% de boutons, -36% de marques et +60% d\u2019uniformit\u00e9 cutan\u00e9e.<\/p>\n<p>Contrairement \u00e0 de nombreux soins anti-imperfections souvent irritants, S\u00e9bium Kerato+ se distingue par sa haute tol\u00e9rance. Sa texture l\u00e9g\u00e8re, non grasse et non dess\u00e9chante en fait \u00e9galement une excellente base de maquillage. Il aide non seulement \u00e0 corriger les imperfections existantes, mais aussi \u00e0 pr\u00e9venir leur r\u00e9apparition tout en r\u00e9hydratant la peau durablement.<\/p>\n<p>Adopt\u00e9 au quotidien, ce soin devient un alli\u00e9 incontournable pour retrouver une peau plus nette, apais\u00e9e et visiblement plus saine.<\/p>\n<p>Conseils d\u2019utilisation<br \/>\nNettoyez votre peau avec S\u00e9bium Gel moussant actif ou S\u00e9bium Gel moussant.<\/p>\n<p>Appliquez S\u00e9bium Kerato+ sur tout le visage ou uniquement sur les zones \u00e0 imperfections.<\/p>\n<p>Massez d\u00e9licatement jusqu\u2019\u00e0 absorption compl\u00e8te.<br \/>\n\ud83d\udc49 \u00c0 utiliser matin et\/ou soir, d\u00e8s l\u2019apparition des premiers signes de boutons.<\/p>\n<p>Composition<br \/>\nAQUA\/WATER\/EAU, PROPYLENE GLYCOL, METHYLPROPANEDIOL, DIMETHICONE, SALICYLIC ACID, MALIC ACID, GLYCERIN, SODIUM HYDROXIDE, PENTYLENE GLYCOL, CAPRYLYL GLYCOL, XANTHAN GUM, HYDROXYETHYLCELLULOSE, SODIUM POLYACRYLATE, CITRIC ACID, PROPYLENE CARBONATE.<\/p>","protected":false},"excerpt":{"rendered":"<p>Gr\u00e2ce \u00e0 une formule innovante alliant acide salicylique, ester d\u2019acide malique et la technologie brevet\u00e9e Fluidactiv\u2122, ce soin cible les causes r\u00e9elles&hellip;<\/p>","protected":false},"featured_media":18207,"comment_status":"open","ping_status":"closed","template":"","meta":[],"product_cat":[206,83],"product_tag":[],"yith_product_brand":[105],"class_list":{"0":"post-18208","1":"product","2":"type-product","3":"status-publish","4":"has-post-thumbnail","6":"product_cat-acne","7":"product_cat-soins-visage","8":"yith_product_brand-bioderma","10":"first","11":"instock","12":"sale","13":"shipping-taxable","14":"purchasable","15":"product-type-simple"},"_links":{"self":[{"href":"https:\/\/parapharmacieenligne.ma\/en\/wp-json\/wp\/v2\/product\/18208","targetHints":{"allow":["GET"]}}],"collection":[{"href":"https:\/\/parapharmacieenligne.ma\/en\/wp-json\/wp\/v2\/product"}],"about":[{"href":"https:\/\/parapharmacieenligne.ma\/en\/wp-json\/wp\/v2\/types\/product"}],"replies":[{"embeddable":true,"href":"https:\/\/parapharmacieenligne.ma\/en\/wp-json\/wp\/v2\/comments?post=18208"}],"version-history":[{"count":1,"href":"https:\/\/parapharmacieenligne.ma\/en\/wp-json\/wp\/v2\/product\/18208\/revisions"}],"predecessor-version":[{"id":18209,"href":"https:\/\/parapharmacieenligne.ma\/en\/wp-json\/wp\/v2\/product\/18208\/revisions\/18209"}],"wp:featuredmedia":[{"embeddable":true,"href":"https:\/\/parapharmacieenligne.ma\/en\/wp-json\/wp\/v2\/media\/18207"}],"wp:attachment":[{"href":"https:\/\/parapharmacieenligne.ma\/en\/wp-json\/wp\/v2\/media?parent=18208"}],"wp:term":[{"taxonomy":"product_cat","embeddable":true,"href":"https:\/\/parapharmacieenligne.ma\/en\/wp-json\/wp\/v2\/product_cat?post=18208"},{"taxonomy":"product_tag","embeddable":true,"href":"https:\/\/parapharmacieenligne.ma\/en\/wp-json\/wp\/v2\/product_tag?post=18208"},{"taxonomy":"yith_product_brand","embeddable":true,"href":"https:\/\/parapharmacieenligne.ma\/en\/wp-json\/wp\/v2\/yith_product_brand?post=18208"}],"curies":[{"name":"wp","href":"https:\/\/api.w.org\/{rel}","templated":true}]}}