{"id":18211,"date":"2026-03-16T16:39:29","date_gmt":"2026-03-16T15:39:29","guid":{"rendered":"https:\/\/parapharmacieenligne.ma\/?post_type=product&#038;p=18211"},"modified":"2026-03-16T16:39:36","modified_gmt":"2026-03-16T15:39:36","slug":"bioderma-sensibio-defensive-serum-30-ml","status":"publish","type":"product","link":"https:\/\/parapharmacieenligne.ma\/en\/product\/bioderma-sensibio-defensive-serum-30-ml\/","title":{"rendered":"BIODERMA SENSIBIO DEFENSIVE SERUM 30 ML"},"content":{"rendered":"<p>Concentr\u00e9 hydratant apaisant longue dur\u00e9e R\u00e9duit les signes du vieillissement pr\u00e9matur\u00e9 des peaux sensibles et sensibilis\u00e9es caus\u00e9s par les agressions ext\u00e9rieures<\/p>\n<p>Conseils d&rsquo;utilisation:<\/p>\n<p>Appliquer matin et soir sur le visage et le cou, id\u00e9alement nettoy\u00e9s avec un produit d\u2019hygi\u00e8ne Sensibio.<\/p>","protected":false},"excerpt":{"rendered":"<p>Concentr\u00e9 hydratant apaisant longue dur\u00e9e R\u00e9duit les signes du vieillissement pr\u00e9matur\u00e9 des peaux sensibles et sensibilis\u00e9es caus\u00e9s par les agressions ext\u00e9rieures Conseils&hellip;<\/p>","protected":false},"featured_media":18210,"comment_status":"open","ping_status":"closed","template":"","meta":[],"product_cat":[83],"product_tag":[],"yith_product_brand":[105],"class_list":{"0":"post-18211","1":"product","2":"type-product","3":"status-publish","4":"has-post-thumbnail","6":"product_cat-soins-visage","7":"yith_product_brand-bioderma","9":"first","10":"instock","11":"sale","12":"shipping-taxable","13":"purchasable","14":"product-type-simple"},"_links":{"self":[{"href":"https:\/\/parapharmacieenligne.ma\/en\/wp-json\/wp\/v2\/product\/18211","targetHints":{"allow":["GET"]}}],"collection":[{"href":"https:\/\/parapharmacieenligne.ma\/en\/wp-json\/wp\/v2\/product"}],"about":[{"href":"https:\/\/parapharmacieenligne.ma\/en\/wp-json\/wp\/v2\/types\/product"}],"replies":[{"embeddable":true,"href":"https:\/\/parapharmacieenligne.ma\/en\/wp-json\/wp\/v2\/comments?post=18211"}],"version-history":[{"count":1,"href":"https:\/\/parapharmacieenligne.ma\/en\/wp-json\/wp\/v2\/product\/18211\/revisions"}],"predecessor-version":[{"id":18212,"href":"https:\/\/parapharmacieenligne.ma\/en\/wp-json\/wp\/v2\/product\/18211\/revisions\/18212"}],"wp:featuredmedia":[{"embeddable":true,"href":"https:\/\/parapharmacieenligne.ma\/en\/wp-json\/wp\/v2\/media\/18210"}],"wp:attachment":[{"href":"https:\/\/parapharmacieenligne.ma\/en\/wp-json\/wp\/v2\/media?parent=18211"}],"wp:term":[{"taxonomy":"product_cat","embeddable":true,"href":"https:\/\/parapharmacieenligne.ma\/en\/wp-json\/wp\/v2\/product_cat?post=18211"},{"taxonomy":"product_tag","embeddable":true,"href":"https:\/\/parapharmacieenligne.ma\/en\/wp-json\/wp\/v2\/product_tag?post=18211"},{"taxonomy":"yith_product_brand","embeddable":true,"href":"https:\/\/parapharmacieenligne.ma\/en\/wp-json\/wp\/v2\/yith_product_brand?post=18211"}],"curies":[{"name":"wp","href":"https:\/\/api.w.org\/{rel}","templated":true}]}}