{"id":18214,"date":"2026-03-16T16:39:45","date_gmt":"2026-03-16T15:39:45","guid":{"rendered":"https:\/\/parapharmacieenligne.ma\/?post_type=product&#038;p=18214"},"modified":"2026-03-16T16:39:52","modified_gmt":"2026-03-16T15:39:52","slug":"bioderma-sensibio-h2o-yeux-demaquillant-125-ml","status":"publish","type":"product","link":"https:\/\/parapharmacieenligne.ma\/en\/product\/bioderma-sensibio-h2o-yeux-demaquillant-125-ml\/","title":{"rendered":"BIODERMA SENSIBIO H2O YEUX DEMAQUILLANT 125 ML"},"content":{"rendered":"<p>Le d\u00e9maquillant micellaire biphas\u00e9 apaisant haute tol\u00e9rance qui renforce la barri\u00e8re cutan\u00e9e.<\/p>\n<p>\u00c9limine le maquillage waterproof des yeux et des l\u00e8vres<br \/>\nNettoie les impuret\u00e9s et les particules polluantes<br \/>\nHydrate gr\u00e2ce \u00e0 l&rsquo;acide hyaluronique<br \/>\nRenforce la zone fragile du contour de l&rsquo;\u0153il et des cils<br \/>\nApaise<br \/>\nNon gras &#8211; Bonne tol\u00e9rance cutan\u00e9e et oculaire &#8211; Sans rin\u00e7age &#8211; Sans alcool &#8211; Sans parfum<\/p>\n<p>Conseils d\u2019utilisation:<\/p>\n<p>Usage quotidien<\/p>","protected":false},"excerpt":{"rendered":"<p>Le d\u00e9maquillant micellaire biphas\u00e9 apaisant haute tol\u00e9rance qui renforce la barri\u00e8re cutan\u00e9e. \u00c9limine le maquillage waterproof des yeux et des l\u00e8vres Nettoie&hellip;<\/p>","protected":false},"featured_media":18213,"comment_status":"open","ping_status":"closed","template":"","meta":[],"product_cat":[83],"product_tag":[],"yith_product_brand":[105],"class_list":{"0":"post-18214","1":"product","2":"type-product","3":"status-publish","4":"has-post-thumbnail","6":"product_cat-soins-visage","7":"yith_product_brand-bioderma","9":"first","10":"instock","11":"sale","12":"shipping-taxable","13":"purchasable","14":"product-type-simple"},"_links":{"self":[{"href":"https:\/\/parapharmacieenligne.ma\/en\/wp-json\/wp\/v2\/product\/18214","targetHints":{"allow":["GET"]}}],"collection":[{"href":"https:\/\/parapharmacieenligne.ma\/en\/wp-json\/wp\/v2\/product"}],"about":[{"href":"https:\/\/parapharmacieenligne.ma\/en\/wp-json\/wp\/v2\/types\/product"}],"replies":[{"embeddable":true,"href":"https:\/\/parapharmacieenligne.ma\/en\/wp-json\/wp\/v2\/comments?post=18214"}],"version-history":[{"count":1,"href":"https:\/\/parapharmacieenligne.ma\/en\/wp-json\/wp\/v2\/product\/18214\/revisions"}],"predecessor-version":[{"id":18215,"href":"https:\/\/parapharmacieenligne.ma\/en\/wp-json\/wp\/v2\/product\/18214\/revisions\/18215"}],"wp:featuredmedia":[{"embeddable":true,"href":"https:\/\/parapharmacieenligne.ma\/en\/wp-json\/wp\/v2\/media\/18213"}],"wp:attachment":[{"href":"https:\/\/parapharmacieenligne.ma\/en\/wp-json\/wp\/v2\/media?parent=18214"}],"wp:term":[{"taxonomy":"product_cat","embeddable":true,"href":"https:\/\/parapharmacieenligne.ma\/en\/wp-json\/wp\/v2\/product_cat?post=18214"},{"taxonomy":"product_tag","embeddable":true,"href":"https:\/\/parapharmacieenligne.ma\/en\/wp-json\/wp\/v2\/product_tag?post=18214"},{"taxonomy":"yith_product_brand","embeddable":true,"href":"https:\/\/parapharmacieenligne.ma\/en\/wp-json\/wp\/v2\/yith_product_brand?post=18214"}],"curies":[{"name":"wp","href":"https:\/\/api.w.org\/{rel}","templated":true}]}}