{"id":18217,"date":"2026-03-16T16:39:59","date_gmt":"2026-03-16T15:39:59","guid":{"rendered":"https:\/\/parapharmacieenligne.ma\/?post_type=product&#038;p=18217"},"modified":"2026-03-16T16:40:08","modified_gmt":"2026-03-16T15:40:08","slug":"bioderma-sensibio-huile-nettoyante-demaquillante-150-ml","status":"publish","type":"product","link":"https:\/\/parapharmacieenligne.ma\/en\/product\/bioderma-sensibio-huile-nettoyante-demaquillante-150-ml\/","title":{"rendered":"BIODERMA SENSIBIO HUILE NETTOYANTE DEMAQUILLANTE 150 ML"},"content":{"rendered":"<p>La 1\u00e8re huile micellaire \u00e9cobiologique qui nettoie et prend soin de la peau<\/p>\n<p>&#8211; Elimine le maquillage persistant, en particulier le maquillage waterproof des yeux et des l\u00e8vres.<\/p>\n<p>-Nettoie les impuret\u00e9s de la peau (pollution, \u00e9crans solaires quotidiens).<\/p>\n<p>&#8211; Apaise la peau<\/p>\n<p>&#8211; Nourrit la peau<\/p>\n<p>&#8211; Pr\u00e9serve le pH naturel de la peau<\/p>\n<p>Sa texture huile se transforme en lait au contact de l&rsquo;eau pour une exp\u00e9rience de nettoyage sensorielle et un rin\u00e7age facilit\u00e9.<br \/>\nTexture sans frottement. Pas de vue brouill\u00e9e ni de film gras laiss\u00e9 sur la peau.<\/p>\n<p>Test\u00e9 sous contr\u00f4le dermatologique, tr\u00e8s bonne tol\u00e9rance cutan\u00e9e et oculaire, non com\u00e9dog\u00e8ne, sans parfum.<\/p>\n<p>Conseils d&rsquo;utilisation:<\/p>\n<p>\u00c9TAPE 1 Commencez par mettre l&rsquo;huile dans la paume de votre main et appliquez-la sur une peau s\u00e8che<br \/>\n\u00c9TAPE 2Massez d\u00e9licatement la peau avec vos doigts par des mouvements circulaires<br \/>\n\u00c9TAPE 3Ajoutez un peu d&rsquo;eau pour \u00e9mulsionner et compl\u00e9ter le massage<br \/>\n\u00c9TAPE 4Rincez abondamment<\/p>","protected":false},"excerpt":{"rendered":"<p>La 1\u00e8re huile micellaire \u00e9cobiologique qui nettoie et prend soin de la peau &#8211; Elimine le maquillage persistant, en particulier le maquillage&hellip;<\/p>","protected":false},"featured_media":18216,"comment_status":"open","ping_status":"closed","template":"","meta":[],"product_cat":[83],"product_tag":[],"yith_product_brand":[105],"class_list":{"0":"post-18217","1":"product","2":"type-product","3":"status-publish","4":"has-post-thumbnail","6":"product_cat-soins-visage","7":"yith_product_brand-bioderma","9":"first","10":"instock","11":"sale","12":"shipping-taxable","13":"purchasable","14":"product-type-simple"},"_links":{"self":[{"href":"https:\/\/parapharmacieenligne.ma\/en\/wp-json\/wp\/v2\/product\/18217","targetHints":{"allow":["GET"]}}],"collection":[{"href":"https:\/\/parapharmacieenligne.ma\/en\/wp-json\/wp\/v2\/product"}],"about":[{"href":"https:\/\/parapharmacieenligne.ma\/en\/wp-json\/wp\/v2\/types\/product"}],"replies":[{"embeddable":true,"href":"https:\/\/parapharmacieenligne.ma\/en\/wp-json\/wp\/v2\/comments?post=18217"}],"version-history":[{"count":1,"href":"https:\/\/parapharmacieenligne.ma\/en\/wp-json\/wp\/v2\/product\/18217\/revisions"}],"predecessor-version":[{"id":18218,"href":"https:\/\/parapharmacieenligne.ma\/en\/wp-json\/wp\/v2\/product\/18217\/revisions\/18218"}],"wp:featuredmedia":[{"embeddable":true,"href":"https:\/\/parapharmacieenligne.ma\/en\/wp-json\/wp\/v2\/media\/18216"}],"wp:attachment":[{"href":"https:\/\/parapharmacieenligne.ma\/en\/wp-json\/wp\/v2\/media?parent=18217"}],"wp:term":[{"taxonomy":"product_cat","embeddable":true,"href":"https:\/\/parapharmacieenligne.ma\/en\/wp-json\/wp\/v2\/product_cat?post=18217"},{"taxonomy":"product_tag","embeddable":true,"href":"https:\/\/parapharmacieenligne.ma\/en\/wp-json\/wp\/v2\/product_tag?post=18217"},{"taxonomy":"yith_product_brand","embeddable":true,"href":"https:\/\/parapharmacieenligne.ma\/en\/wp-json\/wp\/v2\/yith_product_brand?post=18217"}],"curies":[{"name":"wp","href":"https:\/\/api.w.org\/{rel}","templated":true}]}}