{"id":18223,"date":"2026-03-16T17:06:13","date_gmt":"2026-03-16T16:06:13","guid":{"rendered":"https:\/\/parapharmacieenligne.ma\/?post_type=product&#038;p=18223"},"modified":"2026-03-16T17:06:21","modified_gmt":"2026-03-16T16:06:21","slug":"bioderma-sensibio-defensive-creme-active-apaisante-40-ml","status":"publish","type":"product","link":"https:\/\/parapharmacieenligne.ma\/en\/product\/bioderma-sensibio-defensive-creme-active-apaisante-40-ml\/","title":{"rendered":"BIODERMA SENSIBIO DEFENSIVE CREME ACTIVE APAISANTE 40 ML"},"content":{"rendered":"<p>Cr\u00e8me pour peaux sensibles Sensibio Defensive, Bioderma,<br \/>\nCr\u00e8me apaisante intensive con\u00e7ue pour renforcer le pouvoir d&rsquo;autod\u00e9fense des peaux sensibles et sensibilis\u00e9es d\u00e9clench\u00e9es par les agressions quotidiennes<\/p>","protected":false},"excerpt":{"rendered":"<p>Cr\u00e8me pour peaux sensibles Sensibio Defensive, Bioderma, Cr\u00e8me apaisante intensive con\u00e7ue pour renforcer le pouvoir d&rsquo;autod\u00e9fense des peaux sensibles et sensibilis\u00e9es d\u00e9clench\u00e9es&hellip;<\/p>","protected":false},"featured_media":18222,"comment_status":"open","ping_status":"closed","template":"","meta":[],"product_cat":[83],"product_tag":[],"yith_product_brand":[105],"class_list":{"0":"post-18223","1":"product","2":"type-product","3":"status-publish","4":"has-post-thumbnail","6":"product_cat-soins-visage","7":"yith_product_brand-bioderma","9":"first","10":"instock","11":"sale","12":"shipping-taxable","13":"purchasable","14":"product-type-simple"},"_links":{"self":[{"href":"https:\/\/parapharmacieenligne.ma\/en\/wp-json\/wp\/v2\/product\/18223","targetHints":{"allow":["GET"]}}],"collection":[{"href":"https:\/\/parapharmacieenligne.ma\/en\/wp-json\/wp\/v2\/product"}],"about":[{"href":"https:\/\/parapharmacieenligne.ma\/en\/wp-json\/wp\/v2\/types\/product"}],"replies":[{"embeddable":true,"href":"https:\/\/parapharmacieenligne.ma\/en\/wp-json\/wp\/v2\/comments?post=18223"}],"version-history":[{"count":1,"href":"https:\/\/parapharmacieenligne.ma\/en\/wp-json\/wp\/v2\/product\/18223\/revisions"}],"predecessor-version":[{"id":18224,"href":"https:\/\/parapharmacieenligne.ma\/en\/wp-json\/wp\/v2\/product\/18223\/revisions\/18224"}],"wp:featuredmedia":[{"embeddable":true,"href":"https:\/\/parapharmacieenligne.ma\/en\/wp-json\/wp\/v2\/media\/18222"}],"wp:attachment":[{"href":"https:\/\/parapharmacieenligne.ma\/en\/wp-json\/wp\/v2\/media?parent=18223"}],"wp:term":[{"taxonomy":"product_cat","embeddable":true,"href":"https:\/\/parapharmacieenligne.ma\/en\/wp-json\/wp\/v2\/product_cat?post=18223"},{"taxonomy":"product_tag","embeddable":true,"href":"https:\/\/parapharmacieenligne.ma\/en\/wp-json\/wp\/v2\/product_tag?post=18223"},{"taxonomy":"yith_product_brand","embeddable":true,"href":"https:\/\/parapharmacieenligne.ma\/en\/wp-json\/wp\/v2\/yith_product_brand?post=18223"}],"curies":[{"name":"wp","href":"https:\/\/api.w.org\/{rel}","templated":true}]}}