{"id":18226,"date":"2026-03-16T17:06:29","date_gmt":"2026-03-16T16:06:29","guid":{"rendered":"https:\/\/parapharmacieenligne.ma\/?post_type=product&#038;p=18226"},"modified":"2026-03-16T17:06:35","modified_gmt":"2026-03-16T16:06:35","slug":"bioderma-sensibio-defensive-riche-creme-active-apaisante-40-ml","status":"publish","type":"product","link":"https:\/\/parapharmacieenligne.ma\/en\/product\/bioderma-sensibio-defensive-riche-creme-active-apaisante-40-ml\/","title":{"rendered":"BIODERMA SENSIBIO DEFENSIVE RICHE CREME ACTIVE APAISANTE 40 ML"},"content":{"rendered":"<p>La Cr\u00e8me Riche Active apaisante Crealine Defensive discount de BIODERMA, le soin ultra-apaisant, protecteur et douceur dans votre parapharmacie en ligne \u00e0 prix discount, qui prend soin des peaux sensibles et sensibilis\u00e9es pendant 12 heures. Visage, peaux s\u00e8ches \u00e0 tr\u00e8s s\u00e8ches<\/p>","protected":false},"excerpt":{"rendered":"<p>La Cr\u00e8me Riche Active apaisante Crealine Defensive discount de BIODERMA, le soin ultra-apaisant, protecteur et douceur dans votre parapharmacie en ligne \u00e0&hellip;<\/p>","protected":false},"featured_media":18225,"comment_status":"open","ping_status":"closed","template":"","meta":[],"product_cat":[83],"product_tag":[],"yith_product_brand":[105],"class_list":{"0":"post-18226","1":"product","2":"type-product","3":"status-publish","4":"has-post-thumbnail","6":"product_cat-soins-visage","7":"yith_product_brand-bioderma","9":"first","10":"instock","11":"sale","12":"shipping-taxable","13":"purchasable","14":"product-type-simple"},"_links":{"self":[{"href":"https:\/\/parapharmacieenligne.ma\/en\/wp-json\/wp\/v2\/product\/18226","targetHints":{"allow":["GET"]}}],"collection":[{"href":"https:\/\/parapharmacieenligne.ma\/en\/wp-json\/wp\/v2\/product"}],"about":[{"href":"https:\/\/parapharmacieenligne.ma\/en\/wp-json\/wp\/v2\/types\/product"}],"replies":[{"embeddable":true,"href":"https:\/\/parapharmacieenligne.ma\/en\/wp-json\/wp\/v2\/comments?post=18226"}],"version-history":[{"count":1,"href":"https:\/\/parapharmacieenligne.ma\/en\/wp-json\/wp\/v2\/product\/18226\/revisions"}],"predecessor-version":[{"id":18227,"href":"https:\/\/parapharmacieenligne.ma\/en\/wp-json\/wp\/v2\/product\/18226\/revisions\/18227"}],"wp:featuredmedia":[{"embeddable":true,"href":"https:\/\/parapharmacieenligne.ma\/en\/wp-json\/wp\/v2\/media\/18225"}],"wp:attachment":[{"href":"https:\/\/parapharmacieenligne.ma\/en\/wp-json\/wp\/v2\/media?parent=18226"}],"wp:term":[{"taxonomy":"product_cat","embeddable":true,"href":"https:\/\/parapharmacieenligne.ma\/en\/wp-json\/wp\/v2\/product_cat?post=18226"},{"taxonomy":"product_tag","embeddable":true,"href":"https:\/\/parapharmacieenligne.ma\/en\/wp-json\/wp\/v2\/product_tag?post=18226"},{"taxonomy":"yith_product_brand","embeddable":true,"href":"https:\/\/parapharmacieenligne.ma\/en\/wp-json\/wp\/v2\/yith_product_brand?post=18226"}],"curies":[{"name":"wp","href":"https:\/\/api.w.org\/{rel}","templated":true}]}}