{"id":18244,"date":"2026-03-16T17:08:08","date_gmt":"2026-03-16T16:08:08","guid":{"rendered":"https:\/\/parapharmacieenligne.ma\/?post_type=product&#038;p=18244"},"modified":"2026-03-16T17:08:23","modified_gmt":"2026-03-16T16:08:23","slug":"bioderma-atoderm-creme-ultra-hydratante-ultra-nourrissante-peaux-sensibles-normales-a-seches-200-ml","status":"publish","type":"product","link":"https:\/\/parapharmacieenligne.ma\/en\/product\/bioderma-atoderm-creme-ultra-hydratante-ultra-nourrissante-peaux-sensibles-normales-a-seches-200-ml\/","title":{"rendered":"BIODERMA ATODERM CREME ULTRA HYDRATANTE ULTRA NOURRISSANTE PEAUX SENSIBLES NORMALES A SECHES 200 ML"},"content":{"rendered":"<p>Le soin barri\u00e8re quotidien nourrissant restructurant et hydratant des peaux sensibles s\u00e8ches \u00e0 tr\u00e8s s\u00e8ches.\u2022 Gr\u00e2ce \u00e0 ses actifs nourrissants et restructurants, Atoderm Cr\u00e8me renforce la structure de la barri\u00e8re cutan\u00e9e et freine ainsi la p\u00e9n\u00e9tration d\u2019agents irritants. \u2022Enrichi en agents hydratants, Atoderm Cr\u00e8me fixe l\u2019eau dans les couches sup\u00e9rieures de l\u2019\u00e9piderme et \u00e9vite son \u00e9vaporation. Le complexe naturel brevet\u00e9 D.A.F.* augmente le seuil de tol\u00e9rance de la peau. Bien hydrat\u00e9e et plus r\u00e9sistante, la peau retrouve douceur et souplesse d\u00e8s la premi\u00e8re application.\u2022 La texture onctueuse d\u2019Atoderm Cr\u00e8me apporte un confort imm\u00e9diat.<\/p>\n<p>Conseils d&rsquo;utilisation<\/p>\n<p>\u2022 Appliquez Atoderm Cr\u00e8me 1 \u00e0 2 fois par jour sur une peau pr\u00e9alablement nettoy\u00e9e avec Atoderm Gel douche ou Atoderm Cr\u00e8me lavante et d\u00e9licatement s\u00e9ch\u00e9e.\u2022 L\u2019effet hydratant d\u2019Atoderm Cr\u00e8me est optimis\u00e9 si vous l\u2019appliquez sur une peau l\u00e9g\u00e8rement humidifi\u00e9e (apr\u00e8s un bain, une douche ou une brumisation).<\/p>","protected":false},"excerpt":{"rendered":"<p>Le soin barri\u00e8re quotidien nourrissant restructurant et hydratant des peaux sensibles s\u00e8ches \u00e0 tr\u00e8s s\u00e8ches.\u2022 Gr\u00e2ce \u00e0 ses actifs nourrissants et restructurants,&hellip;<\/p>","protected":false},"featured_media":18243,"comment_status":"open","ping_status":"closed","template":"","meta":[],"product_cat":[83],"product_tag":[],"yith_product_brand":[105],"class_list":{"0":"post-18244","1":"product","2":"type-product","3":"status-publish","4":"has-post-thumbnail","6":"product_cat-soins-visage","7":"yith_product_brand-bioderma","9":"first","10":"instock","11":"sale","12":"shipping-taxable","13":"purchasable","14":"product-type-simple"},"_links":{"self":[{"href":"https:\/\/parapharmacieenligne.ma\/en\/wp-json\/wp\/v2\/product\/18244","targetHints":{"allow":["GET"]}}],"collection":[{"href":"https:\/\/parapharmacieenligne.ma\/en\/wp-json\/wp\/v2\/product"}],"about":[{"href":"https:\/\/parapharmacieenligne.ma\/en\/wp-json\/wp\/v2\/types\/product"}],"replies":[{"embeddable":true,"href":"https:\/\/parapharmacieenligne.ma\/en\/wp-json\/wp\/v2\/comments?post=18244"}],"version-history":[{"count":1,"href":"https:\/\/parapharmacieenligne.ma\/en\/wp-json\/wp\/v2\/product\/18244\/revisions"}],"predecessor-version":[{"id":18245,"href":"https:\/\/parapharmacieenligne.ma\/en\/wp-json\/wp\/v2\/product\/18244\/revisions\/18245"}],"wp:featuredmedia":[{"embeddable":true,"href":"https:\/\/parapharmacieenligne.ma\/en\/wp-json\/wp\/v2\/media\/18243"}],"wp:attachment":[{"href":"https:\/\/parapharmacieenligne.ma\/en\/wp-json\/wp\/v2\/media?parent=18244"}],"wp:term":[{"taxonomy":"product_cat","embeddable":true,"href":"https:\/\/parapharmacieenligne.ma\/en\/wp-json\/wp\/v2\/product_cat?post=18244"},{"taxonomy":"product_tag","embeddable":true,"href":"https:\/\/parapharmacieenligne.ma\/en\/wp-json\/wp\/v2\/product_tag?post=18244"},{"taxonomy":"yith_product_brand","embeddable":true,"href":"https:\/\/parapharmacieenligne.ma\/en\/wp-json\/wp\/v2\/yith_product_brand?post=18244"}],"curies":[{"name":"wp","href":"https:\/\/api.w.org\/{rel}","templated":true}]}}