{"id":18247,"date":"2026-03-16T17:08:33","date_gmt":"2026-03-16T16:08:33","guid":{"rendered":"https:\/\/parapharmacieenligne.ma\/?post_type=product&#038;p=18247"},"modified":"2026-03-16T17:08:39","modified_gmt":"2026-03-16T16:08:39","slug":"bioderma-cicabio-creme-soin-ultra-reparateur-apaisant-40-ml","status":"publish","type":"product","link":"https:\/\/parapharmacieenligne.ma\/en\/product\/bioderma-cicabio-creme-soin-ultra-reparateur-apaisant-40-ml\/","title":{"rendered":"BIODERMA CICABIO CREME + SOIN ULTRA REPARATEUR APAISANT 40 ML"},"content":{"rendered":"<p>Cicabio Cr\u00e8me agit sur chaque \u00e9tape de la reconstruction \u00e9pidermique pour favoriser une parfaite r\u00e9paration.La texture \u00ab pansement perspirant \u00bb de Cicabio Cr\u00e8me et son complexe antibact\u00e9rien prot\u00e8gent la blessure.Le Complexe Antalgicine de Cicabio Cr\u00e8me, innovation Bioderma, soulage rapidement la sensation d\u2019inconfort et r\u00e9duit l\u2019incitation au grattage.L\u2019association synergique de Resveratrol et de Cuivre favorise une restauration \u00e9pidermique de qualit\u00e9.Le complexe naturel brevet\u00e9 D.A.F. (Dermatological Advanced Formulation) augmente le seuil de tol\u00e9rance de la peau.R\u00e9par\u00e9e, apais\u00e9e, la blessure se fait oublier.Formule sans parfum.Sans colorant. La coloration beige est naturelle et li\u00e9e aux actifs du produit.Antibact\u00e9rien, hypoallerg\u00e9nique.<\/p>\n<p>Conseils d&rsquo;utilisation :<br \/>\nAppliquez Cicabio Cr\u00e8me en couche \u00e9paisse sur la zone l\u00e9s\u00e9e, pr\u00e9alablement nettoy\u00e9e et s\u00e9ch\u00e9e.<br \/>\nUtilisez 2 fois par jour jusqu\u2019\u00e0 compl\u00e8te r\u00e9paration de la l\u00e9sion.Cicabio Cr\u00e8me peut s\u2019utiliser sur le visage et le corps. Cicabio Cr\u00e8me convient aux adultes et aux enfants.Cicabio Cr\u00e8me ne s\u2019utilise pas sur les muqueuses internes (l\u2019int\u00e9rieur de la bouche, le rectum, le vagin) et sur les l\u00e9sions saignantes.<\/p>","protected":false},"excerpt":{"rendered":"<p>Cicabio Cr\u00e8me agit sur chaque \u00e9tape de la reconstruction \u00e9pidermique pour favoriser une parfaite r\u00e9paration.La texture \u00ab pansement perspirant \u00bb de Cicabio&hellip;<\/p>","protected":false},"featured_media":18246,"comment_status":"open","ping_status":"closed","template":"","meta":[],"product_cat":[83],"product_tag":[],"yith_product_brand":[105],"class_list":{"0":"post-18247","1":"product","2":"type-product","3":"status-publish","4":"has-post-thumbnail","6":"product_cat-soins-visage","7":"yith_product_brand-bioderma","9":"first","10":"instock","11":"sale","12":"shipping-taxable","13":"purchasable","14":"product-type-simple"},"_links":{"self":[{"href":"https:\/\/parapharmacieenligne.ma\/en\/wp-json\/wp\/v2\/product\/18247","targetHints":{"allow":["GET"]}}],"collection":[{"href":"https:\/\/parapharmacieenligne.ma\/en\/wp-json\/wp\/v2\/product"}],"about":[{"href":"https:\/\/parapharmacieenligne.ma\/en\/wp-json\/wp\/v2\/types\/product"}],"replies":[{"embeddable":true,"href":"https:\/\/parapharmacieenligne.ma\/en\/wp-json\/wp\/v2\/comments?post=18247"}],"version-history":[{"count":1,"href":"https:\/\/parapharmacieenligne.ma\/en\/wp-json\/wp\/v2\/product\/18247\/revisions"}],"predecessor-version":[{"id":18248,"href":"https:\/\/parapharmacieenligne.ma\/en\/wp-json\/wp\/v2\/product\/18247\/revisions\/18248"}],"wp:featuredmedia":[{"embeddable":true,"href":"https:\/\/parapharmacieenligne.ma\/en\/wp-json\/wp\/v2\/media\/18246"}],"wp:attachment":[{"href":"https:\/\/parapharmacieenligne.ma\/en\/wp-json\/wp\/v2\/media?parent=18247"}],"wp:term":[{"taxonomy":"product_cat","embeddable":true,"href":"https:\/\/parapharmacieenligne.ma\/en\/wp-json\/wp\/v2\/product_cat?post=18247"},{"taxonomy":"product_tag","embeddable":true,"href":"https:\/\/parapharmacieenligne.ma\/en\/wp-json\/wp\/v2\/product_tag?post=18247"},{"taxonomy":"yith_product_brand","embeddable":true,"href":"https:\/\/parapharmacieenligne.ma\/en\/wp-json\/wp\/v2\/yith_product_brand?post=18247"}],"curies":[{"name":"wp","href":"https:\/\/api.w.org\/{rel}","templated":true}]}}