{"id":18253,"date":"2026-03-16T17:10:31","date_gmt":"2026-03-16T16:10:31","guid":{"rendered":"https:\/\/parapharmacieenligne.ma\/?post_type=product&#038;p=18253"},"modified":"2026-03-30T21:06:21","modified_gmt":"2026-03-30T19:06:21","slug":"bioderma-sebium-gel-moussant-200-ml","status":"publish","type":"product","link":"https:\/\/parapharmacieenligne.ma\/en\/product\/bioderma-sebium-gel-moussant-200-ml\/","title":{"rendered":"BIODERMA SEBIUM GEL MOUSSANT 200 ML"},"content":{"rendered":"<p>S\u00e9bium Gel moussant, est particuli\u00e8rement adapt\u00e9 aux peaux mixtes \u00e0 grasses. Enrichi en actifs purifiants, tels que le sulfate de zinc et de cuivre, ce gel nettoyant limite la production de s\u00e9bum et assainit durablement l&rsquo;\u00e9piderme. Sans savon, sa formule ultra douce nettoie et purifie la peau sans la dess\u00e9cher, et en respectant son \u00e9quilibre biologique. Le complexe naturel brevet\u00e9 D.A.F augmente le seuil de tol\u00e9rance de la peau.<\/p>","protected":false},"excerpt":{"rendered":"<p>S\u00e9bium Gel moussant, est particuli\u00e8rement adapt\u00e9 aux peaux mixtes \u00e0 grasses. Enrichi en actifs purifiants, tels que le sulfate de zinc et&hellip;<\/p>","protected":false},"featured_media":18252,"comment_status":"open","ping_status":"closed","template":"","meta":[],"product_cat":[206,83],"product_tag":[],"yith_product_brand":[105],"class_list":{"0":"post-18253","1":"product","2":"type-product","3":"status-publish","4":"has-post-thumbnail","6":"product_cat-acne","7":"product_cat-soins-visage","8":"yith_product_brand-bioderma","10":"first","11":"instock","12":"sale","13":"shipping-taxable","14":"purchasable","15":"product-type-simple"},"_links":{"self":[{"href":"https:\/\/parapharmacieenligne.ma\/en\/wp-json\/wp\/v2\/product\/18253","targetHints":{"allow":["GET"]}}],"collection":[{"href":"https:\/\/parapharmacieenligne.ma\/en\/wp-json\/wp\/v2\/product"}],"about":[{"href":"https:\/\/parapharmacieenligne.ma\/en\/wp-json\/wp\/v2\/types\/product"}],"replies":[{"embeddable":true,"href":"https:\/\/parapharmacieenligne.ma\/en\/wp-json\/wp\/v2\/comments?post=18253"}],"version-history":[{"count":1,"href":"https:\/\/parapharmacieenligne.ma\/en\/wp-json\/wp\/v2\/product\/18253\/revisions"}],"predecessor-version":[{"id":18254,"href":"https:\/\/parapharmacieenligne.ma\/en\/wp-json\/wp\/v2\/product\/18253\/revisions\/18254"}],"wp:featuredmedia":[{"embeddable":true,"href":"https:\/\/parapharmacieenligne.ma\/en\/wp-json\/wp\/v2\/media\/18252"}],"wp:attachment":[{"href":"https:\/\/parapharmacieenligne.ma\/en\/wp-json\/wp\/v2\/media?parent=18253"}],"wp:term":[{"taxonomy":"product_cat","embeddable":true,"href":"https:\/\/parapharmacieenligne.ma\/en\/wp-json\/wp\/v2\/product_cat?post=18253"},{"taxonomy":"product_tag","embeddable":true,"href":"https:\/\/parapharmacieenligne.ma\/en\/wp-json\/wp\/v2\/product_tag?post=18253"},{"taxonomy":"yith_product_brand","embeddable":true,"href":"https:\/\/parapharmacieenligne.ma\/en\/wp-json\/wp\/v2\/yith_product_brand?post=18253"}],"curies":[{"name":"wp","href":"https:\/\/api.w.org\/{rel}","templated":true}]}}