{"id":18259,"date":"2026-03-16T17:11:00","date_gmt":"2026-03-16T16:11:00","guid":{"rendered":"https:\/\/parapharmacieenligne.ma\/?post_type=product&#038;p=18259"},"modified":"2026-04-10T10:59:02","modified_gmt":"2026-04-10T08:59:02","slug":"bioderma-sensibio-h2o-eau-micellaire-demaquillante-500-ml","status":"publish","type":"product","link":"https:\/\/parapharmacieenligne.ma\/en\/product\/bioderma-sensibio-h2o-eau-micellaire-demaquillante-500-ml\/","title":{"rendered":"BIODERMA SENSIBIO H2O EAU MICELLAIRE DEMAQUILLANTE 500 ML"},"content":{"rendered":"<p>\u2022 A la pointe de l&rsquo;innovation, BIODERMA est le pr\u00e9curseur des solutions micellaires. Sp\u00e9cialement formul\u00e9e pour les peaux sensibles normales \u00e0 s\u00e8ches, la solution micellaire Sensibio H2O garantit un nettoyage en douceur du visage et des yeux. Elle \u00e9limine le maquillage r\u00e9sistant \u00e0 l&rsquo;eau. Les micelles contenues dans sa formule permettent une parfaite micro-\u00e9mulsion des impuret\u00e9s tout en respectant l\u2019\u00e9quilibre cutan\u00e9 (sans savon, pH physiologique). \u2022 Les actifs apaisants et d\u00e9congestionnants de Sensibio H2O pr\u00e9viennent les sensations d\u2019irritation souvent li\u00e9es au nettoyage et au d\u00e9maquillage.\u2022 Sensibio H2O garantit une excellente tol\u00e9rance cutan\u00e9e et oculaire (test\u00e9 sous contr\u00f4le ophtalmologique).<\/p>\n<p>Conseils d&rsquo;utilisation<\/p>\n<p>\u2022 Sensibio H2O est une formule nettoyante ultra-douce, utilisez-la avec infiniment de douceur. Imbibez un coton de Cr\u00e9aline H2O et nettoyez et\/ou d\u00e9maquillez votre visage et vos yeux. Renouvelez l\u2019application jusqu\u2019\u00e0 ce que le coton soit propre.<\/p>\n<p>\u2022 Sensibio H2O peut s\u2019utiliser sans rin\u00e7age. Il est toutefois imp\u00e9ratif de s\u00e9cher votre peau. Le s\u00e9chage doit rester d\u00e9licat. Tamponnez votre visage avec une serviette en coton propre.<\/p>\n<p>\u2022 Sensibio H2O s\u2019utilise au quotidien, matin et soir.<\/p>","protected":false},"excerpt":{"rendered":"<p>\u2022 A la pointe de l&rsquo;innovation, BIODERMA est le pr\u00e9curseur des solutions micellaires. Sp\u00e9cialement formul\u00e9e pour les peaux sensibles normales \u00e0 s\u00e8ches,&hellip;<\/p>","protected":false},"featured_media":18258,"comment_status":"open","ping_status":"closed","template":"","meta":[],"product_cat":[83],"product_tag":[],"yith_product_brand":[105],"class_list":{"0":"post-18259","1":"product","2":"type-product","3":"status-publish","4":"has-post-thumbnail","6":"product_cat-soins-visage","7":"yith_product_brand-bioderma","9":"first","10":"instock","11":"sale","12":"shipping-taxable","13":"purchasable","14":"product-type-simple"},"_links":{"self":[{"href":"https:\/\/parapharmacieenligne.ma\/en\/wp-json\/wp\/v2\/product\/18259","targetHints":{"allow":["GET"]}}],"collection":[{"href":"https:\/\/parapharmacieenligne.ma\/en\/wp-json\/wp\/v2\/product"}],"about":[{"href":"https:\/\/parapharmacieenligne.ma\/en\/wp-json\/wp\/v2\/types\/product"}],"replies":[{"embeddable":true,"href":"https:\/\/parapharmacieenligne.ma\/en\/wp-json\/wp\/v2\/comments?post=18259"}],"version-history":[{"count":2,"href":"https:\/\/parapharmacieenligne.ma\/en\/wp-json\/wp\/v2\/product\/18259\/revisions"}],"predecessor-version":[{"id":19174,"href":"https:\/\/parapharmacieenligne.ma\/en\/wp-json\/wp\/v2\/product\/18259\/revisions\/19174"}],"wp:featuredmedia":[{"embeddable":true,"href":"https:\/\/parapharmacieenligne.ma\/en\/wp-json\/wp\/v2\/media\/18258"}],"wp:attachment":[{"href":"https:\/\/parapharmacieenligne.ma\/en\/wp-json\/wp\/v2\/media?parent=18259"}],"wp:term":[{"taxonomy":"product_cat","embeddable":true,"href":"https:\/\/parapharmacieenligne.ma\/en\/wp-json\/wp\/v2\/product_cat?post=18259"},{"taxonomy":"product_tag","embeddable":true,"href":"https:\/\/parapharmacieenligne.ma\/en\/wp-json\/wp\/v2\/product_tag?post=18259"},{"taxonomy":"yith_product_brand","embeddable":true,"href":"https:\/\/parapharmacieenligne.ma\/en\/wp-json\/wp\/v2\/yith_product_brand?post=18259"}],"curies":[{"name":"wp","href":"https:\/\/api.w.org\/{rel}","templated":true}]}}