{"id":18268,"date":"2026-03-16T17:11:45","date_gmt":"2026-03-16T16:11:45","guid":{"rendered":"https:\/\/parapharmacieenligne.ma\/?post_type=product&#038;p=18268"},"modified":"2026-03-16T17:11:51","modified_gmt":"2026-03-16T16:11:51","slug":"bioderma-sebium-serum-concentre-lissant-anti-imperfections-30-ml","status":"publish","type":"product","link":"https:\/\/parapharmacieenligne.ma\/en\/product\/bioderma-sebium-serum-concentre-lissant-anti-imperfections-30-ml\/","title":{"rendered":"BIODERMA SEBIUM SERUM CONCENTRE LISSANT ANTI IMPERFECTIONS 30 ML"},"content":{"rendered":"<p>D\u00e9couvrez S\u00e9bium S\u00e9rum de Bioderma, le premier s\u00e9rum \u00e9cobiologique triple action sp\u00e9cialement con\u00e7u pour les peaux adultes \u00e0 tendance acn\u00e9ique. Inspir\u00e9 par l&rsquo;\u00e9cobiologie, ce s\u00e9rum r\u00e9volutionnaire allie des actifs pr\u00e9cis\u00e9ment dos\u00e9s et la Technologie FLUIDACTIVTM pour agir en profondeur sur les signes visibles et les causes sous-jacentes de l&rsquo;acn\u00e9 adulte.<\/p>\n<p>Triple Action Puissante<\/p>\n<p>Anti-imperfections : Gr\u00e2ce \u00e0 l&rsquo;acide salicylique, S\u00e9bium S\u00e9rum exfolie la peau en douceur, r\u00e9duisant rapidement les boutons. La Technologie Fluidactiv pr\u00e9vient l&rsquo;oxydation du s\u00e9bum, emp\u00eachant ainsi l&rsquo;apparition de nouvelles imperfections.<\/p>\n<p>Anti-marques : L&rsquo;acide salicylique renouvelle la peau en surface, tandis que l&rsquo;ac\u00e9tyl glucosamine, un d\u00e9riv\u00e9 biomim\u00e9tique du sucre, favorise le renouvellement cellulaire de l&rsquo;int\u00e9rieur, estompant les marques et les cicatrices laiss\u00e9es par l&rsquo;acn\u00e9.<\/p>\n<p>Anti-ridules : L&rsquo;acide hyaluronique biomim\u00e9tique hydrate intens\u00e9ment la peau, et l&rsquo;ac\u00e9tyl glucosamine stimule la synth\u00e8se interne de cet acide, comblant et r\u00e9duisant durablement les ridules.<\/p>\n<p>Une Synergie d&rsquo;Actifs Puissants :<\/p>\n<p>Acide Salicylique : Exfolie en douceur pour des r\u00e9sultats visibles rapidement.<br \/>\nAc\u00e9tyl Glucosamine : Favorise le renouvellement cellulaire et la synth\u00e8se d&rsquo;acide hyaluronique.<br \/>\nAcide Hyaluronique : Hydrate et repulpe la peau, comblant les ridules.<br \/>\nUne Peau Transform\u00e9e<br \/>\nAvec S\u00e9bium S\u00e9rum, dites adieu aux imperfections, marques et ridules. Sa formule innovante et l\u00e9g\u00e8re p\u00e9n\u00e8tre rapidement pour laisser votre peau douce, lisse et visiblement plus jeune. Con\u00e7u pour les adultes, ce s\u00e9rum est la solution id\u00e9ale pour ceux qui cherchent \u00e0 retrouver une peau saine, \u00e9clatante et sans imperfections.<\/p>\n<p>Conseils d&rsquo;utilisation :<\/p>\n<p>Appliquez S\u00e9bium S\u00e9rum sur une peau propre et s\u00e8che, de pr\u00e9f\u00e9rence le soir avant votre cr\u00e8me hydratante.<\/p>","protected":false},"excerpt":{"rendered":"<p>D\u00e9couvrez S\u00e9bium S\u00e9rum de Bioderma, le premier s\u00e9rum \u00e9cobiologique triple action sp\u00e9cialement con\u00e7u pour les peaux adultes \u00e0 tendance acn\u00e9ique. Inspir\u00e9 par&hellip;<\/p>","protected":false},"featured_media":18267,"comment_status":"open","ping_status":"closed","template":"","meta":[],"product_cat":[83],"product_tag":[],"yith_product_brand":[105],"class_list":{"0":"post-18268","1":"product","2":"type-product","3":"status-publish","4":"has-post-thumbnail","6":"product_cat-soins-visage","7":"yith_product_brand-bioderma","9":"first","10":"instock","11":"sale","12":"shipping-taxable","13":"purchasable","14":"product-type-simple"},"_links":{"self":[{"href":"https:\/\/parapharmacieenligne.ma\/en\/wp-json\/wp\/v2\/product\/18268","targetHints":{"allow":["GET"]}}],"collection":[{"href":"https:\/\/parapharmacieenligne.ma\/en\/wp-json\/wp\/v2\/product"}],"about":[{"href":"https:\/\/parapharmacieenligne.ma\/en\/wp-json\/wp\/v2\/types\/product"}],"replies":[{"embeddable":true,"href":"https:\/\/parapharmacieenligne.ma\/en\/wp-json\/wp\/v2\/comments?post=18268"}],"version-history":[{"count":1,"href":"https:\/\/parapharmacieenligne.ma\/en\/wp-json\/wp\/v2\/product\/18268\/revisions"}],"predecessor-version":[{"id":18269,"href":"https:\/\/parapharmacieenligne.ma\/en\/wp-json\/wp\/v2\/product\/18268\/revisions\/18269"}],"wp:featuredmedia":[{"embeddable":true,"href":"https:\/\/parapharmacieenligne.ma\/en\/wp-json\/wp\/v2\/media\/18267"}],"wp:attachment":[{"href":"https:\/\/parapharmacieenligne.ma\/en\/wp-json\/wp\/v2\/media?parent=18268"}],"wp:term":[{"taxonomy":"product_cat","embeddable":true,"href":"https:\/\/parapharmacieenligne.ma\/en\/wp-json\/wp\/v2\/product_cat?post=18268"},{"taxonomy":"product_tag","embeddable":true,"href":"https:\/\/parapharmacieenligne.ma\/en\/wp-json\/wp\/v2\/product_tag?post=18268"},{"taxonomy":"yith_product_brand","embeddable":true,"href":"https:\/\/parapharmacieenligne.ma\/en\/wp-json\/wp\/v2\/yith_product_brand?post=18268"}],"curies":[{"name":"wp","href":"https:\/\/api.w.org\/{rel}","templated":true}]}}