{"id":18301,"date":"2026-03-16T17:20:13","date_gmt":"2026-03-16T16:20:13","guid":{"rendered":"https:\/\/parapharmacieenligne.ma\/?post_type=product&#038;p=18301"},"modified":"2026-03-16T17:20:35","modified_gmt":"2026-03-16T16:20:35","slug":"bioderma-atoderm-baume-levres-15-ml-nourrit-et-apaise-les-levres-gercees","status":"publish","type":"product","link":"https:\/\/parapharmacieenligne.ma\/en\/product\/bioderma-atoderm-baume-levres-15-ml-nourrit-et-apaise-les-levres-gercees\/","title":{"rendered":"BIODERMA ATODERM BAUME LEVRES 15 ML NOURRIT ET APAISE LES LEVRES GERCEES"},"content":{"rendered":"<p>\u2022 V\u00e9ritable soin r\u00e9parateur, Atoderm Baume l\u00e8vres reconstitue la muqueuse labiale gerc\u00e9e et dess\u00e9ch\u00e9e.\u2022 Les actifs hydratants et nourrissants d\u2019Atoderm Baume l\u00e8vres r\u00e9parent et apaisent instantan\u00e9ment les l\u00e8vres ab\u00eem\u00e9es.\u2022 Le complexe naturel brevet\u00e9 D.A.F.* augmente le seuil de tol\u00e9rance de la peau.\u2022 Sans parfum, Atoderm Baume l\u00e8vres garantit une tol\u00e9rance optimale.\u2022 La texture riche du baume procure un confort extr\u00eame et laisse les l\u00e8vres souples et douces.\u2022 L\u2019embout applicateur facilite l\u2019utilisation d\u2019Atoderm Baume l\u00e8vres.<\/p>\n<p>Conseils d&rsquo;utilisation<\/p>\n<p>Appliquez Atoderm Baume l\u00e8vres directement sur les l\u00e8vres aussi souvent que n\u00e9cessaire<\/p>","protected":false},"excerpt":{"rendered":"<p>\u2022 V\u00e9ritable soin r\u00e9parateur, Atoderm Baume l\u00e8vres reconstitue la muqueuse labiale gerc\u00e9e et dess\u00e9ch\u00e9e.\u2022 Les actifs hydratants et nourrissants d\u2019Atoderm Baume l\u00e8vres&hellip;<\/p>","protected":false},"featured_media":18300,"comment_status":"open","ping_status":"closed","template":"","meta":[],"product_cat":[83],"product_tag":[],"yith_product_brand":[105],"class_list":{"0":"post-18301","1":"product","2":"type-product","3":"status-publish","4":"has-post-thumbnail","6":"product_cat-soins-visage","7":"yith_product_brand-bioderma","9":"first","10":"instock","11":"sale","12":"shipping-taxable","13":"purchasable","14":"product-type-simple"},"_links":{"self":[{"href":"https:\/\/parapharmacieenligne.ma\/en\/wp-json\/wp\/v2\/product\/18301","targetHints":{"allow":["GET"]}}],"collection":[{"href":"https:\/\/parapharmacieenligne.ma\/en\/wp-json\/wp\/v2\/product"}],"about":[{"href":"https:\/\/parapharmacieenligne.ma\/en\/wp-json\/wp\/v2\/types\/product"}],"replies":[{"embeddable":true,"href":"https:\/\/parapharmacieenligne.ma\/en\/wp-json\/wp\/v2\/comments?post=18301"}],"version-history":[{"count":1,"href":"https:\/\/parapharmacieenligne.ma\/en\/wp-json\/wp\/v2\/product\/18301\/revisions"}],"predecessor-version":[{"id":18302,"href":"https:\/\/parapharmacieenligne.ma\/en\/wp-json\/wp\/v2\/product\/18301\/revisions\/18302"}],"wp:featuredmedia":[{"embeddable":true,"href":"https:\/\/parapharmacieenligne.ma\/en\/wp-json\/wp\/v2\/media\/18300"}],"wp:attachment":[{"href":"https:\/\/parapharmacieenligne.ma\/en\/wp-json\/wp\/v2\/media?parent=18301"}],"wp:term":[{"taxonomy":"product_cat","embeddable":true,"href":"https:\/\/parapharmacieenligne.ma\/en\/wp-json\/wp\/v2\/product_cat?post=18301"},{"taxonomy":"product_tag","embeddable":true,"href":"https:\/\/parapharmacieenligne.ma\/en\/wp-json\/wp\/v2\/product_tag?post=18301"},{"taxonomy":"yith_product_brand","embeddable":true,"href":"https:\/\/parapharmacieenligne.ma\/en\/wp-json\/wp\/v2\/yith_product_brand?post=18301"}],"curies":[{"name":"wp","href":"https:\/\/api.w.org\/{rel}","templated":true}]}}