{"id":18395,"date":"2026-03-20T20:04:10","date_gmt":"2026-03-20T19:04:10","guid":{"rendered":"https:\/\/parapharmacieenligne.ma\/?post_type=product&#038;p=18395"},"modified":"2026-03-20T20:04:18","modified_gmt":"2026-03-20T19:04:18","slug":"babe-aloe-vera-300-ml","status":"publish","type":"product","link":"https:\/\/parapharmacieenligne.ma\/en\/product\/babe-aloe-vera-300-ml\/","title":{"rendered":"BABE ALOE VERA 300 ML"},"content":{"rendered":"<p>Notre peau peut parfois \u00eatre irrit\u00e9e apr\u00e8s des agressions ext\u00e9rieures comme une exposition prolong\u00e9e au soleil, un rasage ou une \u00e9pilation. Dans certains cas, notre peau a besoin d&rsquo;une hydratation profonde pour apaiser et adoucir. L&rsquo;alo\u00e9 vera permet d&rsquo;apporter \u00e0 la peau une hydratation rafra\u00eechissante, qui ne colle pas, et une sensation d&rsquo;apaisement imm\u00e9diate apr\u00e8s l&rsquo;application, laissant la peau douce et fra\u00eeche. Sa texture gel tr\u00e8s l\u00e9g\u00e8re, vous apporte une hydratation et une r\u00e9paration profondes, elle convient tr\u00e8s bien aux peaux qui ont tendance \u00e0 transpirer.<\/p>\n<p>Conseils d&rsquo;utilisation:<\/p>\n<p>Appliquez en massant l\u00e9g\u00e8rement sur une peau propre et s\u00e8che et attendez que le produit p\u00e9n\u00e8tre compl\u00e8tement. Vous pouvez r\u00e9appliquer autant de fois que n\u00e9cessaire dans la journ\u00e9e.<\/p>","protected":false},"excerpt":{"rendered":"<p>Notre peau peut parfois \u00eatre irrit\u00e9e apr\u00e8s des agressions ext\u00e9rieures comme une exposition prolong\u00e9e au soleil, un rasage ou une \u00e9pilation. Dans&hellip;<\/p>","protected":false},"featured_media":18394,"comment_status":"open","ping_status":"closed","template":"","meta":[],"product_cat":[83],"product_tag":[],"yith_product_brand":[146],"class_list":{"0":"post-18395","1":"product","2":"type-product","3":"status-publish","4":"has-post-thumbnail","6":"product_cat-soins-visage","7":"yith_product_brand-babe","9":"first","10":"instock","11":"sale","12":"shipping-taxable","13":"purchasable","14":"product-type-simple"},"_links":{"self":[{"href":"https:\/\/parapharmacieenligne.ma\/en\/wp-json\/wp\/v2\/product\/18395","targetHints":{"allow":["GET"]}}],"collection":[{"href":"https:\/\/parapharmacieenligne.ma\/en\/wp-json\/wp\/v2\/product"}],"about":[{"href":"https:\/\/parapharmacieenligne.ma\/en\/wp-json\/wp\/v2\/types\/product"}],"replies":[{"embeddable":true,"href":"https:\/\/parapharmacieenligne.ma\/en\/wp-json\/wp\/v2\/comments?post=18395"}],"version-history":[{"count":1,"href":"https:\/\/parapharmacieenligne.ma\/en\/wp-json\/wp\/v2\/product\/18395\/revisions"}],"predecessor-version":[{"id":18396,"href":"https:\/\/parapharmacieenligne.ma\/en\/wp-json\/wp\/v2\/product\/18395\/revisions\/18396"}],"wp:featuredmedia":[{"embeddable":true,"href":"https:\/\/parapharmacieenligne.ma\/en\/wp-json\/wp\/v2\/media\/18394"}],"wp:attachment":[{"href":"https:\/\/parapharmacieenligne.ma\/en\/wp-json\/wp\/v2\/media?parent=18395"}],"wp:term":[{"taxonomy":"product_cat","embeddable":true,"href":"https:\/\/parapharmacieenligne.ma\/en\/wp-json\/wp\/v2\/product_cat?post=18395"},{"taxonomy":"product_tag","embeddable":true,"href":"https:\/\/parapharmacieenligne.ma\/en\/wp-json\/wp\/v2\/product_tag?post=18395"},{"taxonomy":"yith_product_brand","embeddable":true,"href":"https:\/\/parapharmacieenligne.ma\/en\/wp-json\/wp\/v2\/yith_product_brand?post=18395"}],"curies":[{"name":"wp","href":"https:\/\/api.w.org\/{rel}","templated":true}]}}