{"id":18398,"date":"2026-03-20T20:04:26","date_gmt":"2026-03-20T19:04:26","guid":{"rendered":"https:\/\/parapharmacieenligne.ma\/?post_type=product&#038;p=18398"},"modified":"2026-03-20T20:04:32","modified_gmt":"2026-03-20T19:04:32","slug":"babe-stop-akn-gel-assechant-8-ml","status":"publish","type":"product","link":"https:\/\/parapharmacieenligne.ma\/en\/product\/babe-stop-akn-gel-assechant-8-ml\/","title":{"rendered":"BABE STOP AKN GEL ASSECHANT 8 ML"},"content":{"rendered":"<p>Lorsque des boutons appara\u00eessent sur la peau, il est recommand\u00e9 de ne pas les toucher. Appliquez le Gel anti-boutons pour vous en d\u00e9barrasser sans laisser de marques ni de cicatrices. Sa texture gel transparente permet d&rsquo;appliquer le produit n&rsquo;importe o\u00f9 et sans se faire remarquer. Laissez-le agir sur le bouton ou l&rsquo;imperfection afin que sa formule ass\u00e9chante concentr\u00e9e agisse pour r\u00e9duire et cicatriser. Vous pouvez \u00e9galement l&rsquo;utiliser pour pr\u00e9venir l&rsquo;apparition de boutons ou sur le point d&rsquo;\u00e9merger.<\/p>\n<p>Conseils d&rsquo;utilisation:<\/p>\n<p>Appliquez-le 2 \u00e0 3 fois par jour sur le bouton ou l&rsquo;imperfection \u00e0 traiter. Laisser agir le produit sans rincer. \u00c9vitez le contact avec le contour des yeux.<\/p>","protected":false},"excerpt":{"rendered":"<p>Lorsque des boutons appara\u00eessent sur la peau, il est recommand\u00e9 de ne pas les toucher. Appliquez le Gel anti-boutons pour vous en&hellip;<\/p>","protected":false},"featured_media":18397,"comment_status":"open","ping_status":"closed","template":"","meta":[],"product_cat":[83],"product_tag":[],"yith_product_brand":[146],"class_list":{"0":"post-18398","1":"product","2":"type-product","3":"status-publish","4":"has-post-thumbnail","6":"product_cat-soins-visage","7":"yith_product_brand-babe","9":"first","10":"instock","11":"sale","12":"shipping-taxable","13":"purchasable","14":"product-type-simple"},"_links":{"self":[{"href":"https:\/\/parapharmacieenligne.ma\/en\/wp-json\/wp\/v2\/product\/18398","targetHints":{"allow":["GET"]}}],"collection":[{"href":"https:\/\/parapharmacieenligne.ma\/en\/wp-json\/wp\/v2\/product"}],"about":[{"href":"https:\/\/parapharmacieenligne.ma\/en\/wp-json\/wp\/v2\/types\/product"}],"replies":[{"embeddable":true,"href":"https:\/\/parapharmacieenligne.ma\/en\/wp-json\/wp\/v2\/comments?post=18398"}],"version-history":[{"count":1,"href":"https:\/\/parapharmacieenligne.ma\/en\/wp-json\/wp\/v2\/product\/18398\/revisions"}],"predecessor-version":[{"id":18399,"href":"https:\/\/parapharmacieenligne.ma\/en\/wp-json\/wp\/v2\/product\/18398\/revisions\/18399"}],"wp:featuredmedia":[{"embeddable":true,"href":"https:\/\/parapharmacieenligne.ma\/en\/wp-json\/wp\/v2\/media\/18397"}],"wp:attachment":[{"href":"https:\/\/parapharmacieenligne.ma\/en\/wp-json\/wp\/v2\/media?parent=18398"}],"wp:term":[{"taxonomy":"product_cat","embeddable":true,"href":"https:\/\/parapharmacieenligne.ma\/en\/wp-json\/wp\/v2\/product_cat?post=18398"},{"taxonomy":"product_tag","embeddable":true,"href":"https:\/\/parapharmacieenligne.ma\/en\/wp-json\/wp\/v2\/product_tag?post=18398"},{"taxonomy":"yith_product_brand","embeddable":true,"href":"https:\/\/parapharmacieenligne.ma\/en\/wp-json\/wp\/v2\/yith_product_brand?post=18398"}],"curies":[{"name":"wp","href":"https:\/\/api.w.org\/{rel}","templated":true}]}}