{"id":18404,"date":"2026-03-20T20:04:56","date_gmt":"2026-03-20T19:04:56","guid":{"rendered":"https:\/\/parapharmacieenligne.ma\/?post_type=product&#038;p=18404"},"modified":"2026-03-20T20:05:02","modified_gmt":"2026-03-20T19:05:02","slug":"babe-stop-akn-gel-nettoyant-purifiant-peaux-grasses-200-ml","status":"publish","type":"product","link":"https:\/\/parapharmacieenligne.ma\/en\/product\/babe-stop-akn-gel-nettoyant-purifiant-peaux-grasses-200-ml\/","title":{"rendered":"BABE STOP AKN GEL NETTOYANT PURIFIANT PEAUX GRASSES 200 ML"},"content":{"rendered":"<p>Le nettoyage est une \u00e9tape fondamentale pour les peaux grasses ou \u00e0 tendance acn\u00e9ique. Si vous avez ce type de peau, vous appr\u00e9cierez la sensation de fra\u00eecheur et de nettoyage en profondeur sur votre visage. Le Gel Nettoyant Purifiant est un savon pour le visage \u00e0 la texture gel qui, au contact de la peau et de l&rsquo;eau, forme une fine mousse qui nettoie en profondeur, laissant la peau 100% fra\u00eeche et d\u00e9barrass\u00e9e des impuret\u00e9s. Sa formule contient des actifs s\u00e9bo-r\u00e9gulateurs qui freinent l&rsquo;exc\u00e8s de s\u00e9bum et contr\u00f4lent l&rsquo;apparition des boutons et de l&rsquo;acn\u00e9. Gel \u00e0 rincer rafra\u00eechissant et moussant qui \u00e9limine les impuret\u00e9s et aide \u00e0 contr\u00f4ler l&rsquo;exc\u00e8s de s\u00e9bum et la brillance du visage sans irriter la peau.<\/p>\n<p>Conseils d&rsquo;utilisation:<\/p>\n<p>Utilisez-le comme premi\u00e8re \u00e9tape pour nettoyer votre peau matin et soir. Appliquez sur le visage humide avec un l\u00e9ger massage et rincez abondamment \u00e0 l&rsquo;eau. \u00c9vitez le contact avec le contour des yeux.<\/p>","protected":false},"excerpt":{"rendered":"<p>Le nettoyage est une \u00e9tape fondamentale pour les peaux grasses ou \u00e0 tendance acn\u00e9ique. Si vous avez ce type de peau, vous&hellip;<\/p>","protected":false},"featured_media":18403,"comment_status":"open","ping_status":"closed","template":"","meta":[],"product_cat":[83],"product_tag":[],"yith_product_brand":[146],"class_list":{"0":"post-18404","1":"product","2":"type-product","3":"status-publish","4":"has-post-thumbnail","6":"product_cat-soins-visage","7":"yith_product_brand-babe","9":"first","10":"instock","11":"sale","12":"shipping-taxable","13":"purchasable","14":"product-type-simple"},"_links":{"self":[{"href":"https:\/\/parapharmacieenligne.ma\/en\/wp-json\/wp\/v2\/product\/18404","targetHints":{"allow":["GET"]}}],"collection":[{"href":"https:\/\/parapharmacieenligne.ma\/en\/wp-json\/wp\/v2\/product"}],"about":[{"href":"https:\/\/parapharmacieenligne.ma\/en\/wp-json\/wp\/v2\/types\/product"}],"replies":[{"embeddable":true,"href":"https:\/\/parapharmacieenligne.ma\/en\/wp-json\/wp\/v2\/comments?post=18404"}],"version-history":[{"count":1,"href":"https:\/\/parapharmacieenligne.ma\/en\/wp-json\/wp\/v2\/product\/18404\/revisions"}],"predecessor-version":[{"id":18405,"href":"https:\/\/parapharmacieenligne.ma\/en\/wp-json\/wp\/v2\/product\/18404\/revisions\/18405"}],"wp:featuredmedia":[{"embeddable":true,"href":"https:\/\/parapharmacieenligne.ma\/en\/wp-json\/wp\/v2\/media\/18403"}],"wp:attachment":[{"href":"https:\/\/parapharmacieenligne.ma\/en\/wp-json\/wp\/v2\/media?parent=18404"}],"wp:term":[{"taxonomy":"product_cat","embeddable":true,"href":"https:\/\/parapharmacieenligne.ma\/en\/wp-json\/wp\/v2\/product_cat?post=18404"},{"taxonomy":"product_tag","embeddable":true,"href":"https:\/\/parapharmacieenligne.ma\/en\/wp-json\/wp\/v2\/product_tag?post=18404"},{"taxonomy":"yith_product_brand","embeddable":true,"href":"https:\/\/parapharmacieenligne.ma\/en\/wp-json\/wp\/v2\/yith_product_brand?post=18404"}],"curies":[{"name":"wp","href":"https:\/\/api.w.org\/{rel}","templated":true}]}}