{"id":18407,"date":"2026-03-20T20:05:14","date_gmt":"2026-03-20T19:05:14","guid":{"rendered":"https:\/\/parapharmacieenligne.ma\/?post_type=product&#038;p=18407"},"modified":"2026-03-20T20:05:20","modified_gmt":"2026-03-20T19:05:20","slug":"babe-stop-akn-hydratant-matifiant-50-ml","status":"publish","type":"product","link":"https:\/\/parapharmacieenligne.ma\/en\/product\/babe-stop-akn-hydratant-matifiant-50-ml\/","title":{"rendered":"BABE STOP AKN HYDRATANT MATIFIANT 50 ML"},"content":{"rendered":"<p>Lorsque vous avez une peau grasse ou acn\u00e9ique, il est important d&rsquo;utiliser une cr\u00e8me hydratante pour emp\u00eacher la d\u00e9shydratation, facteur qui pourrait faire empirer la condition existante. La cr\u00e8me hydratante mattifiante a une texture tr\u00e8s l\u00e9g\u00e8re qui hydrate et r\u00e9gule la production de s\u00e9bum et diminue la brillance. Sa formule est enrichie avec 4% de Niacinamide, elle hydrate tout en promotant une action antibiotique contre les bact\u00e9ries caus\u00e9es par l&rsquo;acn\u00e9. Elle a un effet matifiant \u00e0 l&rsquo;application gr\u00e2ce \u00e0 des poudres mattifiantes dans sa composition.<\/p>\n<p>Conseils d&rsquo;utilisation:<\/p>\n<p>Appliquez-la apr\u00e8s le tonique en troisi\u00e8me \u00e9tape. S&rsquo;utilise le matin et le soir sur une peau propre, s\u00e8che jusqu&rsquo;\u00e0 absorption compl\u00e8te.<\/p>","protected":false},"excerpt":{"rendered":"<p>Lorsque vous avez une peau grasse ou acn\u00e9ique, il est important d&rsquo;utiliser une cr\u00e8me hydratante pour emp\u00eacher la d\u00e9shydratation, facteur qui pourrait&hellip;<\/p>","protected":false},"featured_media":18406,"comment_status":"open","ping_status":"closed","template":"","meta":[],"product_cat":[83],"product_tag":[],"yith_product_brand":[146],"class_list":{"0":"post-18407","1":"product","2":"type-product","3":"status-publish","4":"has-post-thumbnail","6":"product_cat-soins-visage","7":"yith_product_brand-babe","9":"first","10":"instock","11":"sale","12":"shipping-taxable","13":"purchasable","14":"product-type-simple"},"_links":{"self":[{"href":"https:\/\/parapharmacieenligne.ma\/en\/wp-json\/wp\/v2\/product\/18407","targetHints":{"allow":["GET"]}}],"collection":[{"href":"https:\/\/parapharmacieenligne.ma\/en\/wp-json\/wp\/v2\/product"}],"about":[{"href":"https:\/\/parapharmacieenligne.ma\/en\/wp-json\/wp\/v2\/types\/product"}],"replies":[{"embeddable":true,"href":"https:\/\/parapharmacieenligne.ma\/en\/wp-json\/wp\/v2\/comments?post=18407"}],"version-history":[{"count":1,"href":"https:\/\/parapharmacieenligne.ma\/en\/wp-json\/wp\/v2\/product\/18407\/revisions"}],"predecessor-version":[{"id":18408,"href":"https:\/\/parapharmacieenligne.ma\/en\/wp-json\/wp\/v2\/product\/18407\/revisions\/18408"}],"wp:featuredmedia":[{"embeddable":true,"href":"https:\/\/parapharmacieenligne.ma\/en\/wp-json\/wp\/v2\/media\/18406"}],"wp:attachment":[{"href":"https:\/\/parapharmacieenligne.ma\/en\/wp-json\/wp\/v2\/media?parent=18407"}],"wp:term":[{"taxonomy":"product_cat","embeddable":true,"href":"https:\/\/parapharmacieenligne.ma\/en\/wp-json\/wp\/v2\/product_cat?post=18407"},{"taxonomy":"product_tag","embeddable":true,"href":"https:\/\/parapharmacieenligne.ma\/en\/wp-json\/wp\/v2\/product_tag?post=18407"},{"taxonomy":"yith_product_brand","embeddable":true,"href":"https:\/\/parapharmacieenligne.ma\/en\/wp-json\/wp\/v2\/yith_product_brand?post=18407"}],"curies":[{"name":"wp","href":"https:\/\/api.w.org\/{rel}","templated":true}]}}