{"id":18413,"date":"2026-03-20T20:05:43","date_gmt":"2026-03-20T19:05:43","guid":{"rendered":"https:\/\/parapharmacieenligne.ma\/?post_type=product&#038;p=18413"},"modified":"2026-03-20T20:05:49","modified_gmt":"2026-03-20T19:05:49","slug":"babe-stop-akn-lotion-tonique-astringente-250-ml","status":"publish","type":"product","link":"https:\/\/parapharmacieenligne.ma\/en\/product\/babe-stop-akn-lotion-tonique-astringente-250-ml\/","title":{"rendered":"BABE STOP AKN LOTION TONIQUE ASTRINGENTE 250 ML"},"content":{"rendered":"<p>Tonique astringent adapt\u00e9 \u00e0 tous les types de peau. Particuli\u00e8rement recommand\u00e9 pour les peaux grasses\/mixtes, grasses ou \u00e0 tendance acn\u00e9ique.<\/p>\n<p>Un tonique est la deuxi\u00e8me \u00e9tape des soins de la peau apr\u00e8s le nettoyage. Dans le cas d&rsquo;une peau grasse ou \u00e0 tendance acn\u00e9ique, certains ingr\u00e9dients sp\u00e9cifiques sont n\u00e9cesaires. Notre lotion tonique astringente rafra\u00eechissante, hydrate, apaise et aide \u00e0 ass\u00e9cher les boutons. Sa formule aux actifs s\u00e9bo-r\u00e9gulateurs aide \u00e0 contr\u00f4ler l&rsquo;exc\u00e8s de s\u00e9bum, tout en pr\u00e9venant l&rsquo;apparition de l&rsquo;acn\u00e9.<\/p>\n<p>Conseils d&rsquo;utilisation:<\/p>\n<p>Utilisez-le comme deuxi\u00e8me \u00e9tape apr\u00e8s le nettoyant visage. Appliquez matin et soir sur un visage propre et sec \u00e0 l&rsquo;aide d&rsquo;un coton. \u00c9vitez le contact avec le contour des yeux.<\/p>","protected":false},"excerpt":{"rendered":"<p>Tonique astringent adapt\u00e9 \u00e0 tous les types de peau. Particuli\u00e8rement recommand\u00e9 pour les peaux grasses\/mixtes, grasses ou \u00e0 tendance acn\u00e9ique. Un tonique&hellip;<\/p>","protected":false},"featured_media":18412,"comment_status":"open","ping_status":"closed","template":"","meta":[],"product_cat":[83],"product_tag":[],"yith_product_brand":[146],"class_list":{"0":"post-18413","1":"product","2":"type-product","3":"status-publish","4":"has-post-thumbnail","6":"product_cat-soins-visage","7":"yith_product_brand-babe","9":"first","10":"instock","11":"sale","12":"shipping-taxable","13":"purchasable","14":"product-type-simple"},"_links":{"self":[{"href":"https:\/\/parapharmacieenligne.ma\/en\/wp-json\/wp\/v2\/product\/18413","targetHints":{"allow":["GET"]}}],"collection":[{"href":"https:\/\/parapharmacieenligne.ma\/en\/wp-json\/wp\/v2\/product"}],"about":[{"href":"https:\/\/parapharmacieenligne.ma\/en\/wp-json\/wp\/v2\/types\/product"}],"replies":[{"embeddable":true,"href":"https:\/\/parapharmacieenligne.ma\/en\/wp-json\/wp\/v2\/comments?post=18413"}],"version-history":[{"count":1,"href":"https:\/\/parapharmacieenligne.ma\/en\/wp-json\/wp\/v2\/product\/18413\/revisions"}],"predecessor-version":[{"id":18414,"href":"https:\/\/parapharmacieenligne.ma\/en\/wp-json\/wp\/v2\/product\/18413\/revisions\/18414"}],"wp:featuredmedia":[{"embeddable":true,"href":"https:\/\/parapharmacieenligne.ma\/en\/wp-json\/wp\/v2\/media\/18412"}],"wp:attachment":[{"href":"https:\/\/parapharmacieenligne.ma\/en\/wp-json\/wp\/v2\/media?parent=18413"}],"wp:term":[{"taxonomy":"product_cat","embeddable":true,"href":"https:\/\/parapharmacieenligne.ma\/en\/wp-json\/wp\/v2\/product_cat?post=18413"},{"taxonomy":"product_tag","embeddable":true,"href":"https:\/\/parapharmacieenligne.ma\/en\/wp-json\/wp\/v2\/product_tag?post=18413"},{"taxonomy":"yith_product_brand","embeddable":true,"href":"https:\/\/parapharmacieenligne.ma\/en\/wp-json\/wp\/v2\/yith_product_brand?post=18413"}],"curies":[{"name":"wp","href":"https:\/\/api.w.org\/{rel}","templated":true}]}}