{"id":18416,"date":"2026-03-20T20:05:57","date_gmt":"2026-03-20T19:05:57","guid":{"rendered":"https:\/\/parapharmacieenligne.ma\/?post_type=product&#038;p=18416"},"modified":"2026-03-20T20:06:06","modified_gmt":"2026-03-20T19:06:06","slug":"babe-pediatric-lait-corps-hydratant-500-ml","status":"publish","type":"product","link":"https:\/\/parapharmacieenligne.ma\/en\/product\/babe-pediatric-lait-corps-hydratant-500-ml\/","title":{"rendered":"BABE PEDIATRIC LAIT CORPS HYDRATANT 500 ML"},"content":{"rendered":"<p>Lait hydratant p\u00e9diatrique formul\u00e9 pour la peau d\u00e9licate des b\u00e9b\u00e9s et des enfants.<\/p>\n<p>D&rsquo;une texture fluide qui p\u00e9n\u00e8tre rapidement, il est id\u00e9al pour une application en massages corporels dans les premiers mois de la vie.<\/p>\n<p>Nourrit, apaise et adoucit m\u00eame les peaux les plus sensibles.<\/p>\n<p>Conseils d&rsquo;utilisation:<\/p>\n<p>Appliquez une petite quantit\u00e9 de produit dans votre main et \u00e9talez doucement sur le corps du b\u00e9b\u00e9 ou de l&rsquo;enfant jusqu&rsquo;\u00e0 absorption compl\u00e8te.<\/p>","protected":false},"excerpt":{"rendered":"<p>Lait hydratant p\u00e9diatrique formul\u00e9 pour la peau d\u00e9licate des b\u00e9b\u00e9s et des enfants. D&rsquo;une texture fluide qui p\u00e9n\u00e8tre rapidement, il est id\u00e9al&hellip;<\/p>","protected":false},"featured_media":18415,"comment_status":"open","ping_status":"closed","template":"","meta":[],"product_cat":[87,85,83],"product_tag":[],"yith_product_brand":[146],"class_list":{"0":"post-18416","1":"product","2":"type-product","3":"status-publish","4":"has-post-thumbnail","6":"product_cat-bebe-et-maman","7":"product_cat-soins-corps","8":"product_cat-soins-visage","9":"yith_product_brand-babe","11":"first","12":"instock","13":"sale","14":"shipping-taxable","15":"purchasable","16":"product-type-simple"},"_links":{"self":[{"href":"https:\/\/parapharmacieenligne.ma\/en\/wp-json\/wp\/v2\/product\/18416","targetHints":{"allow":["GET"]}}],"collection":[{"href":"https:\/\/parapharmacieenligne.ma\/en\/wp-json\/wp\/v2\/product"}],"about":[{"href":"https:\/\/parapharmacieenligne.ma\/en\/wp-json\/wp\/v2\/types\/product"}],"replies":[{"embeddable":true,"href":"https:\/\/parapharmacieenligne.ma\/en\/wp-json\/wp\/v2\/comments?post=18416"}],"version-history":[{"count":1,"href":"https:\/\/parapharmacieenligne.ma\/en\/wp-json\/wp\/v2\/product\/18416\/revisions"}],"predecessor-version":[{"id":18417,"href":"https:\/\/parapharmacieenligne.ma\/en\/wp-json\/wp\/v2\/product\/18416\/revisions\/18417"}],"wp:featuredmedia":[{"embeddable":true,"href":"https:\/\/parapharmacieenligne.ma\/en\/wp-json\/wp\/v2\/media\/18415"}],"wp:attachment":[{"href":"https:\/\/parapharmacieenligne.ma\/en\/wp-json\/wp\/v2\/media?parent=18416"}],"wp:term":[{"taxonomy":"product_cat","embeddable":true,"href":"https:\/\/parapharmacieenligne.ma\/en\/wp-json\/wp\/v2\/product_cat?post=18416"},{"taxonomy":"product_tag","embeddable":true,"href":"https:\/\/parapharmacieenligne.ma\/en\/wp-json\/wp\/v2\/product_tag?post=18416"},{"taxonomy":"yith_product_brand","embeddable":true,"href":"https:\/\/parapharmacieenligne.ma\/en\/wp-json\/wp\/v2\/yith_product_brand?post=18416"}],"curies":[{"name":"wp","href":"https:\/\/api.w.org\/{rel}","templated":true}]}}