{"id":18419,"date":"2026-03-20T20:06:13","date_gmt":"2026-03-20T19:06:13","guid":{"rendered":"https:\/\/parapharmacieenligne.ma\/?post_type=product&#038;p=18419"},"modified":"2026-03-20T20:06:21","modified_gmt":"2026-03-20T19:06:21","slug":"babe-pediatric-shampooing-extra-doux-200-ml","status":"publish","type":"product","link":"https:\/\/parapharmacieenligne.ma\/en\/product\/babe-pediatric-shampooing-extra-doux-200-ml\/","title":{"rendered":"BABE PEDIATRIC SHAMPOOING EXTRA DOUX 200 ML"},"content":{"rendered":"<p>Shampooing extra doux adapt\u00e9 au cuir chevelu d\u00e9licat des b\u00e9b\u00e9s et des enfants. Nettoie avec la plus grande douceur pour des cheveux soign\u00e9s, hydrat\u00e9s et brillants.<\/p>\n<p>Formule adapt\u00e9e au pH des larmes des plus petits pour ne pas piquer les yeux.<\/p>\n<p>Conseils d&rsquo;utilisation:<\/p>\n<p>Appliquer une petite quantit\u00e9 de produit dans la main et masser dans les cheveux du b\u00e9b\u00e9 ou de l&rsquo;enfant, pr\u00e9alablement humidifi\u00e9s avec de l&rsquo;eau. Une fois que vous avez savonn\u00e9 les cheveux, rincez abondamment \u00e0 l&rsquo;eau. Vous pouvez l&rsquo;utiliser quotidiennement.<\/p>","protected":false},"excerpt":{"rendered":"<p>Shampooing extra doux adapt\u00e9 au cuir chevelu d\u00e9licat des b\u00e9b\u00e9s et des enfants. Nettoie avec la plus grande douceur pour des cheveux&hellip;<\/p>","protected":false},"featured_media":18418,"comment_status":"open","ping_status":"closed","template":"","meta":[],"product_cat":[87,85,83],"product_tag":[],"yith_product_brand":[146],"class_list":{"0":"post-18419","1":"product","2":"type-product","3":"status-publish","4":"has-post-thumbnail","6":"product_cat-bebe-et-maman","7":"product_cat-soins-corps","8":"product_cat-soins-visage","9":"yith_product_brand-babe","11":"first","12":"instock","13":"sale","14":"shipping-taxable","15":"purchasable","16":"product-type-simple"},"_links":{"self":[{"href":"https:\/\/parapharmacieenligne.ma\/en\/wp-json\/wp\/v2\/product\/18419","targetHints":{"allow":["GET"]}}],"collection":[{"href":"https:\/\/parapharmacieenligne.ma\/en\/wp-json\/wp\/v2\/product"}],"about":[{"href":"https:\/\/parapharmacieenligne.ma\/en\/wp-json\/wp\/v2\/types\/product"}],"replies":[{"embeddable":true,"href":"https:\/\/parapharmacieenligne.ma\/en\/wp-json\/wp\/v2\/comments?post=18419"}],"version-history":[{"count":1,"href":"https:\/\/parapharmacieenligne.ma\/en\/wp-json\/wp\/v2\/product\/18419\/revisions"}],"predecessor-version":[{"id":18420,"href":"https:\/\/parapharmacieenligne.ma\/en\/wp-json\/wp\/v2\/product\/18419\/revisions\/18420"}],"wp:featuredmedia":[{"embeddable":true,"href":"https:\/\/parapharmacieenligne.ma\/en\/wp-json\/wp\/v2\/media\/18418"}],"wp:attachment":[{"href":"https:\/\/parapharmacieenligne.ma\/en\/wp-json\/wp\/v2\/media?parent=18419"}],"wp:term":[{"taxonomy":"product_cat","embeddable":true,"href":"https:\/\/parapharmacieenligne.ma\/en\/wp-json\/wp\/v2\/product_cat?post=18419"},{"taxonomy":"product_tag","embeddable":true,"href":"https:\/\/parapharmacieenligne.ma\/en\/wp-json\/wp\/v2\/product_tag?post=18419"},{"taxonomy":"yith_product_brand","embeddable":true,"href":"https:\/\/parapharmacieenligne.ma\/en\/wp-json\/wp\/v2\/yith_product_brand?post=18419"}],"curies":[{"name":"wp","href":"https:\/\/api.w.org\/{rel}","templated":true}]}}